{"id":34044,"date":"2026-05-08T12:32:58","date_gmt":"2026-05-08T10:32:58","guid":{"rendered":"https:\/\/szkoladoktorska.pk.edu.pl\/?page_id=34044"},"modified":"2026-05-08T12:40:36","modified_gmt":"2026-05-08T10:40:36","slug":"doktorat-wdrozeniowy-edycja-vii-2023-r","status":"publish","type":"page","link":"https:\/\/szkoladoktorska.pk.edu.pl\/en\/doctoral-school-archive\/the-implementation-doctorate-program-archive\/doktorat-wdrozeniowy-edycja-vii-2023-r\/","title":{"rendered":"Doktorat wdro\u017ceniowy \u2013 edycja VII (2023 r.)"},"content":{"rendered":"\n<p><strong>Informacje MEiN:<\/strong><\/p>\n\n\n\n<div class=\"wp-block-file\"><a id=\"wp-block-file--media-13fb2534-df56-41f0-a6f6-65d1c72004b3\" href=\"https:\/\/szkoladoktorska.pk.edu.pl\/wp-content\/uploads\/2026\/05\/Komunikat_Ministra_Nauki_i_Szkolnictwa_Wyzszego_VII_edycja_2023.pdf\">KOMUNIKAT MINISTRA NAUKI I SZKOLNICTWA WY\u017bSZEGO o ustanowieniu programu pod nazw\u0105 \u201eDoktorat wdro\u017ceniowy 2023\u201d i naborze wniosk\u00f3w<\/a><a href=\"https:\/\/szkoladoktorska.pk.edu.pl\/wp-content\/uploads\/2026\/05\/Komunikat_Ministra_Nauki_i_Szkolnictwa_Wyzszego_VII_edycja_2023.pdf\" class=\"wp-block-file__button wp-element-button\" download aria-describedby=\"wp-block-file--media-13fb2534-df56-41f0-a6f6-65d1c72004b3\">Pobierz<\/a><\/div>\n\n\n\n<div class=\"wp-block-file\"><a id=\"wp-block-file--media-0dafc320-f566-4e13-93e4-6d1fd78163fd\" href=\"https:\/\/szkoladoktorska.pk.edu.pl\/wp-content\/uploads\/2026\/05\/Szczegolowy_zakres_informacji_zawartych_we_wniosku_DW_VII_2023.pdf\">Szczeg\u00f3\u0142owy zakres informacji zawartych we wniosku sk\u0142adanym w ramach programu \u201eDoktorat Wdro\u017ceniowy 2023\u201d<\/a><a href=\"https:\/\/szkoladoktorska.pk.edu.pl\/wp-content\/uploads\/2026\/05\/Szczegolowy_zakres_informacji_zawartych_we_wniosku_DW_VII_2023.pdf\" class=\"wp-block-file__button wp-element-button\" download aria-describedby=\"wp-block-file--media-0dafc320-f566-4e13-93e4-6d1fd78163fd\">Pobierz<\/a><\/div>\n","protected":false},"excerpt":{"rendered":"<p>Informacje MEiN:<\/p>\n","protected":false},"author":916,"featured_media":22717,"parent":24825,"menu_order":0,"comment_status":"closed","ping_status":"closed","template":"","meta":{"_acf_changed":false,"inline_featured_image":false,"_uag_custom_page_level_css":"","site-sidebar-layout":"default","site-content-layout":"","ast-site-content-layout":"default","site-content-style":"default","site-sidebar-style":"default","ast-global-header-display":"","ast-banner-title-visibility":"","ast-main-header-display":"","ast-hfb-above-header-display":"","ast-hfb-below-header-display":"","ast-hfb-mobile-header-display":"","site-post-title":"","ast-breadcrumbs-content":"","ast-featured-img":"","footer-sml-layout":"","ast-disable-related-posts":"","theme-transparent-header-meta":"","adv-header-id-meta":"","stick-header-meta":"","header-above-stick-meta":"","header-main-stick-meta":"","header-below-stick-meta":"","astra-migrate-meta-layouts":"set","ast-page-background-enabled":"default","ast-page-background-meta":{"desktop":{"background-color":"var(--ast-global-color-4)","background-image":"","background-repeat":"repeat","background-position":"center center","background-size":"auto","background-attachment":"scroll","background-type":"","background-media":"","overlay-type":"","overlay-color":"","overlay-opacity":"","overlay-gradient":""},"tablet":{"background-color":"","background-image":"","background-repeat":"repeat","background-position":"center center","background-size":"auto","background-attachment":"scroll","background-type":"","background-media":"","overlay-type":"","overlay-color":"","overlay-opacity":"","overlay-gradient":""},"mobile":{"background-color":"","background-image":"","background-repeat":"repeat","background-position":"center center","background-size":"auto","background-attachment":"scroll","background-type":"","background-media":"","overlay-type":"","overlay-color":"","overlay-opacity":"","overlay-gradient":""}},"ast-content-background-meta":{"desktop":{"background-color":"var(--ast-global-color-5)","background-image":"","background-repeat":"repeat","background-position":"center center","background-size":"auto","background-attachment":"scroll","background-type":"","background-media":"","overlay-type":"","overlay-color":"","overlay-opacity":"","overlay-gradient":""},"tablet":{"background-color":"var(--ast-global-color-5)","background-image":"","background-repeat":"repeat","background-position":"center center","background-size":"auto","background-attachment":"scroll","background-type":"","background-media":"","overlay-type":"","overlay-color":"","overlay-opacity":"","overlay-gradient":""},"mobile":{"background-color":"var(--ast-global-color-5)","background-image":"","background-repeat":"repeat","background-position":"center center","background-size":"auto","background-attachment":"scroll","background-type":"","background-media":"","overlay-type":"","overlay-color":"","overlay-opacity":"","overlay-gradient":""}},"footnotes":""},"class_list":["post-34044","page","type-page","status-publish","has-post-thumbnail","hentry"],"acf":[],"featured_image_src":"https:\/\/szkoladoktorska.pk.edu.pl\/wp-content\/uploads\/2024\/03\/niebieskie-tlo-symbol.png","uagb_featured_image_src":{"full":["https:\/\/szkoladoktorska.pk.edu.pl\/wp-content\/uploads\/2024\/03\/niebieskie-tlo-symbol.png",1200,675,false],"thumbnail":["https:\/\/szkoladoktorska.pk.edu.pl\/wp-content\/uploads\/2024\/03\/niebieskie-tlo-symbol-150x150.png",150,150,true],"medium":["https:\/\/szkoladoktorska.pk.edu.pl\/wp-content\/uploads\/2024\/03\/niebieskie-tlo-symbol-300x169.png",300,169,true],"medium_large":["https:\/\/szkoladoktorska.pk.edu.pl\/wp-content\/uploads\/2024\/03\/niebieskie-tlo-symbol-768x432.png",768,432,true],"large":["https:\/\/szkoladoktorska.pk.edu.pl\/wp-content\/uploads\/2024\/03\/niebieskie-tlo-symbol-1024x576.png",1024,576,true],"1536x1536":["https:\/\/szkoladoktorska.pk.edu.pl\/wp-content\/uploads\/2024\/03\/niebieskie-tlo-symbol.png",1200,675,false],"2048x2048":["https:\/\/szkoladoktorska.pk.edu.pl\/wp-content\/uploads\/2024\/03\/niebieskie-tlo-symbol.png",1200,675,false]},"uagb_author_info":{"display_name":"plenart","author_link":"https:\/\/szkoladoktorska.pk.edu.pl\/en\/author\/plenart\/"},"uagb_comment_info":0,"uagb_excerpt":"Informacje MEiN:","_links":{"self":[{"href":"https:\/\/szkoladoktorska.pk.edu.pl\/en\/wp-json\/wp\/v2\/pages\/34044","targetHints":{"allow":["GET"]}}],"collection":[{"href":"https:\/\/szkoladoktorska.pk.edu.pl\/en\/wp-json\/wp\/v2\/pages"}],"about":[{"href":"https:\/\/szkoladoktorska.pk.edu.pl\/en\/wp-json\/wp\/v2\/types\/page"}],"author":[{"embeddable":true,"href":"https:\/\/szkoladoktorska.pk.edu.pl\/en\/wp-json\/wp\/v2\/users\/916"}],"replies":[{"embeddable":true,"href":"https:\/\/szkoladoktorska.pk.edu.pl\/en\/wp-json\/wp\/v2\/comments?post=34044"}],"version-history":[{"count":1,"href":"https:\/\/szkoladoktorska.pk.edu.pl\/en\/wp-json\/wp\/v2\/pages\/34044\/revisions"}],"predecessor-version":[{"id":34050,"href":"https:\/\/szkoladoktorska.pk.edu.pl\/en\/wp-json\/wp\/v2\/pages\/34044\/revisions\/34050"}],"up":[{"embeddable":true,"href":"https:\/\/szkoladoktorska.pk.edu.pl\/en\/wp-json\/wp\/v2\/pages\/24825"}],"wp:featuredmedia":[{"embeddable":true,"href":"https:\/\/szkoladoktorska.pk.edu.pl\/en\/wp-json\/wp\/v2\/media\/22717"}],"wp:attachment":[{"href":"https:\/\/szkoladoktorska.pk.edu.pl\/en\/wp-json\/wp\/v2\/media?parent=34044"}],"curies":[{"name":"wp","href":"https:\/\/api.w.org\/{rel}","templated":true}]}}