{"id":34042,"date":"2023-08-31T08:41:34","date_gmt":"2023-08-31T06:41:34","guid":{"rendered":"https:\/\/szkoladoktorska.pk.edu.pl\/?page_id=34042"},"modified":"2026-05-08T12:40:07","modified_gmt":"2026-05-08T10:40:07","slug":"doktorat-wdrozeniowy-edycja-v","status":"publish","type":"page","link":"https:\/\/szkoladoktorska.pk.edu.pl\/en\/doctoral-school-archive\/the-implementation-doctorate-program-archive\/doktorat-wdrozeniowy-edycja-v\/","title":{"rendered":"Doktorat Wdro\u017ceniowy &#8211; edycja V"},"content":{"rendered":"\n<p>PROCEDURA KORZYSTANIA ZE \u015aRODK\u00d3W PRZEZNACZONYCH NA WYKORZYSTANIE INFRASTRUKTURY BADAWCZEJ (WIB) zosta\u0142a udost\u0119pniona w zespole &#8220;Doktorat Wdro\u017ceniowy V&#8221; (MS Teams).<\/p>\n\n\n\n<p><strong>NOWO\u015a\u0106:<\/strong>&nbsp;<a href=\"https:\/\/szkoladoktorska.pk.edu.pl\/wp-content\/uploads\/2023\/08\/sdpk-dw-procedura_wysylania_wniosku.pdf\" data-type=\"URL\" data-id=\"https:\/\/szkoladoktorska.pk.edu.pl\/wp-content\/uploads\/2023\/08\/sdpk-dw-procedura_wysylania_wniosku.pdf\">Procedura sk\u0142adania wniosku do MEiN (w systemie OSF)<\/a>.<\/p>\n\n\n\n<p>W dn. 27 kwietnia 2021 r. zosta\u0142 og\u0142oszony&nbsp;<a href=\"https:\/\/szkoladoktorska.pk.edu.pl\/wp-content\/uploads\/2023\/08\/20210427_komunikat_Doktoraty_wdrozeniowe_-_16042021-1.pdf\" data-type=\"URL\" data-id=\"https:\/\/szkoladoktorska.pk.edu.pl\/wp-content\/uploads\/2023\/08\/20210427_komunikat_Doktoraty_wdrozeniowe_-_16042021-1.pdf\">KOMUNIKAT MEiN (z dnia 16 kwietnia 2021r.) o naborze wniosk\u00f3w w ramach V edycji programu &#8220;Doktorat wdro\u017ceniowy&#8221;<\/a>&nbsp;oraz zosta\u0142 podany&nbsp;<a href=\"https:\/\/szkoladoktorska.pk.edu.pl\/wp-content\/uploads\/2023\/08\/20210427_SZCZEGOLOWY_ZAKRES_INFORMACJI_ZAWARTYCH_WE_WNIOSKU_SKLADANYM_W_RAMACH_PROGRAMU-1.pdf\" data-type=\"URL\" data-id=\"https:\/\/szkoladoktorska.pk.edu.pl\/wp-content\/uploads\/2023\/08\/20210427_SZCZEGOLOWY_ZAKRES_INFORMACJI_ZAWARTYCH_WE_WNIOSKU_SKLADANYM_W_RAMACH_PROGRAMU-1.pdf\">SZCZEG\u00d3\u0141OWY ZAKRES INFORMACJI ZAWARTYCH W TYM WNIOSKU<\/a>. Niestety nast\u0105pi\u0142y do\u015b\u0107 istotne zmiany, z kt\u00f3rych najwa\u017cniejsz\u0105 jest, \u017ce wnioski te stanowi\u0105 odr\u0119bne projekty badawcze, a nie jak to by\u0142o w IV edycji, by\u0142y cz\u0119\u015bci\u0105 jednego wsp\u00f3lnego wniosku sk\u0142adanego przez wnioskodawc\u0119 (w naszym przypadku Uczelnia).<\/p>\n\n\n\n<p><strong>Zwracamy si\u0119 z pro\u015bb\u0105 o zapoznanie si\u0119 z tre\u015bci\u0105 zamieszczanych komunikat\u00f3w&nbsp;<a href=\"https:\/\/www.gov.pl\/web\/edukacja-i-nauka\/informacje-o-programie-doktorat-wdrozeniowy\">na stronie MEiN<\/a>&nbsp;oraz&nbsp;<a href=\"https:\/\/szkoladoktorska.pk.edu.pl\/en\/the-implementation-doctorate-program\/\" data-type=\"URL\" data-id=\"https:\/\/szkoladoktorska.pk.edu.pl\/program-doktorat-wdrozeniowy\/\">SD PK<\/a>.<\/strong><\/p>\n\n\n\n<p>Prosimy promotor\u00f3w o przygotowanie danych, wg za\u0142\u0105czonych komunikat\u00f3w, a nast\u0119pnie, pocz\u0105wszy&nbsp;<strong>od 5 do 31 maja br.<\/strong>, zalogowanie si\u0119 do systemu OSF i sk\u0142adanie wniosk\u00f3w.<\/p>\n\n\n\n<p>W przypadku informacji zamieszczanych w pkt. F ppkt. 1 i 2, prosz\u0119 zwr\u00f3ci\u0107 si\u0119 do SD PK,&nbsp;<strong>po 10 maja 2021 r<\/strong>.<\/p>\n\n\n\n<p>Informacj\u0119 o sk\u0142adanym wniosku (projekcie) prosz\u0119 przekaza\u0107 do Biura Szko\u0142y Doktorskiej (wg&nbsp;<a href=\"https:\/\/szkoladoktorska.pk.edu.pl\/wp-content\/uploads\/2023\/08\/sdpk-dw-formularz_zgoszenia_zadania-v_edcja_2021-210430.docx\" data-type=\"URL\" data-id=\"https:\/\/szkoladoktorska.pk.edu.pl\/wp-content\/uploads\/2023\/08\/sdpk-dw-formularz_zgoszenia_zadania-v_edcja_2021-210430.docx\">formularza<\/a>).<\/p>\n\n\n\n<p>Skan z\u0142o\u017conego wniosku z parafk\u0105 promotora nale\u017cy przes\u0142a\u0107 na adres&nbsp;<a href=\"mailto:szkoladoktorska@pk.edu.pl\">szkoladoktorska@pk.edu.pl<\/a><\/p>\n\n\n\n<hr class=\"wp-block-separator has-alpha-channel-opacity\"\/>\n\n\n\n<p>MEiN organizuje spotkanie informacyjne w sprawie V edycji programu \u201eDoktorat wdro\u017ceniowy\u201d:&nbsp;<a href=\"https:\/\/www.gov.pl\/web\/edukacja-i-nauka\/spotkanie-informacyjne-w-sprawie-v-edycji-programu-doktorat-wdrozeniowy\">https:\/\/www.gov.pl\/web\/edukacja-i-nauka\/spotkanie-informacyjne-w-sprawie-v-edycji-programu-doktorat-wdrozeniowy<\/a>&nbsp;&#8211;&nbsp;<a href=\"https:\/\/szkoladoktorska.pk.edu.pl\/wp-content\/uploads\/2023\/08\/prezentacja_ze_spotkania_info_13_05_21_r_-2.zip\" data-type=\"URL\" data-id=\"https:\/\/szkoladoktorska.pk.edu.pl\/wp-content\/uploads\/2023\/08\/prezentacja_ze_spotkania_info_13_05_21_r_-2.zip\">prezentacja<\/a>&nbsp;ze spotkania.&nbsp;<a href=\"https:\/\/www.gov.pl\/web\/edukacja-i-nauka\/pytania-i-odpowiedzi-dotyczace-v-edycji-programu-doktorat-wdrozeniowy\">Pytania i odpowiedzi<\/a>&nbsp;dotycz\u0105ce V edycji programu Doktorat wdro\u017ceniowy.<\/p>\n\n\n\n<hr class=\"wp-block-separator has-alpha-channel-opacity\"\/>\n\n\n\n<p><a href=\"https:\/\/szkoladoktorska.pk.edu.pl\/wp-content\/uploads\/2023\/08\/sdpk_dw_najczciej-zadawane-pytania_200410-2.pdf\" data-type=\"URL\" data-id=\"https:\/\/szkoladoktorska.pk.edu.pl\/wp-content\/uploads\/2023\/08\/sdpk_dw_najczciej-zadawane-pytania_200410-2.pdf\">Najcz\u0119\u015bciej zadawane pytania<\/a>&nbsp;&#8211; opracowane przez SD PK.<\/p>\n\n\n\n<p>10.08.2021:&nbsp;<a href=\"https:\/\/www.gov.pl\/web\/edukacja-i-nauka\/lista-wnioskodawcow-ktorzy-zostali-zakwalifikowani-do-v-edycji-programu-doktorat-wdrozeniowy\">Lista Wnioskodawc\u00f3w, kt\u00f3rzy zostali zakwalifikowani do V edycji programu &#8220;Doktorat wdro\u017ceniowy&#8221;<\/a><\/p>\n\n\n\n<p>20.05.2021:&nbsp;<a href=\"https:\/\/www.gov.pl\/web\/edukacja-i-nauka\/pytania-i-odpowiedzi-dotyczace-v-edycji-programu-doktorat-wdrozeniowy\">Pytania i odpowiedzi dotycz\u0105ce V edycji programu &#8220;Doktorat wdro\u017ceniowy&#8221;<\/a><\/p>\n\n\n\n<p>30.04.2021:&nbsp;<a href=\"https:\/\/szkoladoktorska.pk.edu.pl\/wp-content\/uploads\/2023\/08\/sdpk-dw_procedura_postepowania_przy_dw_2021_210430.pdf\" data-type=\"URL\" data-id=\"https:\/\/szkoladoktorska.pk.edu.pl\/wp-content\/uploads\/2023\/08\/sdpk-dw_procedura_postepowania_przy_dw_2021_210430.pdf\">Procedura post\u0119powania<\/a><\/p>\n\n\n\n<p>27.04.2021:&nbsp;<a href=\"https:\/\/www.gov.pl\/web\/edukacja-i-nauka\/komunikat-ministra-edukacji-i-nauki-o-ustanowieniu-programu-doktorat-wdrozeniowy-i-naborze-wnioskow-od-v-edycji\">Komunikat Ministra Edukacji i Nauki o ustanowieniu programu Doktorat wdro\u017ceniowy i naborze wniosk\u00f3w od V edycji<\/a><\/p>\n","protected":false},"excerpt":{"rendered":"<p>PROCEDURA KORZYSTANIA ZE \u015aRODK\u00d3W PRZEZNACZONYCH NA WYKORZYSTANIE INFRASTRUKTURY BADAWCZEJ (WIB) zosta\u0142a udost\u0119pniona w zespole &#8220;Doktorat [&hellip;]<\/p>\n","protected":false},"author":916,"featured_media":22717,"parent":24825,"menu_order":0,"comment_status":"closed","ping_status":"closed","template":"","meta":{"_acf_changed":false,"inline_featured_image":false,"_uag_custom_page_level_css":"","site-sidebar-layout":"default","site-content-layout":"","ast-site-content-layout":"default","site-content-style":"default","site-sidebar-style":"default","ast-global-header-display":"","ast-banner-title-visibility":"","ast-main-header-display":"","ast-hfb-above-header-display":"","ast-hfb-below-header-display":"","ast-hfb-mobile-header-display":"","site-post-title":"","ast-breadcrumbs-content":"","ast-featured-img":"","footer-sml-layout":"","ast-disable-related-posts":"","theme-transparent-header-meta":"","adv-header-id-meta":"","stick-header-meta":"","header-above-stick-meta":"","header-main-stick-meta":"","header-below-stick-meta":"","astra-migrate-meta-layouts":"set","ast-page-background-enabled":"default","ast-page-background-meta":{"desktop":{"background-color":"var(--ast-global-color-4)","background-image":"","background-repeat":"repeat","background-position":"center center","background-size":"auto","background-attachment":"scroll","background-type":"","background-media":"","overlay-type":"","overlay-color":"","overlay-opacity":"","overlay-gradient":""},"tablet":{"background-color":"","background-image":"","background-repeat":"repeat","background-position":"center center","background-size":"auto","background-attachment":"scroll","background-type":"","background-media":"","overlay-type":"","overlay-color":"","overlay-opacity":"","overlay-gradient":""},"mobile":{"background-color":"","background-image":"","background-repeat":"repeat","background-position":"center center","background-size":"auto","background-attachment":"scroll","background-type":"","background-media":"","overlay-type":"","overlay-color":"","overlay-opacity":"","overlay-gradient":""}},"ast-content-background-meta":{"desktop":{"background-color":"var(--ast-global-color-5)","background-image":"","background-repeat":"repeat","background-position":"center center","background-size":"auto","background-attachment":"scroll","background-type":"","background-media":"","overlay-type":"","overlay-color":"","overlay-opacity":"","overlay-gradient":""},"tablet":{"background-color":"var(--ast-global-color-5)","background-image":"","background-repeat":"repeat","background-position":"center center","background-size":"auto","background-attachment":"scroll","background-type":"","background-media":"","overlay-type":"","overlay-color":"","overlay-opacity":"","overlay-gradient":""},"mobile":{"background-color":"var(--ast-global-color-5)","background-image":"","background-repeat":"repeat","background-position":"center center","background-size":"auto","background-attachment":"scroll","background-type":"","background-media":"","overlay-type":"","overlay-color":"","overlay-opacity":"","overlay-gradient":""}},"footnotes":""},"class_list":["post-34042","page","type-page","status-publish","has-post-thumbnail","hentry"],"acf":[],"featured_image_src":"https:\/\/szkoladoktorska.pk.edu.pl\/wp-content\/uploads\/2024\/03\/niebieskie-tlo-symbol.png","uagb_featured_image_src":{"full":["https:\/\/szkoladoktorska.pk.edu.pl\/wp-content\/uploads\/2024\/03\/niebieskie-tlo-symbol.png",1200,675,false],"thumbnail":["https:\/\/szkoladoktorska.pk.edu.pl\/wp-content\/uploads\/2024\/03\/niebieskie-tlo-symbol-150x150.png",150,150,true],"medium":["https:\/\/szkoladoktorska.pk.edu.pl\/wp-content\/uploads\/2024\/03\/niebieskie-tlo-symbol-300x169.png",300,169,true],"medium_large":["https:\/\/szkoladoktorska.pk.edu.pl\/wp-content\/uploads\/2024\/03\/niebieskie-tlo-symbol-768x432.png",768,432,true],"large":["https:\/\/szkoladoktorska.pk.edu.pl\/wp-content\/uploads\/2024\/03\/niebieskie-tlo-symbol-1024x576.png",1024,576,true],"1536x1536":["https:\/\/szkoladoktorska.pk.edu.pl\/wp-content\/uploads\/2024\/03\/niebieskie-tlo-symbol.png",1200,675,false],"2048x2048":["https:\/\/szkoladoktorska.pk.edu.pl\/wp-content\/uploads\/2024\/03\/niebieskie-tlo-symbol.png",1200,675,false]},"uagb_author_info":{"display_name":"plenart","author_link":"https:\/\/szkoladoktorska.pk.edu.pl\/en\/author\/plenart\/"},"uagb_comment_info":0,"uagb_excerpt":"PROCEDURA KORZYSTANIA ZE \u015aRODK\u00d3W PRZEZNACZONYCH NA WYKORZYSTANIE INFRASTRUKTURY BADAWCZEJ (WIB) zosta\u0142a udost\u0119pniona w zespole &#8220;Doktorat [&hellip;]","_links":{"self":[{"href":"https:\/\/szkoladoktorska.pk.edu.pl\/en\/wp-json\/wp\/v2\/pages\/34042","targetHints":{"allow":["GET"]}}],"collection":[{"href":"https:\/\/szkoladoktorska.pk.edu.pl\/en\/wp-json\/wp\/v2\/pages"}],"about":[{"href":"https:\/\/szkoladoktorska.pk.edu.pl\/en\/wp-json\/wp\/v2\/types\/page"}],"author":[{"embeddable":true,"href":"https:\/\/szkoladoktorska.pk.edu.pl\/en\/wp-json\/wp\/v2\/users\/916"}],"replies":[{"embeddable":true,"href":"https:\/\/szkoladoktorska.pk.edu.pl\/en\/wp-json\/wp\/v2\/comments?post=34042"}],"version-history":[{"count":1,"href":"https:\/\/szkoladoktorska.pk.edu.pl\/en\/wp-json\/wp\/v2\/pages\/34042\/revisions"}],"predecessor-version":[{"id":34048,"href":"https:\/\/szkoladoktorska.pk.edu.pl\/en\/wp-json\/wp\/v2\/pages\/34042\/revisions\/34048"}],"up":[{"embeddable":true,"href":"https:\/\/szkoladoktorska.pk.edu.pl\/en\/wp-json\/wp\/v2\/pages\/24825"}],"wp:featuredmedia":[{"embeddable":true,"href":"https:\/\/szkoladoktorska.pk.edu.pl\/en\/wp-json\/wp\/v2\/media\/22717"}],"wp:attachment":[{"href":"https:\/\/szkoladoktorska.pk.edu.pl\/en\/wp-json\/wp\/v2\/media?parent=34042"}],"curies":[{"name":"wp","href":"https:\/\/api.w.org\/{rel}","templated":true}]}}