{"id":34041,"date":"2023-08-31T08:45:08","date_gmt":"2023-08-31T06:45:08","guid":{"rendered":"https:\/\/szkoladoktorska.pk.edu.pl\/?page_id=34041"},"modified":"2026-05-08T12:39:43","modified_gmt":"2026-05-08T10:39:43","slug":"doktorat-wdrozeniowy-edycja-iv","status":"publish","type":"page","link":"https:\/\/szkoladoktorska.pk.edu.pl\/en\/doctoral-school-archive\/the-implementation-doctorate-program-archive\/doktorat-wdrozeniowy-edycja-iv\/","title":{"rendered":"Doktorat Wdro\u017ceniowy &#8211; edycja IV"},"content":{"rendered":"\n<p>PROCEDURA KORZYSTANIA ZE \u015aRODK\u00d3W PRZEZNACZONYCH NA WYKORZYSTANIE INFRASTRUKTURY BADAWCZEJ (WIB) zosta\u0142a udost\u0119pniona w zespole &#8220;Doktorat Wdro\u017ceniowy IV&#8221; (MS Teams).<\/p>\n\n\n\n<p>29.07.2020:&nbsp;<a href=\"https:\/\/szkoladoktorska.pk.edu.pl\/wp-content\/uploads\/2023\/08\/Lista_wnioskodawcow_zakwalifikowanych_do_IV_edycji_programu_DW.pdf\" data-type=\"URL\" data-id=\"https:\/\/szkoladoktorska.pk.edu.pl\/wp-content\/uploads\/2023\/08\/Lista_wnioskodawcow_zakwalifikowanych_do_IV_edycji_programu_DW.pdf\">Lista wnioskodawc\u00f3w, kt\u00f3rzy zostali zakwalifikowani do IV edycji programu &#8220;Doktorat wdro\u017ceniowy&#8221;<\/a><\/p>\n\n\n\n<p>28.04.2020:&nbsp;<a href=\"https:\/\/www.gov.pl\/web\/nauka\/doktoraty-wdrozeniowe---czyli-jak-wygrac-trzy-razy\">Doktoraty wdro\u017ceniowe &#8211; czyli jak wygra\u0107 trzy razy<\/a><\/p>\n\n\n\n<p>29.05.2019:&nbsp;<a href=\"https:\/\/www.gov.pl\/attachment\/43f4a5bd-50d7-46bd-a532-52365d1a85af\">Komunikat o ustanowieniu programu \u201eDoktorat wdro\u017ceniowy\u201d i naborze wniosk\u00f3w<\/a><\/p>\n","protected":false},"excerpt":{"rendered":"<p>PROCEDURA KORZYSTANIA ZE \u015aRODK\u00d3W PRZEZNACZONYCH NA WYKORZYSTANIE INFRASTRUKTURY BADAWCZEJ (WIB) zosta\u0142a udost\u0119pniona w zespole &#8220;Doktorat [&hellip;]<\/p>\n","protected":false},"author":916,"featured_media":22717,"parent":24825,"menu_order":0,"comment_status":"closed","ping_status":"closed","template":"","meta":{"_acf_changed":false,"inline_featured_image":false,"_uag_custom_page_level_css":"","site-sidebar-layout":"default","site-content-layout":"","ast-site-content-layout":"default","site-content-style":"default","site-sidebar-style":"default","ast-global-header-display":"","ast-banner-title-visibility":"","ast-main-header-display":"","ast-hfb-above-header-display":"","ast-hfb-below-header-display":"","ast-hfb-mobile-header-display":"","site-post-title":"","ast-breadcrumbs-content":"","ast-featured-img":"","footer-sml-layout":"","ast-disable-related-posts":"","theme-transparent-header-meta":"","adv-header-id-meta":"","stick-header-meta":"","header-above-stick-meta":"","header-main-stick-meta":"","header-below-stick-meta":"","astra-migrate-meta-layouts":"set","ast-page-background-enabled":"default","ast-page-background-meta":{"desktop":{"background-color":"var(--ast-global-color-4)","background-image":"","background-repeat":"repeat","background-position":"center center","background-size":"auto","background-attachment":"scroll","background-type":"","background-media":"","overlay-type":"","overlay-color":"","overlay-opacity":"","overlay-gradient":""},"tablet":{"background-color":"","background-image":"","background-repeat":"repeat","background-position":"center center","background-size":"auto","background-attachment":"scroll","background-type":"","background-media":"","overlay-type":"","overlay-color":"","overlay-opacity":"","overlay-gradient":""},"mobile":{"background-color":"","background-image":"","background-repeat":"repeat","background-position":"center center","background-size":"auto","background-attachment":"scroll","background-type":"","background-media":"","overlay-type":"","overlay-color":"","overlay-opacity":"","overlay-gradient":""}},"ast-content-background-meta":{"desktop":{"background-color":"var(--ast-global-color-5)","background-image":"","background-repeat":"repeat","background-position":"center center","background-size":"auto","background-attachment":"scroll","background-type":"","background-media":"","overlay-type":"","overlay-color":"","overlay-opacity":"","overlay-gradient":""},"tablet":{"background-color":"var(--ast-global-color-5)","background-image":"","background-repeat":"repeat","background-position":"center center","background-size":"auto","background-attachment":"scroll","background-type":"","background-media":"","overlay-type":"","overlay-color":"","overlay-opacity":"","overlay-gradient":""},"mobile":{"background-color":"var(--ast-global-color-5)","background-image":"","background-repeat":"repeat","background-position":"center center","background-size":"auto","background-attachment":"scroll","background-type":"","background-media":"","overlay-type":"","overlay-color":"","overlay-opacity":"","overlay-gradient":""}},"footnotes":""},"class_list":["post-34041","page","type-page","status-publish","has-post-thumbnail","hentry"],"acf":[],"featured_image_src":"https:\/\/szkoladoktorska.pk.edu.pl\/wp-content\/uploads\/2024\/03\/niebieskie-tlo-symbol.png","uagb_featured_image_src":{"full":["https:\/\/szkoladoktorska.pk.edu.pl\/wp-content\/uploads\/2024\/03\/niebieskie-tlo-symbol.png",1200,675,false],"thumbnail":["https:\/\/szkoladoktorska.pk.edu.pl\/wp-content\/uploads\/2024\/03\/niebieskie-tlo-symbol-150x150.png",150,150,true],"medium":["https:\/\/szkoladoktorska.pk.edu.pl\/wp-content\/uploads\/2024\/03\/niebieskie-tlo-symbol-300x169.png",300,169,true],"medium_large":["https:\/\/szkoladoktorska.pk.edu.pl\/wp-content\/uploads\/2024\/03\/niebieskie-tlo-symbol-768x432.png",768,432,true],"large":["https:\/\/szkoladoktorska.pk.edu.pl\/wp-content\/uploads\/2024\/03\/niebieskie-tlo-symbol-1024x576.png",1024,576,true],"1536x1536":["https:\/\/szkoladoktorska.pk.edu.pl\/wp-content\/uploads\/2024\/03\/niebieskie-tlo-symbol.png",1200,675,false],"2048x2048":["https:\/\/szkoladoktorska.pk.edu.pl\/wp-content\/uploads\/2024\/03\/niebieskie-tlo-symbol.png",1200,675,false]},"uagb_author_info":{"display_name":"plenart","author_link":"https:\/\/szkoladoktorska.pk.edu.pl\/en\/author\/plenart\/"},"uagb_comment_info":0,"uagb_excerpt":"PROCEDURA KORZYSTANIA ZE \u015aRODK\u00d3W PRZEZNACZONYCH NA WYKORZYSTANIE INFRASTRUKTURY BADAWCZEJ (WIB) zosta\u0142a udost\u0119pniona w zespole &#8220;Doktorat [&hellip;]","_links":{"self":[{"href":"https:\/\/szkoladoktorska.pk.edu.pl\/en\/wp-json\/wp\/v2\/pages\/34041","targetHints":{"allow":["GET"]}}],"collection":[{"href":"https:\/\/szkoladoktorska.pk.edu.pl\/en\/wp-json\/wp\/v2\/pages"}],"about":[{"href":"https:\/\/szkoladoktorska.pk.edu.pl\/en\/wp-json\/wp\/v2\/types\/page"}],"author":[{"embeddable":true,"href":"https:\/\/szkoladoktorska.pk.edu.pl\/en\/wp-json\/wp\/v2\/users\/916"}],"replies":[{"embeddable":true,"href":"https:\/\/szkoladoktorska.pk.edu.pl\/en\/wp-json\/wp\/v2\/comments?post=34041"}],"version-history":[{"count":1,"href":"https:\/\/szkoladoktorska.pk.edu.pl\/en\/wp-json\/wp\/v2\/pages\/34041\/revisions"}],"predecessor-version":[{"id":34047,"href":"https:\/\/szkoladoktorska.pk.edu.pl\/en\/wp-json\/wp\/v2\/pages\/34041\/revisions\/34047"}],"up":[{"embeddable":true,"href":"https:\/\/szkoladoktorska.pk.edu.pl\/en\/wp-json\/wp\/v2\/pages\/24825"}],"wp:featuredmedia":[{"embeddable":true,"href":"https:\/\/szkoladoktorska.pk.edu.pl\/en\/wp-json\/wp\/v2\/media\/22717"}],"wp:attachment":[{"href":"https:\/\/szkoladoktorska.pk.edu.pl\/en\/wp-json\/wp\/v2\/media?parent=34041"}],"curies":[{"name":"wp","href":"https:\/\/api.w.org\/{rel}","templated":true}]}}