{"id":33622,"date":"2025-12-12T15:59:19","date_gmt":"2025-12-12T14:59:19","guid":{"rendered":"https:\/\/szkoladoktorska.pk.edu.pl\/?page_id=33622"},"modified":"2026-02-27T09:52:26","modified_gmt":"2026-02-27T08:52:26","slug":"detailed-conditions-of-admission-to-the-pk-doctoral-school-for-the-academic-year-2023-24","status":"publish","type":"page","link":"https:\/\/szkoladoktorska.pk.edu.pl\/en\/doctoral-school-archive\/recruitment-archive\/detailed-conditions-of-admission-to-the-pk-doctoral-school-for-the-academic-year-2023-24\/","title":{"rendered":"Detailed conditions of admission to the PK Doctoral School for the academic year 2023\/24"},"content":{"rendered":"\n<ul class=\"wp-block-list\"><\/ul>\n\n\n\n<div class=\"wp-block-file\"><a id=\"wp-block-file--media-8ed87c13-ddbb-423e-b15b-1da07e2c3d8a\" href=\"https:\/\/szkoladoktorska.pk.edu.pl\/wp-content\/uploads\/2026\/02\/sdpk-rekrutacja_szczegolowe_warunki-inzynieria_chemiczna-080223.pdf\">In\u017cynieria chemiczna<\/a><a href=\"https:\/\/szkoladoktorska.pk.edu.pl\/wp-content\/uploads\/2026\/02\/sdpk-rekrutacja_szczegolowe_warunki-inzynieria_chemiczna-080223.pdf\" class=\"wp-block-file__button wp-element-button\" download aria-describedby=\"wp-block-file--media-8ed87c13-ddbb-423e-b15b-1da07e2c3d8a\">Pobierz<\/a><\/div>\n\n\n\n<div class=\"wp-block-file\"><a id=\"wp-block-file--media-522be120-2442-47a6-8db3-6d65a597242d\" href=\"https:\/\/szkoladoktorska.pk.edu.pl\/wp-content\/uploads\/2026\/02\/sdpk-rekrutacja_szczegolowe_warunki-inzynieria_ladowa_geodezja_transport-080223.pdf\">In\u017cynieria l\u0105dowa, geodezja i transport<\/a><a href=\"https:\/\/szkoladoktorska.pk.edu.pl\/wp-content\/uploads\/2026\/02\/sdpk-rekrutacja_szczegolowe_warunki-inzynieria_ladowa_geodezja_transport-080223.pdf\" class=\"wp-block-file__button wp-element-button\" download aria-describedby=\"wp-block-file--media-522be120-2442-47a6-8db3-6d65a597242d\">Pobierz<\/a><\/div>\n\n\n\n<div class=\"wp-block-file\"><a id=\"wp-block-file--media-4e6a31e8-a660-4a70-87f4-c96b1ed98c62\" href=\"https:\/\/szkoladoktorska.pk.edu.pl\/wp-content\/uploads\/2026\/02\/sdpk-rekrutacja_szczegolowe_warunki-inzynieria_materialowa-080223.pdf\">In\u017cynieria materia\u0142owa<\/a><a href=\"https:\/\/szkoladoktorska.pk.edu.pl\/wp-content\/uploads\/2026\/02\/sdpk-rekrutacja_szczegolowe_warunki-inzynieria_materialowa-080223.pdf\" class=\"wp-block-file__button wp-element-button\" download aria-describedby=\"wp-block-file--media-4e6a31e8-a660-4a70-87f4-c96b1ed98c62\">Pobierz<\/a><\/div>\n\n\n\n<div class=\"wp-block-file\"><a id=\"wp-block-file--media-d6628084-8332-440e-99e6-ca519c23b192\" href=\"https:\/\/szkoladoktorska.pk.edu.pl\/wp-content\/uploads\/2026\/02\/sdpk-rekrutacja_szczegolowe_warunki-inzynieria_mechaniczna-080223.pdf\">In\u017cynieria mechaniczna<\/a><a href=\"https:\/\/szkoladoktorska.pk.edu.pl\/wp-content\/uploads\/2026\/02\/sdpk-rekrutacja_szczegolowe_warunki-inzynieria_mechaniczna-080223.pdf\" class=\"wp-block-file__button wp-element-button\" download aria-describedby=\"wp-block-file--media-d6628084-8332-440e-99e6-ca519c23b192\">Pobierz<\/a><\/div>\n\n\n\n<div class=\"wp-block-file\"><a id=\"wp-block-file--media-eb3ca643-46e4-4802-92a3-6cf18f943d60\" href=\"https:\/\/szkoladoktorska.pk.edu.pl\/wp-content\/uploads\/2026\/02\/sdpk-rekrutacja_szczegolowe_warunki-inzynieria_srodowiska_gornictwo_energetyka-080223.pdf\">In\u017cynieria \u015brodowiska, g\u00f3rnictwo i energetyka<\/a><a href=\"https:\/\/szkoladoktorska.pk.edu.pl\/wp-content\/uploads\/2026\/02\/sdpk-rekrutacja_szczegolowe_warunki-inzynieria_srodowiska_gornictwo_energetyka-080223.pdf\" class=\"wp-block-file__button wp-element-button\" download aria-describedby=\"wp-block-file--media-eb3ca643-46e4-4802-92a3-6cf18f943d60\">Pobierz<\/a><\/div>\n\n\n\n<div class=\"wp-block-file\"><a id=\"wp-block-file--media-7988b0bc-7bad-4454-9719-f8939b45618f\" href=\"https:\/\/szkoladoktorska.pk.edu.pl\/wp-content\/uploads\/2026\/02\/sdpk-rekrutacja_szczegolowe_warunki-inzynieria_techniczna_telekomunikacja-080223.pdf\">Informatyka techniczna i telekomunikacja<\/a><a href=\"https:\/\/szkoladoktorska.pk.edu.pl\/wp-content\/uploads\/2026\/02\/sdpk-rekrutacja_szczegolowe_warunki-inzynieria_techniczna_telekomunikacja-080223.pdf\" class=\"wp-block-file__button wp-element-button\" download aria-describedby=\"wp-block-file--media-7988b0bc-7bad-4454-9719-f8939b45618f\">Pobierz<\/a><\/div>\n\n\n\n<div class=\"wp-block-file\"><a id=\"wp-block-file--media-db18260c-9bbe-4391-9251-75b6d053238a\" href=\"https:\/\/szkoladoktorska.pk.edu.pl\/wp-content\/uploads\/2026\/02\/sdpk-rekrutacja_szczegolowe_warunki-architektura_i_urbanistyka-080223.pdf\">Architektura i urbanistyka<\/a><a href=\"https:\/\/szkoladoktorska.pk.edu.pl\/wp-content\/uploads\/2026\/02\/sdpk-rekrutacja_szczegolowe_warunki-architektura_i_urbanistyka-080223.pdf\" class=\"wp-block-file__button wp-element-button\" download aria-describedby=\"wp-block-file--media-db18260c-9bbe-4391-9251-75b6d053238a\">Pobierz<\/a><\/div>\n\n\n\n<div class=\"wp-block-file\"><a id=\"wp-block-file--media-d19544fd-9ee0-4a97-8006-436398ff2237\" href=\"https:\/\/szkoladoktorska.pk.edu.pl\/wp-content\/uploads\/2026\/02\/sdpk-rekrutacja_szczegolowe_warunki-automatyka_elektronika_elektrotechnika_i_technologie_kosmiczne-080223.pdf\">Automatyka, elektronika, elektrotechnika i technologie kosmiczne<\/a><a href=\"https:\/\/szkoladoktorska.pk.edu.pl\/wp-content\/uploads\/2026\/02\/sdpk-rekrutacja_szczegolowe_warunki-automatyka_elektronika_elektrotechnika_i_technologie_kosmiczne-080223.pdf\" class=\"wp-block-file__button wp-element-button\" download aria-describedby=\"wp-block-file--media-d19544fd-9ee0-4a97-8006-436398ff2237\">Pobierz<\/a><\/div>\n","protected":false},"excerpt":{"rendered":"","protected":false},"author":913,"featured_media":22717,"parent":33511,"menu_order":0,"comment_status":"closed","ping_status":"closed","template":"","meta":{"_acf_changed":false,"inline_featured_image":false,"_uag_custom_page_level_css":"","site-sidebar-layout":"default","site-content-layout":"","ast-site-content-layout":"default","site-content-style":"default","site-sidebar-style":"default","ast-global-header-display":"","ast-banner-title-visibility":"","ast-main-header-display":"","ast-hfb-above-header-display":"","ast-hfb-below-header-display":"","ast-hfb-mobile-header-display":"","site-post-title":"","ast-breadcrumbs-content":"","ast-featured-img":"","footer-sml-layout":"","ast-disable-related-posts":"","theme-transparent-header-meta":"","adv-header-id-meta":"","stick-header-meta":"","header-above-stick-meta":"","header-main-stick-meta":"","header-below-stick-meta":"","astra-migrate-meta-layouts":"set","ast-page-background-enabled":"default","ast-page-background-meta":{"desktop":{"background-color":"var(--ast-global-color-4)","background-image":"","background-repeat":"repeat","background-position":"center center","background-size":"auto","background-attachment":"scroll","background-type":"","background-media":"","overlay-type":"","overlay-color":"","overlay-opacity":"","overlay-gradient":""},"tablet":{"background-color":"","background-image":"","background-repeat":"repeat","background-position":"center center","background-size":"auto","background-attachment":"scroll","background-type":"","background-media":"","overlay-type":"","overlay-color":"","overlay-opacity":"","overlay-gradient":""},"mobile":{"background-color":"","background-image":"","background-repeat":"repeat","background-position":"center center","background-size":"auto","background-attachment":"scroll","background-type":"","background-media":"","overlay-type":"","overlay-color":"","overlay-opacity":"","overlay-gradient":""}},"ast-content-background-meta":{"desktop":{"background-color":"var(--ast-global-color-5)","background-image":"","background-repeat":"repeat","background-position":"center center","background-size":"auto","background-attachment":"scroll","background-type":"","background-media":"","overlay-type":"","overlay-color":"","overlay-opacity":"","overlay-gradient":""},"tablet":{"background-color":"var(--ast-global-color-5)","background-image":"","background-repeat":"repeat","background-position":"center center","background-size":"auto","background-attachment":"scroll","background-type":"","background-media":"","overlay-type":"","overlay-color":"","overlay-opacity":"","overlay-gradient":""},"mobile":{"background-color":"var(--ast-global-color-5)","background-image":"","background-repeat":"repeat","background-position":"center center","background-size":"auto","background-attachment":"scroll","background-type":"","background-media":"","overlay-type":"","overlay-color":"","overlay-opacity":"","overlay-gradient":""}},"footnotes":""},"class_list":["post-33622","page","type-page","status-publish","has-post-thumbnail","hentry"],"acf":[],"featured_image_src":"https:\/\/szkoladoktorska.pk.edu.pl\/wp-content\/uploads\/2024\/03\/niebieskie-tlo-symbol.png","uagb_featured_image_src":{"full":["https:\/\/szkoladoktorska.pk.edu.pl\/wp-content\/uploads\/2024\/03\/niebieskie-tlo-symbol.png",1200,675,false],"thumbnail":["https:\/\/szkoladoktorska.pk.edu.pl\/wp-content\/uploads\/2024\/03\/niebieskie-tlo-symbol-150x150.png",150,150,true],"medium":["https:\/\/szkoladoktorska.pk.edu.pl\/wp-content\/uploads\/2024\/03\/niebieskie-tlo-symbol-300x169.png",300,169,true],"medium_large":["https:\/\/szkoladoktorska.pk.edu.pl\/wp-content\/uploads\/2024\/03\/niebieskie-tlo-symbol-768x432.png",768,432,true],"large":["https:\/\/szkoladoktorska.pk.edu.pl\/wp-content\/uploads\/2024\/03\/niebieskie-tlo-symbol-1024x576.png",1024,576,true],"1536x1536":["https:\/\/szkoladoktorska.pk.edu.pl\/wp-content\/uploads\/2024\/03\/niebieskie-tlo-symbol.png",1200,675,false],"2048x2048":["https:\/\/szkoladoktorska.pk.edu.pl\/wp-content\/uploads\/2024\/03\/niebieskie-tlo-symbol.png",1200,675,false]},"uagb_author_info":{"display_name":"dkluczynski","author_link":"https:\/\/szkoladoktorska.pk.edu.pl\/en\/author\/dkluczynski\/"},"uagb_comment_info":0,"uagb_excerpt":null,"_links":{"self":[{"href":"https:\/\/szkoladoktorska.pk.edu.pl\/en\/wp-json\/wp\/v2\/pages\/33622","targetHints":{"allow":["GET"]}}],"collection":[{"href":"https:\/\/szkoladoktorska.pk.edu.pl\/en\/wp-json\/wp\/v2\/pages"}],"about":[{"href":"https:\/\/szkoladoktorska.pk.edu.pl\/en\/wp-json\/wp\/v2\/types\/page"}],"author":[{"embeddable":true,"href":"https:\/\/szkoladoktorska.pk.edu.pl\/en\/wp-json\/wp\/v2\/users\/913"}],"replies":[{"embeddable":true,"href":"https:\/\/szkoladoktorska.pk.edu.pl\/en\/wp-json\/wp\/v2\/comments?post=33622"}],"version-history":[{"count":1,"href":"https:\/\/szkoladoktorska.pk.edu.pl\/en\/wp-json\/wp\/v2\/pages\/33622\/revisions"}],"predecessor-version":[{"id":33639,"href":"https:\/\/szkoladoktorska.pk.edu.pl\/en\/wp-json\/wp\/v2\/pages\/33622\/revisions\/33639"}],"up":[{"embeddable":true,"href":"https:\/\/szkoladoktorska.pk.edu.pl\/en\/wp-json\/wp\/v2\/pages\/33511"}],"wp:featuredmedia":[{"embeddable":true,"href":"https:\/\/szkoladoktorska.pk.edu.pl\/en\/wp-json\/wp\/v2\/media\/22717"}],"wp:attachment":[{"href":"https:\/\/szkoladoktorska.pk.edu.pl\/en\/wp-json\/wp\/v2\/media?parent=33622"}],"curies":[{"name":"wp","href":"https:\/\/api.w.org\/{rel}","templated":true}]}}