{"id":33599,"date":"2026-01-08T15:55:53","date_gmt":"2026-01-08T14:55:53","guid":{"rendered":"https:\/\/szkoladoktorska.pk.edu.pl\/?page_id=33599"},"modified":"2026-02-27T09:39:03","modified_gmt":"2026-02-27T08:39:03","slug":"recruitment-committees-2023-24","status":"publish","type":"page","link":"https:\/\/szkoladoktorska.pk.edu.pl\/en\/recruitment-committees-2023-24\/","title":{"rendered":"Recruitment committees 2023\/24"},"content":{"rendered":"\n<p><strong>Compositions of recruitment committees for individual scientific disciplines as part of doctoral student education at SD CUT for the purposes of recruitment for the academic year 2023\/2024<\/strong><\/p>\n\n\n<div class=\"wp-block-ub-content-toggle wp-block-ub-content-toggle-block\" id=\"ub-content-toggle-block-b46781f9-5aaf-46a6-8690-e6d1f92606ac\" data-mobilecollapse=\"false\" data-desktopcollapse=\"false\" data-preventcollapse=\"false\" data-showonlyone=\"false\">\n<div class=\"wp-block-ub-content-toggle-accordion\" style=\"border-color: #f1f1f1; \" id=\"ub-content-toggle-panel-block-\">\n\t\t\t<div class=\"wp-block-ub-content-toggle-accordion-title-wrap\" style=\"background-color: #f1f1f1;\" aria-controls=\"ub-content-toggle-panel-0-b46781f9-5aaf-46a6-8690-e6d1f92606ac\" tabindex=\"0\">\n\t\t\t<p class=\"wp-block-ub-content-toggle-accordion-title ub-content-toggle-title-b46781f9-5aaf-46a6-8690-e6d1f92606ac\" style=\"color: #000000; \">Discipline: architecture and urban planning<\/p>\n\t\t\t<div class=\"wp-block-ub-content-toggle-accordion-toggle-wrap right\" style=\"color: #000000;\"><span class=\"wp-block-ub-content-toggle-accordion-state-indicator wp-block-ub-chevron-down open\"><\/span><\/div>\n\t\t<\/div>\n\t\t\t<div role=\"region\" aria-expanded=\"true\" class=\"wp-block-ub-content-toggle-accordion-content-wrap\" id=\"ub-content-toggle-panel-0-b46781f9-5aaf-46a6-8690-e6d1f92606ac\">\n\n<p><em><strong>FACULTY OF ARCHITECTURE<\/strong><\/em><\/p>\n\n\n\n<figure class=\"wp-block-table\"><table class=\"has-fixed-layout\"><tbody><tr><td>President:<\/td><td>prof. dr hab. in\u017c. arch. Maciej Motak<\/td><\/tr><tr><td>Secretary:<\/td><td>dr in\u017c. arch. Maciej Skaza<\/td><\/tr><tr><td>Representatives of the Scientific Council:<\/td><td>prof. dr hab. in\u017c. arch. Justyna Kobylarczyk<br>prof. dr hab. in\u017c. arch. Agata Zachariasz<\/td><\/tr><tr><td>Representative URSD:<\/td><td>mgr in\u017c. arch. Dominika Poluk<\/td><\/tr><\/tbody><\/table><\/figure>\n\n<\/div>\n\t\t<\/div>\n\n<div class=\"wp-block-ub-content-toggle-accordion\" style=\"border-color: #f1f1f1; \" id=\"ub-content-toggle-panel-block-\">\n\t\t\t<div class=\"wp-block-ub-content-toggle-accordion-title-wrap\" style=\"background-color: #f1f1f1;\" aria-controls=\"ub-content-toggle-panel-1-b46781f9-5aaf-46a6-8690-e6d1f92606ac\" tabindex=\"0\">\n\t\t\t<p class=\"wp-block-ub-content-toggle-accordion-title ub-content-toggle-title-b46781f9-5aaf-46a6-8690-e6d1f92606ac\" style=\"color: #000000; \">Discipline: automation, electronics, electrical engineering and space technologies<\/p>\n\t\t\t<div class=\"wp-block-ub-content-toggle-accordion-toggle-wrap right\" style=\"color: #000000;\"><span class=\"wp-block-ub-content-toggle-accordion-state-indicator wp-block-ub-chevron-down open\"><\/span><\/div>\n\t\t<\/div>\n\t\t\t<div role=\"region\" aria-expanded=\"true\" class=\"wp-block-ub-content-toggle-accordion-content-wrap\" id=\"ub-content-toggle-panel-1-b46781f9-5aaf-46a6-8690-e6d1f92606ac\">\n\n<p><strong>FACULTY OF ELECTRICAL AND COMPUTER ENGINEERING<\/strong><\/p>\n\n\n\n<figure class=\"wp-block-table\"><table class=\"has-fixed-layout\"><tbody><tr><td>President:<\/td><td>dr hab. in\u017c. Witold Mazgaj, prof. PK<\/td><\/tr><tr><td>Secretary:<\/td><td>dr in\u017c. Bartosz Rozegna\u0142<\/td><\/tr><tr><td>Representatives of the Scientific Council:<\/td><td>dr hab. in\u017c. Andrzej Szromba, prof. PK<br>dr hab. in\u017c. Krzysztof Tomczyk, prof. PK<\/td><\/tr><tr><td>Representative URSD:<\/td><td>mgr in\u017c. Jakub Zielonka<\/td><\/tr><\/tbody><\/table><\/figure>\n\n<\/div>\n\t\t<\/div>\n\n<div class=\"wp-block-ub-content-toggle-accordion\" style=\"border-color: #f1f1f1; \" id=\"ub-content-toggle-panel-block-\">\n\t\t\t<div class=\"wp-block-ub-content-toggle-accordion-title-wrap\" style=\"background-color: #f1f1f1;\" aria-controls=\"ub-content-toggle-panel-2-b46781f9-5aaf-46a6-8690-e6d1f92606ac\" tabindex=\"0\">\n\t\t\t<p class=\"wp-block-ub-content-toggle-accordion-title ub-content-toggle-title-b46781f9-5aaf-46a6-8690-e6d1f92606ac\" style=\"color: #000000; \">Discipline: chemical engineering<\/p>\n\t\t\t<div class=\"wp-block-ub-content-toggle-accordion-toggle-wrap right\" style=\"color: #000000;\"><span class=\"wp-block-ub-content-toggle-accordion-state-indicator wp-block-ub-chevron-down open\"><\/span><\/div>\n\t\t<\/div>\n\t\t\t<div role=\"region\" aria-expanded=\"true\" class=\"wp-block-ub-content-toggle-accordion-content-wrap\" id=\"ub-content-toggle-panel-2-b46781f9-5aaf-46a6-8690-e6d1f92606ac\">\n\n<p><strong>FACULTY OF CHEMICAL ENGINEERING AND TECHNOLOGY<\/strong><\/p>\n\n\n\n<figure class=\"wp-block-table\"><table class=\"has-fixed-layout\"><tbody><tr><td>President:<\/td><td>prof. dr hab. in\u017c. Radomir Jasi\u0144ski<\/td><\/tr><tr><td>Secretary:<\/td><td>prof. dr hab. in\u017c. Marcin Banach<\/td><\/tr><tr><td>Representatives of the Scientific Council:<\/td><td>dr hab. in\u017c. Agnieszka Makara, prof. PK<br>dr hab. in\u017c. Przemys\u0142aw Jod\u0142owski, prof. PK<\/td><\/tr><tr><td>Representative URSD:<\/td><td>mgr in\u017c. Mariya Myradova<\/td><\/tr><\/tbody><\/table><\/figure>\n\n<\/div>\n\t\t<\/div>\n\n<div class=\"wp-block-ub-content-toggle-accordion\" style=\"border-color: #f1f1f1; \" id=\"ub-content-toggle-panel-block-\">\n\t\t\t<div class=\"wp-block-ub-content-toggle-accordion-title-wrap\" style=\"background-color: #f1f1f1;\" aria-controls=\"ub-content-toggle-panel-3-b46781f9-5aaf-46a6-8690-e6d1f92606ac\" tabindex=\"0\">\n\t\t\t<p class=\"wp-block-ub-content-toggle-accordion-title ub-content-toggle-title-b46781f9-5aaf-46a6-8690-e6d1f92606ac\" style=\"color: #000000; \">Discipline: civil engineering, geodesy and transport<\/p>\n\t\t\t<div class=\"wp-block-ub-content-toggle-accordion-toggle-wrap right\" style=\"color: #000000;\"><span class=\"wp-block-ub-content-toggle-accordion-state-indicator wp-block-ub-chevron-down open\"><\/span><\/div>\n\t\t<\/div>\n\t\t\t<div role=\"region\" aria-expanded=\"true\" class=\"wp-block-ub-content-toggle-accordion-content-wrap\" id=\"ub-content-toggle-panel-3-b46781f9-5aaf-46a6-8690-e6d1f92606ac\">\n\n<p><strong>FACULTY OF CIVIL ENGINEERING<\/strong><\/p>\n\n\n\n<figure class=\"wp-block-table\"><table class=\"has-fixed-layout\"><tbody><tr><td>President:<\/td><td>dr hab. in\u017c. Lucyna Domaga\u0142a, prof. PK<\/td><\/tr><tr><td>Secretary:<\/td><td>mgr in\u017c. Bart\u0142omiej Sroka<\/td><\/tr><tr><td>Representatives of the Scientific Council:<\/td><td>prof. dr hab. in\u017c. Joanna Duli\u0144ska<br>dr hab. in\u017c. Vitalii Naumov, prof. PK<\/td><\/tr><tr><td>Representative URSD:<\/td><td>mgr in\u017c. Apolonia Przesmycka<\/td><\/tr><\/tbody><\/table><\/figure>\n\n<\/div>\n\t\t<\/div>\n\n<div class=\"wp-block-ub-content-toggle-accordion\" style=\"border-color: #f1f1f1; \" id=\"ub-content-toggle-panel-block-\">\n\t\t\t<div class=\"wp-block-ub-content-toggle-accordion-title-wrap\" style=\"background-color: #f1f1f1;\" aria-controls=\"ub-content-toggle-panel-4-b46781f9-5aaf-46a6-8690-e6d1f92606ac\" tabindex=\"0\">\n\t\t\t<p class=\"wp-block-ub-content-toggle-accordion-title ub-content-toggle-title-b46781f9-5aaf-46a6-8690-e6d1f92606ac\" style=\"color: #000000; \">Discipline: materials engineering<\/p>\n\t\t\t<div class=\"wp-block-ub-content-toggle-accordion-toggle-wrap right\" style=\"color: #000000;\"><span class=\"wp-block-ub-content-toggle-accordion-state-indicator wp-block-ub-chevron-down open\"><\/span><\/div>\n\t\t<\/div>\n\t\t\t<div role=\"region\" aria-expanded=\"true\" class=\"wp-block-ub-content-toggle-accordion-content-wrap\" id=\"ub-content-toggle-panel-4-b46781f9-5aaf-46a6-8690-e6d1f92606ac\">\n\n<p><strong>FACULTY OF MATERIALS SCIENCE AND PHYSICS<\/strong><\/p>\n\n\n\n<figure class=\"wp-block-table\"><table class=\"has-fixed-layout\"><tbody><tr><td>President:<\/td><td>dr hab. Stanis\u0142aw Kuciel, prof. PK<\/td><\/tr><tr><td>Secretary:<\/td><td>dr in\u017c. Rafa\u0142 Bogucki<\/td><\/tr><tr><td>Representatives of the Scientific Council:<\/td><td>dr hab. in\u017c. Bo\u017cena Tyliszczak, prof. PK<br>dr hab. Ewa Gondek, prof. PK<\/td><\/tr><tr><td>Representative URSD:<\/td><td>mgr in\u017c. Anna Gawe\u0142<\/td><\/tr><\/tbody><\/table><\/figure>\n\n<\/div>\n\t\t<\/div>\n\n<div class=\"wp-block-ub-content-toggle-accordion\" style=\"border-color: #f1f1f1; \" id=\"ub-content-toggle-panel-block-\">\n\t\t\t<div class=\"wp-block-ub-content-toggle-accordion-title-wrap\" style=\"background-color: #f1f1f1;\" aria-controls=\"ub-content-toggle-panel-5-b46781f9-5aaf-46a6-8690-e6d1f92606ac\" tabindex=\"0\">\n\t\t\t<p class=\"wp-block-ub-content-toggle-accordion-title ub-content-toggle-title-b46781f9-5aaf-46a6-8690-e6d1f92606ac\" style=\"color: #000000; \">Discipline: mechanical engineering<\/p>\n\t\t\t<div class=\"wp-block-ub-content-toggle-accordion-toggle-wrap right\" style=\"color: #000000;\"><span class=\"wp-block-ub-content-toggle-accordion-state-indicator wp-block-ub-chevron-down open\"><\/span><\/div>\n\t\t<\/div>\n\t\t\t<div role=\"region\" aria-expanded=\"true\" class=\"wp-block-ub-content-toggle-accordion-content-wrap\" id=\"ub-content-toggle-panel-5-b46781f9-5aaf-46a6-8690-e6d1f92606ac\">\n\n<p><strong>FACULTY OF MECHANICAL ENGINEERING<\/strong><\/p>\n\n\n\n<figure class=\"wp-block-table\"><table class=\"has-fixed-layout\"><tbody><tr><td>President:<\/td><td>prof. dr hab. in\u017c. Marek S. Kozie\u0144<\/td><\/tr><tr><td>Secretary:<\/td><td>dr hab. in\u017c. Artur Krowiak, prof. PK<\/td><\/tr><tr><td>Representatives of the Scientific Council:<\/td><td>prof. dr hab. in\u017c. Bogdan Bochenek<br>prof. dr hab. in\u017c. Wojciech Z\u0119bala<\/td><\/tr><tr><td>Representative URSD:<\/td><td>mgr in\u017c. Elwira Schmidt<\/td><\/tr><\/tbody><\/table><\/figure>\n\n<\/div>\n\t\t<\/div>\n\n<div class=\"wp-block-ub-content-toggle-accordion\" style=\"border-color: #f1f1f1; \" id=\"ub-content-toggle-panel-block-\">\n\t\t\t<div class=\"wp-block-ub-content-toggle-accordion-title-wrap\" style=\"background-color: #f1f1f1;\" aria-controls=\"ub-content-toggle-panel-6-b46781f9-5aaf-46a6-8690-e6d1f92606ac\" tabindex=\"0\">\n\t\t\t<p class=\"wp-block-ub-content-toggle-accordion-title ub-content-toggle-title-b46781f9-5aaf-46a6-8690-e6d1f92606ac\" style=\"color: #000000; \">Discipline: environmental engineering, mining and energy<\/p>\n\t\t\t<div class=\"wp-block-ub-content-toggle-accordion-toggle-wrap right\" style=\"color: #000000;\"><span class=\"wp-block-ub-content-toggle-accordion-state-indicator wp-block-ub-chevron-down open\"><\/span><\/div>\n\t\t<\/div>\n\t\t\t<div role=\"region\" aria-expanded=\"true\" class=\"wp-block-ub-content-toggle-accordion-content-wrap\" id=\"ub-content-toggle-panel-6-b46781f9-5aaf-46a6-8690-e6d1f92606ac\">\n\n<p><strong>FACULTY OF ENVIRONMENTAL ENGINEERING AND ENERGY<\/strong><\/p>\n\n\n\n<figure class=\"wp-block-table\"><table class=\"has-fixed-layout\"><tbody><tr><td>President:<\/td><td>dr hab. in\u017c. S\u0142awomir Gr\u0105dziel, prof. PK<\/td><\/tr><tr><td>Secretary:<\/td><td>dr in\u017c. Marek Majdak<\/td><\/tr><tr><td>Representatives of the Scientific Council:<\/td><td>dr hab. in\u017c. Artur Cebula, prof. PK<br>dr hab. Pawe\u0142 Hachaj<\/td><\/tr><tr><td>Representative URSD:<\/td><td>mgr in\u017c. Paulina Ormaniec<\/td><\/tr><\/tbody><\/table><\/figure>\n\n<\/div>\n\t\t<\/div>\n\n<div class=\"wp-block-ub-content-toggle-accordion\" style=\"border-color: #f1f1f1; \" id=\"ub-content-toggle-panel-block-\">\n\t\t\t<div class=\"wp-block-ub-content-toggle-accordion-title-wrap\" style=\"background-color: #f1f1f1;\" aria-controls=\"ub-content-toggle-panel-7-b46781f9-5aaf-46a6-8690-e6d1f92606ac\" tabindex=\"0\">\n\t\t\t<p class=\"wp-block-ub-content-toggle-accordion-title ub-content-toggle-title-b46781f9-5aaf-46a6-8690-e6d1f92606ac\" style=\"color: #000000; \">Discipline: information and communication technology<\/p>\n\t\t\t<div class=\"wp-block-ub-content-toggle-accordion-toggle-wrap right\" style=\"color: #000000;\"><span class=\"wp-block-ub-content-toggle-accordion-state-indicator wp-block-ub-chevron-down open\"><\/span><\/div>\n\t\t<\/div>\n\t\t\t<div role=\"region\" aria-expanded=\"true\" class=\"wp-block-ub-content-toggle-accordion-content-wrap\" id=\"ub-content-toggle-panel-7-b46781f9-5aaf-46a6-8690-e6d1f92606ac\">\n\n<p><strong>FACULTY OF ELECTRICAL AND COMPUTER ENGINEERING<\/strong><\/p>\n\n\n\n<figure class=\"wp-block-table\"><table class=\"has-fixed-layout\"><tbody><tr><td>President:<\/td><td>dr hab. in\u017c. Micha\u0142 Bereta, prof. PK<\/td><\/tr><tr><td>Secretary:<\/td><td>mgr Agnieszka Rutkiewicz<\/td><\/tr><tr><td>Representatives of the Scientific Council:<\/td><td>prof. dr hab. in\u017c. Stanis\u0142aw Dro\u017cd\u017c<br>dr hab in\u017c. Maciej Jaworski prof. PK<\/td><\/tr><tr><td>Representative URSD:<\/td><td>mgr in\u017c. Mateusz Hankus<\/td><\/tr><\/tbody><\/table><\/figure>\n\n<\/div>\n\t\t<\/div>\n<\/div>","protected":false},"excerpt":{"rendered":"<p>Compositions of recruitment committees for individual scientific disciplines as part of doctoral student education at [&hellip;]<\/p>\n","protected":false},"author":913,"featured_media":22717,"parent":0,"menu_order":0,"comment_status":"closed","ping_status":"closed","template":"","meta":{"_acf_changed":false,"inline_featured_image":false,"_uag_custom_page_level_css":"","site-sidebar-layout":"default","site-content-layout":"","ast-site-content-layout":"default","site-content-style":"default","site-sidebar-style":"default","ast-global-header-display":"","ast-banner-title-visibility":"","ast-main-header-display":"","ast-hfb-above-header-display":"","ast-hfb-below-header-display":"","ast-hfb-mobile-header-display":"","site-post-title":"","ast-breadcrumbs-content":"","ast-featured-img":"","footer-sml-layout":"","ast-disable-related-posts":"","theme-transparent-header-meta":"","adv-header-id-meta":"","stick-header-meta":"","header-above-stick-meta":"","header-main-stick-meta":"","header-below-stick-meta":"","astra-migrate-meta-layouts":"set","ast-page-background-enabled":"default","ast-page-background-meta":{"desktop":{"background-color":"var(--ast-global-color-4)","background-image":"","background-repeat":"repeat","background-position":"center center","background-size":"auto","background-attachment":"scroll","background-type":"","background-media":"","overlay-type":"","overlay-color":"","overlay-opacity":"","overlay-gradient":""},"tablet":{"background-color":"","background-image":"","background-repeat":"repeat","background-position":"center center","background-size":"auto","background-attachment":"scroll","background-type":"","background-media":"","overlay-type":"","overlay-color":"","overlay-opacity":"","overlay-gradient":""},"mobile":{"background-color":"","background-image":"","background-repeat":"repeat","background-position":"center center","background-size":"auto","background-attachment":"scroll","background-type":"","background-media":"","overlay-type":"","overlay-color":"","overlay-opacity":"","overlay-gradient":""}},"ast-content-background-meta":{"desktop":{"background-color":"var(--ast-global-color-5)","background-image":"","background-repeat":"repeat","background-position":"center center","background-size":"auto","background-attachment":"scroll","background-type":"","background-media":"","overlay-type":"","overlay-color":"","overlay-opacity":"","overlay-gradient":""},"tablet":{"background-color":"var(--ast-global-color-5)","background-image":"","background-repeat":"repeat","background-position":"center center","background-size":"auto","background-attachment":"scroll","background-type":"","background-media":"","overlay-type":"","overlay-color":"","overlay-opacity":"","overlay-gradient":""},"mobile":{"background-color":"var(--ast-global-color-5)","background-image":"","background-repeat":"repeat","background-position":"center center","background-size":"auto","background-attachment":"scroll","background-type":"","background-media":"","overlay-type":"","overlay-color":"","overlay-opacity":"","overlay-gradient":""}},"footnotes":""},"class_list":["post-33599","page","type-page","status-publish","has-post-thumbnail","hentry"],"acf":[],"featured_image_src":"https:\/\/szkoladoktorska.pk.edu.pl\/wp-content\/uploads\/2024\/03\/niebieskie-tlo-symbol.png","uagb_featured_image_src":{"full":["https:\/\/szkoladoktorska.pk.edu.pl\/wp-content\/uploads\/2024\/03\/niebieskie-tlo-symbol.png",1200,675,false],"thumbnail":["https:\/\/szkoladoktorska.pk.edu.pl\/wp-content\/uploads\/2024\/03\/niebieskie-tlo-symbol-150x150.png",150,150,true],"medium":["https:\/\/szkoladoktorska.pk.edu.pl\/wp-content\/uploads\/2024\/03\/niebieskie-tlo-symbol-300x169.png",300,169,true],"medium_large":["https:\/\/szkoladoktorska.pk.edu.pl\/wp-content\/uploads\/2024\/03\/niebieskie-tlo-symbol-768x432.png",768,432,true],"large":["https:\/\/szkoladoktorska.pk.edu.pl\/wp-content\/uploads\/2024\/03\/niebieskie-tlo-symbol-1024x576.png",1024,576,true],"1536x1536":["https:\/\/szkoladoktorska.pk.edu.pl\/wp-content\/uploads\/2024\/03\/niebieskie-tlo-symbol.png",1200,675,false],"2048x2048":["https:\/\/szkoladoktorska.pk.edu.pl\/wp-content\/uploads\/2024\/03\/niebieskie-tlo-symbol.png",1200,675,false]},"uagb_author_info":{"display_name":"dkluczynski","author_link":"https:\/\/szkoladoktorska.pk.edu.pl\/en\/author\/dkluczynski\/"},"uagb_comment_info":0,"uagb_excerpt":"Compositions of recruitment committees for individual scientific disciplines as part of doctoral student education at [&hellip;]","_links":{"self":[{"href":"https:\/\/szkoladoktorska.pk.edu.pl\/en\/wp-json\/wp\/v2\/pages\/33599","targetHints":{"allow":["GET"]}}],"collection":[{"href":"https:\/\/szkoladoktorska.pk.edu.pl\/en\/wp-json\/wp\/v2\/pages"}],"about":[{"href":"https:\/\/szkoladoktorska.pk.edu.pl\/en\/wp-json\/wp\/v2\/types\/page"}],"author":[{"embeddable":true,"href":"https:\/\/szkoladoktorska.pk.edu.pl\/en\/wp-json\/wp\/v2\/users\/913"}],"replies":[{"embeddable":true,"href":"https:\/\/szkoladoktorska.pk.edu.pl\/en\/wp-json\/wp\/v2\/comments?post=33599"}],"version-history":[{"count":1,"href":"https:\/\/szkoladoktorska.pk.edu.pl\/en\/wp-json\/wp\/v2\/pages\/33599\/revisions"}],"predecessor-version":[{"id":33600,"href":"https:\/\/szkoladoktorska.pk.edu.pl\/en\/wp-json\/wp\/v2\/pages\/33599\/revisions\/33600"}],"wp:featuredmedia":[{"embeddable":true,"href":"https:\/\/szkoladoktorska.pk.edu.pl\/en\/wp-json\/wp\/v2\/media\/22717"}],"wp:attachment":[{"href":"https:\/\/szkoladoktorska.pk.edu.pl\/en\/wp-json\/wp\/v2\/media?parent=33599"}],"curies":[{"name":"wp","href":"https:\/\/api.w.org\/{rel}","templated":true}]}}