{"id":33523,"date":"2026-01-08T16:07:26","date_gmt":"2026-01-08T15:07:26","guid":{"rendered":"https:\/\/szkoladoktorska.pk.edu.pl\/?page_id=33523"},"modified":"2026-02-26T12:41:30","modified_gmt":"2026-02-26T11:41:30","slug":"recruitment-committees-2024-25","status":"publish","type":"page","link":"https:\/\/szkoladoktorska.pk.edu.pl\/en\/recruitment-committees-2024-25\/","title":{"rendered":"Recruitment committees 2024\/25"},"content":{"rendered":"\n<h3 class=\"wp-block-heading\">Compositions of recruitment committees for individual scientific disciplines as part of doctoral student education at SD CUT for the purposes of recruitment for the academic year 2024\/2025<\/h3>\n\n\n\n<h4 class=\"wp-block-heading\"><strong>Discipline: architecture and urban planning<\/strong><\/h4>\n\n\n\n<h4 class=\"wp-block-heading\">FACULTY OF ARCHITECTURE<\/h4>\n\n\n\n<p><strong>President:<\/strong>&nbsp;prof. dr hab. in\u017c. arch. Maciej Motak<\/p>\n\n\n\n<p><strong>Secretary:<\/strong>&nbsp; dr in\u017c. arch. Marcin G\u0142uchowski<\/p>\n\n\n\n<p><strong>Representatives of the Scientific Council:<\/strong><\/p>\n\n\n\n<p>prof. dr hab. in\u017c. arch. Justyna Kobylarczyk,<br>prof. dr hab. in\u017c. arch. Agata Zachariasz,<\/p>\n\n\n\n<p><strong>Representative URSD:<\/strong><\/p>\n\n\n\n<p>mgr in\u017c. arch. Dominika Poluk<\/p>\n\n\n\n<h4 class=\"wp-block-heading\">Discipline: automation, electronics, electrical engineering and space technologies<\/h4>\n\n\n\n<h4 class=\"wp-block-heading\">FACULTY OF ELECTRICAL AND COMPUTER ENGINEERING<\/h4>\n\n\n\n<p><strong>President:<\/strong>&nbsp;dr hab. in\u017c. Witold Mazgaj, prof. PK<\/p>\n\n\n\n<p><strong>Secretary:<\/strong>&nbsp;dr in\u017c. Bartosz Rozegna\u0142<\/p>\n\n\n\n<p><strong>Representatives of the Scientific Council:<\/strong><\/p>\n\n\n\n<p>dr hab. in\u017c. Andrzej Szromba, prof. PK,<br>dr hab. in\u017c. Krzysztof Tomczyk, prof. PK<\/p>\n\n\n\n<p><strong>Representative URSD:<\/strong><\/p>\n\n\n\n<p>mgr in\u017c. Mi\u0142osz Morwa<\/p>\n\n\n\n<h4 class=\"wp-block-heading\">Discipline: chemical engineering<\/h4>\n\n\n\n<h4 class=\"wp-block-heading\">FACULTY OF CHEMICAL ENGINEERING AND TECHNOLOGY<\/h4>\n\n\n\n<p><strong>President:<\/strong>&nbsp;prof. dr hab. in\u017c. Radomir Jasi\u0144ski<\/p>\n\n\n\n<p><strong>Secretary:<\/strong>&nbsp;prof. dr hab. in\u017c. Marcin Banach<\/p>\n\n\n\n<p><strong>Representatives of the Scientific Council:<\/strong><\/p>\n\n\n\n<p>prof. dr hab. in\u017c. Agnieszka Makara<br>dr hab. in\u017c. Przemys\u0142aw Jod\u0142owski, prof. PK<\/p>\n\n\n\n<p><strong>Representative URSD:<\/strong><\/p>\n\n\n\n<p>mgr in\u017c. Beata Szreniawa<\/p>\n\n\n\n<h4 class=\"wp-block-heading\">Discipline: civil engineering, geodesy and transport<\/h4>\n\n\n\n<h4 class=\"wp-block-heading\">FACULTY OF CIVIL ENGINEERING<\/h4>\n\n\n\n<p><strong>President:<\/strong>&nbsp;dr hab. in\u017c. Agnieszka Le\u015bniak, prof. PK<\/p>\n\n\n\n<p><strong>Secretary:<\/strong>&nbsp;dr in\u017c. Bart\u0142omiej Sroka<\/p>\n\n\n\n<p><strong>Representatives of the Scientific Council:<\/strong><\/p>\n\n\n\n<p>prof. dr hab. in\u017c. Joanna Duli\u0144ska,<br>dr hab. in\u017c. Vitalii Naumov, prof. PK,<\/p>\n\n\n\n<p><strong>Representative URSD:<\/strong><\/p>\n\n\n\n<p>mgr in\u017c.&nbsp;Aleksandra Chowaniec<\/p>\n\n\n\n<h4 class=\"wp-block-heading\">Discipline: materials engineering<\/h4>\n\n\n\n<h4 class=\"wp-block-heading\">FACULTY OF MATERIALS SCIENCE AND PHYSICS<\/h4>\n\n\n\n<p><strong>President:<\/strong>&nbsp;dr hab. Stanis\u0142aw Kuciel, prof. PK<\/p>\n\n\n\n<p><strong>Secretary:<\/strong>&nbsp;dr in\u017c. Patrycja Bazan<\/p>\n\n\n\n<p><strong>Representatives of the Scientific Council:<\/strong><\/p>\n\n\n\n<p>dr hab. in\u017c. Bo\u017cena Tyliszczak, prof. PK,<br>dr hab. Ewa Gondek, prof. PK<\/p>\n\n\n\n<p><strong>Representative URSD:<\/strong><\/p>\n\n\n\n<p>mgr in\u017c. Kinga Setlak<\/p>\n\n\n\n<h4 class=\"wp-block-heading\">Discipline: mechanical engineering<\/h4>\n\n\n\n<h4 class=\"wp-block-heading\">FACULTY OF MECHANICAL ENGINEERING<\/h4>\n\n\n\n<p><strong>President:<\/strong>&nbsp;prof. dr hab. in\u017c. Marek S. Kozie\u0144<\/p>\n\n\n\n<p><strong>Secretary:<\/strong>&nbsp;dr hab. in\u017c. Artur Krowiak, prof. PK<\/p>\n\n\n\n<p><strong>Representatives of the Scientific Council:<\/strong><\/p>\n\n\n\n<p>prof. dr hab. in\u017c. Bogdan Bochenek,<br>prof. dr hab. in\u017c. Wojciech Z\u0119bala<\/p>\n\n\n\n<p>Representative URSD: mgr in\u017c.&nbsp;Milena Jankovi\u0107<\/p>\n\n\n\n<h4 class=\"wp-block-heading\">Discipline: environmental engineering, mining and energy<\/h4>\n\n\n\n<h4 class=\"wp-block-heading\">FACULTY OF ENVIRONMENTAL ENGINEERING AND ENERGY<\/h4>\n\n\n\n<p><strong>President:<\/strong>&nbsp;prof. dr hab. in\u017c. S\u0142awomir Gr\u0105dziel<\/p>\n\n\n\n<p><strong>Secretary:<\/strong>&nbsp;dr in\u017c. Marek Majdak<\/p>\n\n\n\n<p><strong>Representatives of the Scientific Council:<\/strong><\/p>\n\n\n\n<p>dr hab. in\u017c. Artur Cebula, prof. PK,<br>dr hab. in\u017c. Jadwiga Kr\u00f3likowska, prof. PK<\/p>\n\n\n\n<p><strong>Representative URSD:<\/strong>&nbsp;mgr in\u017c. Paulina Ormaniec<\/p>\n\n\n\n<h4 class=\"wp-block-heading\">Discipline: information and communication technology<\/h4>\n\n\n\n<h4 class=\"wp-block-heading\">FACULTY OF ELECTRICAL AND COMPUTER ENGINEERING<\/h4>\n\n\n\n<p><strong>President:<\/strong>&nbsp;dr hab. in\u017c. Micha\u0142 Bereta, prof. PK<\/p>\n\n\n\n<p><strong>Secretary:<\/strong>&nbsp;mgr Agnieszka Rutkiewicz<\/p>\n\n\n\n<p><strong>Representatives of the Scientific Council:<\/strong><\/p>\n\n\n\n<p>prof. dr hab. in\u017c. Stanis\u0142aw Dro\u017cd\u017c,<br>dr hab in\u017c. Maciej Jaworski prof. PK<\/p>\n\n\n\n<p><strong>Representative URSD:<\/strong>&nbsp;mgr in\u017c.&nbsp;Micha\u0142 Dolina<\/p>\n","protected":false},"excerpt":{"rendered":"<p>Compositions of recruitment committees for individual scientific disciplines as part of doctoral student education at [&hellip;]<\/p>\n","protected":false},"author":913,"featured_media":22717,"parent":0,"menu_order":0,"comment_status":"closed","ping_status":"closed","template":"","meta":{"_acf_changed":false,"inline_featured_image":false,"_uag_custom_page_level_css":"","site-sidebar-layout":"default","site-content-layout":"","ast-site-content-layout":"default","site-content-style":"default","site-sidebar-style":"default","ast-global-header-display":"","ast-banner-title-visibility":"","ast-main-header-display":"","ast-hfb-above-header-display":"","ast-hfb-below-header-display":"","ast-hfb-mobile-header-display":"","site-post-title":"","ast-breadcrumbs-content":"","ast-featured-img":"","footer-sml-layout":"","ast-disable-related-posts":"","theme-transparent-header-meta":"","adv-header-id-meta":"","stick-header-meta":"","header-above-stick-meta":"","header-main-stick-meta":"","header-below-stick-meta":"","astra-migrate-meta-layouts":"set","ast-page-background-enabled":"default","ast-page-background-meta":{"desktop":{"background-color":"var(--ast-global-color-4)","background-image":"","background-repeat":"repeat","background-position":"center center","background-size":"auto","background-attachment":"scroll","background-type":"","background-media":"","overlay-type":"","overlay-color":"","overlay-opacity":"","overlay-gradient":""},"tablet":{"background-color":"","background-image":"","background-repeat":"repeat","background-position":"center center","background-size":"auto","background-attachment":"scroll","background-type":"","background-media":"","overlay-type":"","overlay-color":"","overlay-opacity":"","overlay-gradient":""},"mobile":{"background-color":"","background-image":"","background-repeat":"repeat","background-position":"center center","background-size":"auto","background-attachment":"scroll","background-type":"","background-media":"","overlay-type":"","overlay-color":"","overlay-opacity":"","overlay-gradient":""}},"ast-content-background-meta":{"desktop":{"background-color":"var(--ast-global-color-5)","background-image":"","background-repeat":"repeat","background-position":"center center","background-size":"auto","background-attachment":"scroll","background-type":"","background-media":"","overlay-type":"","overlay-color":"","overlay-opacity":"","overlay-gradient":""},"tablet":{"background-color":"var(--ast-global-color-5)","background-image":"","background-repeat":"repeat","background-position":"center center","background-size":"auto","background-attachment":"scroll","background-type":"","background-media":"","overlay-type":"","overlay-color":"","overlay-opacity":"","overlay-gradient":""},"mobile":{"background-color":"var(--ast-global-color-5)","background-image":"","background-repeat":"repeat","background-position":"center center","background-size":"auto","background-attachment":"scroll","background-type":"","background-media":"","overlay-type":"","overlay-color":"","overlay-opacity":"","overlay-gradient":""}},"footnotes":""},"class_list":["post-33523","page","type-page","status-publish","has-post-thumbnail","hentry"],"acf":[],"featured_image_src":"https:\/\/szkoladoktorska.pk.edu.pl\/wp-content\/uploads\/2024\/03\/niebieskie-tlo-symbol.png","uagb_featured_image_src":{"full":["https:\/\/szkoladoktorska.pk.edu.pl\/wp-content\/uploads\/2024\/03\/niebieskie-tlo-symbol.png",1200,675,false],"thumbnail":["https:\/\/szkoladoktorska.pk.edu.pl\/wp-content\/uploads\/2024\/03\/niebieskie-tlo-symbol-150x150.png",150,150,true],"medium":["https:\/\/szkoladoktorska.pk.edu.pl\/wp-content\/uploads\/2024\/03\/niebieskie-tlo-symbol-300x169.png",300,169,true],"medium_large":["https:\/\/szkoladoktorska.pk.edu.pl\/wp-content\/uploads\/2024\/03\/niebieskie-tlo-symbol-768x432.png",768,432,true],"large":["https:\/\/szkoladoktorska.pk.edu.pl\/wp-content\/uploads\/2024\/03\/niebieskie-tlo-symbol-1024x576.png",1024,576,true],"1536x1536":["https:\/\/szkoladoktorska.pk.edu.pl\/wp-content\/uploads\/2024\/03\/niebieskie-tlo-symbol.png",1200,675,false],"2048x2048":["https:\/\/szkoladoktorska.pk.edu.pl\/wp-content\/uploads\/2024\/03\/niebieskie-tlo-symbol.png",1200,675,false]},"uagb_author_info":{"display_name":"dkluczynski","author_link":"https:\/\/szkoladoktorska.pk.edu.pl\/en\/author\/dkluczynski\/"},"uagb_comment_info":0,"uagb_excerpt":"Compositions of recruitment committees for individual scientific disciplines as part of doctoral student education at [&hellip;]","_links":{"self":[{"href":"https:\/\/szkoladoktorska.pk.edu.pl\/en\/wp-json\/wp\/v2\/pages\/33523","targetHints":{"allow":["GET"]}}],"collection":[{"href":"https:\/\/szkoladoktorska.pk.edu.pl\/en\/wp-json\/wp\/v2\/pages"}],"about":[{"href":"https:\/\/szkoladoktorska.pk.edu.pl\/en\/wp-json\/wp\/v2\/types\/page"}],"author":[{"embeddable":true,"href":"https:\/\/szkoladoktorska.pk.edu.pl\/en\/wp-json\/wp\/v2\/users\/913"}],"replies":[{"embeddable":true,"href":"https:\/\/szkoladoktorska.pk.edu.pl\/en\/wp-json\/wp\/v2\/comments?post=33523"}],"version-history":[{"count":1,"href":"https:\/\/szkoladoktorska.pk.edu.pl\/en\/wp-json\/wp\/v2\/pages\/33523\/revisions"}],"predecessor-version":[{"id":33524,"href":"https:\/\/szkoladoktorska.pk.edu.pl\/en\/wp-json\/wp\/v2\/pages\/33523\/revisions\/33524"}],"wp:featuredmedia":[{"embeddable":true,"href":"https:\/\/szkoladoktorska.pk.edu.pl\/en\/wp-json\/wp\/v2\/media\/22717"}],"wp:attachment":[{"href":"https:\/\/szkoladoktorska.pk.edu.pl\/en\/wp-json\/wp\/v2\/media?parent=33523"}],"curies":[{"name":"wp","href":"https:\/\/api.w.org\/{rel}","templated":true}]}}