{"id":32292,"date":"2025-06-23T13:21:41","date_gmt":"2025-06-23T11:21:41","guid":{"rendered":"https:\/\/szkoladoktorska.pk.edu.pl\/?page_id=32292"},"modified":"2026-02-05T11:26:31","modified_gmt":"2026-02-05T10:26:31","slug":"education-programme","status":"publish","type":"page","link":"https:\/\/szkoladoktorska.pk.edu.pl\/en\/education-programme\/","title":{"rendered":"Study programme"},"content":{"rendered":"\n<p id=\"block-fd28bcab-286e-44bb-8227-d6607b5d2c5d\">There are 8 disciplines at the CUT Doctoral School, with their respective representatives:<\/p>\n\n\n\n<p><a href=\"https:\/\/szkoladoktorska.pk.edu.pl\/en\/architecture-and-urban-planning\/\" data-type=\"link\" data-id=\"https:\/\/szkoladoktorska.pk.edu.pl\/en\/architecture-and-urban-planning\/\"><strong>Architecture and Urban Planning<\/strong>&nbsp;<\/a>&#8211; Maciej Motak, doctor habilitatus in Arch., professor<br><strong><a href=\"https:\/\/szkoladoktorska.pk.edu.pl\/en\/automation-electronics\/\" data-type=\"link\" data-id=\"https:\/\/szkoladoktorska.pk.edu.pl\/en\/automation-electronics\/\">Automation, Electronics, Electrical Engineering and Space Technologies<\/a><\/strong>&nbsp;&#8211; Andrzej Szromba, doctor habilitatus, prof. of CUT<br><strong><a href=\"https:\/\/szkoladoktorska.pk.edu.pl\/en\/information-and-communication-technology\/\">Information and Communication Technology<\/a><\/strong>&nbsp;&#8211; Micha\u0142 Bereta, doctor habilitatus, prof. of CUT<br><strong><a href=\"https:\/\/szkoladoktorska.pk.edu.pl\/en\/chemical-engineering\/\" data-type=\"link\" data-id=\"https:\/\/szkoladoktorska.pk.edu.pl\/en\/chemical-engineering\/\">Chemical Engineering<\/a><\/strong>&nbsp;&#8211; Maria Kura\u0144ska, doctor habilitatus, prof. of CUT<br><strong><a href=\"https:\/\/szkoladoktorska.pk.edu.pl\/en\/civil-engineering-geodesy-and-transport\/\" data-type=\"link\" data-id=\"https:\/\/szkoladoktorska.pk.edu.pl\/en\/civil-engineering-geodesy-and-transport\/\">Civil Engineering, Geodesy and Transport<\/a><\/strong>&nbsp;&#8211; Dorota Jasi\u0144ska, doctor habilitatus, prof. of CUT<br><a href=\"https:\/\/szkoladoktorska.pk.edu.pl\/en\/materials-engineering\/\" data-type=\"link\" data-id=\"https:\/\/szkoladoktorska.pk.edu.pl\/en\/materials-engineering\/\"><strong>Materials Engineering<\/strong>&nbsp;<\/a>&#8211; Bo\u017cena Tyliszczak, doctor habilitatus, prof. of CUT<br><strong><a href=\"https:\/\/szkoladoktorska.pk.edu.pl\/en\/mechanical-engineering\/\" data-type=\"link\" data-id=\"https:\/\/szkoladoktorska.pk.edu.pl\/en\/mechanical-engineering\/\">Mechanical Engineering<\/a><\/strong>&nbsp;&#8211; Aneta Liber-Kne\u0107, doctor habilitatus, prof. of CUT<br><strong><a href=\"https:\/\/szkoladoktorska.pk.edu.pl\/en\/environmental-engineering-mining-and-energy\/\" data-type=\"link\" data-id=\"https:\/\/szkoladoktorska.pk.edu.pl\/en\/environmental-engineering-mining-and-energy\/\">Environmental Engineering, Mining and Energy<\/a><\/strong>&nbsp;&#8211; Pawe\u0142 Oc\u0142o\u0144, professor<\/p>\n\n\n\n<div style=\"height:20px\" aria-hidden=\"true\" class=\"wp-block-spacer\"><\/div>\n\n\n\n<h2 class=\"wp-block-heading\">Education programme<\/h2>\n\n\n\n<p>The education program at the PK Doctoral School applicable to doctoral students starting their studies from the academic year:<\/p>\n\n\n\n<div style=\"height:20px\" aria-hidden=\"true\" class=\"wp-block-spacer\"><\/div>\n\n\n\n<div class=\"tranel-buttons\">\n\n<a href=\"https:\/\/szkoladoktorska.pk.edu.pl\/en\/education-program-2026-2027\"><span>2026 \/ 2027<\/span><svg width=\"20\" height=\"20\" xmlns=\"http:\/\/www.w3.org\/2000\/svg\" viewBox=\"0 0 448 512\" aria-hidden=\"true\" focusable=\"false\"><path d=\"M438.6 278.6l-160 160C272.4 444.9 264.2 448 256 448s-16.38-3.125-22.62-9.375c-12.5-12.5-12.5-32.75 0-45.25L338.8 288H32C14.33 288 .0016 273.7 .0016 256S14.33 224 32 224h306.8l-105.4-105.4c-12.5-12.5-12.5-32.75 0-45.25s32.75-12.5 45.25 0l160 160C451.1 245.9 451.1 266.1 438.6 278.6z\"><\/path><\/svg><\/a>\n\n<a href=\"https:\/\/szkoladoktorska.pk.edu.pl\/en\/education-program-2025-2026\/\"><span>2025 \/ 2026<\/span><svg width=\"20\" height=\"20\" xmlns=\"http:\/\/www.w3.org\/2000\/svg\" viewBox=\"0 0 448 512\" aria-hidden=\"true\" focusable=\"false\"><path d=\"M438.6 278.6l-160 160C272.4 444.9 264.2 448 256 448s-16.38-3.125-22.62-9.375c-12.5-12.5-12.5-32.75 0-45.25L338.8 288H32C14.33 288 .0016 273.7 .0016 256S14.33 224 32 224h306.8l-105.4-105.4c-12.5-12.5-12.5-32.75 0-45.25s32.75-12.5 45.25 0l160 160C451.1 245.9 451.1 266.1 438.6 278.6z\"><\/path><\/svg><\/a>\n\n<a href=\"https:\/\/szkoladoktorska.pk.edu.pl\/en\/education-program-2024-2025\/\"><span>2024 \/ 2025<\/span><svg width=\"20\" height=\"20\" xmlns=\"http:\/\/www.w3.org\/2000\/svg\" viewBox=\"0 0 448 512\" aria-hidden=\"true\" focusable=\"false\"><path d=\"M438.6 278.6l-160 160C272.4 444.9 264.2 448 256 448s-16.38-3.125-22.62-9.375c-12.5-12.5-12.5-32.75 0-45.25L338.8 288H32C14.33 288 .0016 273.7 .0016 256S14.33 224 32 224h306.8l-105.4-105.4c-12.5-12.5-12.5-32.75 0-45.25s32.75-12.5 45.25 0l160 160C451.1 245.9 451.1 266.1 438.6 278.6z\"><\/path><\/svg><\/a>\n\n<a href=\"https:\/\/szkoladoktorska.pk.edu.pl\/en\/education-program-2020-2021\/\"><span>2020 \/ 2021<\/span><svg width=\"20\" height=\"20\" xmlns=\"http:\/\/www.w3.org\/2000\/svg\" viewBox=\"0 0 448 512\" aria-hidden=\"true\" focusable=\"false\"><path d=\"M438.6 278.6l-160 160C272.4 444.9 264.2 448 256 448s-16.38-3.125-22.62-9.375c-12.5-12.5-12.5-32.75 0-45.25L338.8 288H32C14.33 288 .0016 273.7 .0016 256S14.33 224 32 224h306.8l-105.4-105.4c-12.5-12.5-12.5-32.75 0-45.25s32.75-12.5 45.25 0l160 160C451.1 245.9 451.1 266.1 438.6 278.6z\"><\/path><\/svg><\/a>\n\n<a href=\"https:\/\/szkoladoktorska.pk.edu.pl\/en\/education-program-2019-2020\/\"><span>2019 \/ 2020<\/span><svg width=\"20\" height=\"20\" xmlns=\"http:\/\/www.w3.org\/2000\/svg\" viewBox=\"0 0 448 512\" aria-hidden=\"true\" focusable=\"false\"><path d=\"M438.6 278.6l-160 160C272.4 444.9 264.2 448 256 448s-16.38-3.125-22.62-9.375c-12.5-12.5-12.5-32.75 0-45.25L338.8 288H32C14.33 288 .0016 273.7 .0016 256S14.33 224 32 224h306.8l-105.4-105.4c-12.5-12.5-12.5-32.75 0-45.25s32.75-12.5 45.25 0l160 160C451.1 245.9 451.1 266.1 438.6 278.6z\"><\/path><\/svg><\/a>\n\n<\/div>\n\n<style>\n    .tranel-buttons {\n        display: flex;\n        flex-wrap: wrap;\n        justify-content: center;\n        gap: 20px; \/* Dodaje odst\u0119p mi\u0119dzy przyciskami *\/\n    }\n\n    .tranel-buttons a {\n        display: flex;\n        align-items: center;\n        padding: 10px 20px;\n        margin: 5px; \/* Margin wok\u00f3\u0142 przycisk\u00f3w *\/\n        border: 1px solid #003571;\n        text-decoration: none !important;\n        color: #003571;\n        background-color: #fff;\n        cursor: pointer;\n        transition: background-color 0.3s, color 0.3s;\n        font-family: 'Work Sans',sans-serif;\nfont-size: 1rem;\noutline: none !important;\n    }\n\n    .tranel-buttons a span {\n        margin-right: 15px; \/* Odst\u0119p mi\u0119dzy tekstem a SVG *\/\n    }\n\n    .tranel-buttons a svg {\nwidth: 20px;\n        fill: #003571;\n        transition: fill 0.3s;\n    }\n\n    .tranel-buttons a:hover {\n        background-color: #003571;\n        color: #fff !important;\n    }\n\n    .tranel-buttons a:hover svg {\n        fill: #fff;\n    }\n<\/style>\n\n\n\n<p><\/p>\n","protected":false},"excerpt":{"rendered":"<p>There are 8 disciplines at the CUT Doctoral School, with their respective representatives: Architecture and [&hellip;]<\/p>\n","protected":false},"author":916,"featured_media":22717,"parent":0,"menu_order":0,"comment_status":"closed","ping_status":"closed","template":"","meta":{"_acf_changed":false,"inline_featured_image":false,"_uag_custom_page_level_css":"","site-sidebar-layout":"default","site-content-layout":"","ast-site-content-layout":"default","site-content-style":"default","site-sidebar-style":"default","ast-global-header-display":"","ast-banner-title-visibility":"","ast-main-header-display":"","ast-hfb-above-header-display":"","ast-hfb-below-header-display":"","ast-hfb-mobile-header-display":"","site-post-title":"","ast-breadcrumbs-content":"","ast-featured-img":"","footer-sml-layout":"","ast-disable-related-posts":"","theme-transparent-header-meta":"","adv-header-id-meta":"","stick-header-meta":"","header-above-stick-meta":"","header-main-stick-meta":"","header-below-stick-meta":"","astra-migrate-meta-layouts":"set","ast-page-background-enabled":"default","ast-page-background-meta":{"desktop":{"background-color":"var(--ast-global-color-4)","background-image":"","background-repeat":"repeat","background-position":"center center","background-size":"auto","background-attachment":"scroll","background-type":"","background-media":"","overlay-type":"","overlay-color":"","overlay-opacity":"","overlay-gradient":""},"tablet":{"background-color":"","background-image":"","background-repeat":"repeat","background-position":"center center","background-size":"auto","background-attachment":"scroll","background-type":"","background-media":"","overlay-type":"","overlay-color":"","overlay-opacity":"","overlay-gradient":""},"mobile":{"background-color":"","background-image":"","background-repeat":"repeat","background-position":"center center","background-size":"auto","background-attachment":"scroll","background-type":"","background-media":"","overlay-type":"","overlay-color":"","overlay-opacity":"","overlay-gradient":""}},"ast-content-background-meta":{"desktop":{"background-color":"var(--ast-global-color-5)","background-image":"","background-repeat":"repeat","background-position":"center center","background-size":"auto","background-attachment":"scroll","background-type":"","background-media":"","overlay-type":"","overlay-color":"","overlay-opacity":"","overlay-gradient":""},"tablet":{"background-color":"var(--ast-global-color-5)","background-image":"","background-repeat":"repeat","background-position":"center center","background-size":"auto","background-attachment":"scroll","background-type":"","background-media":"","overlay-type":"","overlay-color":"","overlay-opacity":"","overlay-gradient":""},"mobile":{"background-color":"var(--ast-global-color-5)","background-image":"","background-repeat":"repeat","background-position":"center center","background-size":"auto","background-attachment":"scroll","background-type":"","background-media":"","overlay-type":"","overlay-color":"","overlay-opacity":"","overlay-gradient":""}},"footnotes":""},"class_list":["post-32292","page","type-page","status-publish","has-post-thumbnail","hentry"],"acf":[],"featured_image_src":"https:\/\/szkoladoktorska.pk.edu.pl\/wp-content\/uploads\/2024\/03\/niebieskie-tlo-symbol.png","uagb_featured_image_src":{"full":["https:\/\/szkoladoktorska.pk.edu.pl\/wp-content\/uploads\/2024\/03\/niebieskie-tlo-symbol.png",1200,675,false],"thumbnail":["https:\/\/szkoladoktorska.pk.edu.pl\/wp-content\/uploads\/2024\/03\/niebieskie-tlo-symbol-150x150.png",150,150,true],"medium":["https:\/\/szkoladoktorska.pk.edu.pl\/wp-content\/uploads\/2024\/03\/niebieskie-tlo-symbol-300x169.png",300,169,true],"medium_large":["https:\/\/szkoladoktorska.pk.edu.pl\/wp-content\/uploads\/2024\/03\/niebieskie-tlo-symbol-768x432.png",768,432,true],"large":["https:\/\/szkoladoktorska.pk.edu.pl\/wp-content\/uploads\/2024\/03\/niebieskie-tlo-symbol-1024x576.png",1024,576,true],"1536x1536":["https:\/\/szkoladoktorska.pk.edu.pl\/wp-content\/uploads\/2024\/03\/niebieskie-tlo-symbol.png",1200,675,false],"2048x2048":["https:\/\/szkoladoktorska.pk.edu.pl\/wp-content\/uploads\/2024\/03\/niebieskie-tlo-symbol.png",1200,675,false]},"uagb_author_info":{"display_name":"plenart","author_link":"https:\/\/szkoladoktorska.pk.edu.pl\/en\/author\/plenart\/"},"uagb_comment_info":0,"uagb_excerpt":"There are 8 disciplines at the CUT Doctoral School, with their respective representatives: Architecture and [&hellip;]","_links":{"self":[{"href":"https:\/\/szkoladoktorska.pk.edu.pl\/en\/wp-json\/wp\/v2\/pages\/32292","targetHints":{"allow":["GET"]}}],"collection":[{"href":"https:\/\/szkoladoktorska.pk.edu.pl\/en\/wp-json\/wp\/v2\/pages"}],"about":[{"href":"https:\/\/szkoladoktorska.pk.edu.pl\/en\/wp-json\/wp\/v2\/types\/page"}],"author":[{"embeddable":true,"href":"https:\/\/szkoladoktorska.pk.edu.pl\/en\/wp-json\/wp\/v2\/users\/916"}],"replies":[{"embeddable":true,"href":"https:\/\/szkoladoktorska.pk.edu.pl\/en\/wp-json\/wp\/v2\/comments?post=32292"}],"version-history":[{"count":7,"href":"https:\/\/szkoladoktorska.pk.edu.pl\/en\/wp-json\/wp\/v2\/pages\/32292\/revisions"}],"predecessor-version":[{"id":33354,"href":"https:\/\/szkoladoktorska.pk.edu.pl\/en\/wp-json\/wp\/v2\/pages\/32292\/revisions\/33354"}],"wp:featuredmedia":[{"embeddable":true,"href":"https:\/\/szkoladoktorska.pk.edu.pl\/en\/wp-json\/wp\/v2\/media\/22717"}],"wp:attachment":[{"href":"https:\/\/szkoladoktorska.pk.edu.pl\/en\/wp-json\/wp\/v2\/media?parent=32292"}],"curies":[{"name":"wp","href":"https:\/\/api.w.org\/{rel}","templated":true}]}}