{"id":32120,"date":"2025-10-30T12:14:23","date_gmt":"2025-10-30T11:14:23","guid":{"rendered":"https:\/\/szkoladoktorska.pk.edu.pl\/?page_id=32120"},"modified":"2025-11-04T10:29:07","modified_gmt":"2025-11-04T09:29:07","slug":"exams-and-interviews","status":"publish","type":"page","link":"https:\/\/szkoladoktorska.pk.edu.pl\/en\/exams-and-interviews\/","title":{"rendered":"Exams and interviews"},"content":{"rendered":"\n<figure class=\"wp-block-table\"><table class=\"has-fixed-layout\"><tbody><tr><td><strong>Dyscyplina<\/strong><br>[Discypline]<\/td><td><strong>08.09.2025 r.<br>EGZAMIN<\/strong><br>[EXAMINATION]<\/td><td><strong>09.09.2025 r.<br>ROZMOWA KWALIFIKACYJNA<br><\/strong>[CANDIDATES\u2019 INTERVIEWS]<\/td><\/tr><tr><td><strong>Automatyka, elektronika, elektrotechnika i technologie kosmiczne<\/strong><br>Automatic Control, Electronics and Electrical Engineering<\/td><td>miejsce: Wydzia\u0142 In\u017cynierii Elektrycznej i Komputerowej, Warszawska 24 sala nr 203A&nbsp;<br>godz. 9.00<\/td><td>miejsce: Wydzia\u0142 In\u017cynierii Elektrycznej i Komputerowej, Warszawska 24 sala nr 203A<br>godz. 10.00<\/td><\/tr><tr><td><strong>Architektura i urbanistyka<\/strong><br>Architecture and Urban Sciences<\/td><td>miejsce: budynek Wydzia\u0142u Architektury PK przy ul. Warszawskiej 24 sala nr 9<br>godz. 10:00<\/td><td>miejsce: budynek Wydzia\u0142u Architektury PK przy ul. Warszawskiej 24 sala nr 9<br>godz. 10:00<\/td><\/tr><tr><td><strong>In\u017cynieria chemiczna<\/strong><br>Chemical Engineering<\/td><td>miejsce: Wydzia\u0142 In\u017cynierii i Technologii Chemicznej sala nr 402<br>godz. 14.00<\/td><td>miejsce: Wydzia\u0142 In\u017cynierii i Technologii Chemicznej sala nr 12<br>od godz. 10.00 (kolejno\u015b\u0107 alfabetyczna)<\/td><\/tr><tr><td><strong>In\u017cynieria l\u0105dowa, geodezja i transport<\/strong><br>Civil Engineering, Geodesy and Transport<\/td><td>miejsce: budynek Galerii GIL sala nr 108<br>godz. 9.00<\/td><td>miejsce: budynek Galerii GIL sala nr 108<br>godz. 9.00<\/td><\/tr><tr><td><strong>In\u017cynieria materia\u0142owa<\/strong><br>Materials Engineering<\/td><td>miejsce: Aleja Jana Paw\u0142a II 37 budynek D Wydzia\u0142 In\u017cynierii Materia\u0142owej i Fizyki sala nr D12<br>godz. 10:00<\/td><td>miejsce: Aleja Jana Paw\u0142a II 37 budynek D Wydzia\u0142 In\u017cynierii Materia\u0142owej i Fizyki sala nr D12<br>godz. 10:00<\/td><\/tr><tr><td><strong>In\u017cynieria \u015brodowiska, g\u00f3rnictwo i energetyka<\/strong><br>Environmental Engineering, Mining and Power Engineering<\/td><td>miejsce: budynek Wydzia\u0142u In\u017cynierii \u015arodowiska i Energetyki sala nr 315&nbsp;<br>godz. 10:00<\/td><td>miejsce: Budynek Wydzia\u0142u In\u017cynierii \u015arodowiska i Energetyki sala nr 114<br>godz. 10:00<\/td><\/tr><tr><td><strong>Informatyka techniczna i telekomunikacja<\/strong><br>Information and Communication Technology<\/td><td>miejsce: budynek Wydzia\u0142u In\u017cynierii i Technologii Chemicznej, Katedra Informatyki, I pi\u0119tro sala nr sala wyk\u0142adowa&nbsp;<br>godz. 10:00<\/td><td>miejsce: Budynek Wydzia\u0142u In\u017cynierii i Technologii Chemicznej, Katedra Informatyki, I pi\u0119tro sala nr sala seminaryjna<br>godz. 10:00<\/td><\/tr><tr><td><strong>In\u017cynieria mechaniczna<\/strong><br>Mechanical Engineering<\/td><td>miejsce: Wydzia\u0142 Mechaniczny, al. Jana Paw\u0142a II 37 sala nr A124<br>godz. 10.00<\/td><td>miejsce: Wydzia\u0142 Mechaniczny, al. Jana Paw\u0142a II 37 sala nr A109<br>godz. 9.00<\/td><\/tr><\/tbody><\/table><\/figure>\n","protected":false},"excerpt":{"rendered":"<p>Dyscyplina[Discypline] 08.09.2025 r.EGZAMIN[EXAMINATION] 09.09.2025 r.ROZMOWA KWALIFIKACYJNA[CANDIDATES\u2019 INTERVIEWS] Automatyka, elektronika, elektrotechnika i technologie kosmiczneAutomatic Control, Electronics [&hellip;]<\/p>\n","protected":false},"author":916,"featured_media":22717,"parent":0,"menu_order":0,"comment_status":"closed","ping_status":"closed","template":"","meta":{"_acf_changed":false,"inline_featured_image":false,"_uag_custom_page_level_css":"","site-sidebar-layout":"default","site-content-layout":"","ast-site-content-layout":"default","site-content-style":"default","site-sidebar-style":"default","ast-global-header-display":"","ast-banner-title-visibility":"","ast-main-header-display":"","ast-hfb-above-header-display":"","ast-hfb-below-header-display":"","ast-hfb-mobile-header-display":"","site-post-title":"","ast-breadcrumbs-content":"","ast-featured-img":"","footer-sml-layout":"","ast-disable-related-posts":"","theme-transparent-header-meta":"","adv-header-id-meta":"","stick-header-meta":"","header-above-stick-meta":"","header-main-stick-meta":"","header-below-stick-meta":"","astra-migrate-meta-layouts":"set","ast-page-background-enabled":"default","ast-page-background-meta":{"desktop":{"background-color":"var(--ast-global-color-4)","background-image":"","background-repeat":"repeat","background-position":"center center","background-size":"auto","background-attachment":"scroll","background-type":"","background-media":"","overlay-type":"","overlay-color":"","overlay-opacity":"","overlay-gradient":""},"tablet":{"background-color":"","background-image":"","background-repeat":"repeat","background-position":"center center","background-size":"auto","background-attachment":"scroll","background-type":"","background-media":"","overlay-type":"","overlay-color":"","overlay-opacity":"","overlay-gradient":""},"mobile":{"background-color":"","background-image":"","background-repeat":"repeat","background-position":"center center","background-size":"auto","background-attachment":"scroll","background-type":"","background-media":"","overlay-type":"","overlay-color":"","overlay-opacity":"","overlay-gradient":""}},"ast-content-background-meta":{"desktop":{"background-color":"var(--ast-global-color-5)","background-image":"","background-repeat":"repeat","background-position":"center center","background-size":"auto","background-attachment":"scroll","background-type":"","background-media":"","overlay-type":"","overlay-color":"","overlay-opacity":"","overlay-gradient":""},"tablet":{"background-color":"var(--ast-global-color-5)","background-image":"","background-repeat":"repeat","background-position":"center center","background-size":"auto","background-attachment":"scroll","background-type":"","background-media":"","overlay-type":"","overlay-color":"","overlay-opacity":"","overlay-gradient":""},"mobile":{"background-color":"var(--ast-global-color-5)","background-image":"","background-repeat":"repeat","background-position":"center center","background-size":"auto","background-attachment":"scroll","background-type":"","background-media":"","overlay-type":"","overlay-color":"","overlay-opacity":"","overlay-gradient":""}},"footnotes":""},"class_list":["post-32120","page","type-page","status-publish","has-post-thumbnail","hentry"],"acf":[],"featured_image_src":"https:\/\/szkoladoktorska.pk.edu.pl\/wp-content\/uploads\/2024\/03\/niebieskie-tlo-symbol.png","uagb_featured_image_src":{"full":["https:\/\/szkoladoktorska.pk.edu.pl\/wp-content\/uploads\/2024\/03\/niebieskie-tlo-symbol.png",1200,675,false],"thumbnail":["https:\/\/szkoladoktorska.pk.edu.pl\/wp-content\/uploads\/2024\/03\/niebieskie-tlo-symbol-150x150.png",150,150,true],"medium":["https:\/\/szkoladoktorska.pk.edu.pl\/wp-content\/uploads\/2024\/03\/niebieskie-tlo-symbol-300x169.png",300,169,true],"medium_large":["https:\/\/szkoladoktorska.pk.edu.pl\/wp-content\/uploads\/2024\/03\/niebieskie-tlo-symbol-768x432.png",768,432,true],"large":["https:\/\/szkoladoktorska.pk.edu.pl\/wp-content\/uploads\/2024\/03\/niebieskie-tlo-symbol-1024x576.png",1024,576,true],"1536x1536":["https:\/\/szkoladoktorska.pk.edu.pl\/wp-content\/uploads\/2024\/03\/niebieskie-tlo-symbol.png",1200,675,false],"2048x2048":["https:\/\/szkoladoktorska.pk.edu.pl\/wp-content\/uploads\/2024\/03\/niebieskie-tlo-symbol.png",1200,675,false]},"uagb_author_info":{"display_name":"plenart","author_link":"https:\/\/szkoladoktorska.pk.edu.pl\/en\/author\/plenart\/"},"uagb_comment_info":0,"uagb_excerpt":"Dyscyplina[Discypline] 08.09.2025 r.EGZAMIN[EXAMINATION] 09.09.2025 r.ROZMOWA KWALIFIKACYJNA[CANDIDATES\u2019 INTERVIEWS] Automatyka, elektronika, elektrotechnika i technologie kosmiczneAutomatic Control, Electronics [&hellip;]","_links":{"self":[{"href":"https:\/\/szkoladoktorska.pk.edu.pl\/en\/wp-json\/wp\/v2\/pages\/32120","targetHints":{"allow":["GET"]}}],"collection":[{"href":"https:\/\/szkoladoktorska.pk.edu.pl\/en\/wp-json\/wp\/v2\/pages"}],"about":[{"href":"https:\/\/szkoladoktorska.pk.edu.pl\/en\/wp-json\/wp\/v2\/types\/page"}],"author":[{"embeddable":true,"href":"https:\/\/szkoladoktorska.pk.edu.pl\/en\/wp-json\/wp\/v2\/users\/916"}],"replies":[{"embeddable":true,"href":"https:\/\/szkoladoktorska.pk.edu.pl\/en\/wp-json\/wp\/v2\/comments?post=32120"}],"version-history":[{"count":1,"href":"https:\/\/szkoladoktorska.pk.edu.pl\/en\/wp-json\/wp\/v2\/pages\/32120\/revisions"}],"predecessor-version":[{"id":32121,"href":"https:\/\/szkoladoktorska.pk.edu.pl\/en\/wp-json\/wp\/v2\/pages\/32120\/revisions\/32121"}],"wp:featuredmedia":[{"embeddable":true,"href":"https:\/\/szkoladoktorska.pk.edu.pl\/en\/wp-json\/wp\/v2\/media\/22717"}],"wp:attachment":[{"href":"https:\/\/szkoladoktorska.pk.edu.pl\/en\/wp-json\/wp\/v2\/media?parent=32120"}],"curies":[{"name":"wp","href":"https:\/\/api.w.org\/{rel}","templated":true}]}}