{"id":32116,"date":"2025-10-30T12:04:32","date_gmt":"2025-10-30T11:04:32","guid":{"rendered":"https:\/\/szkoladoktorska.pk.edu.pl\/?page_id=32116"},"modified":"2025-11-04T10:27:38","modified_gmt":"2025-11-04T09:27:38","slug":"doctoral-school-admissions-at-pk-2025-2026-list-of-admitted-candidates","status":"publish","type":"page","link":"https:\/\/szkoladoktorska.pk.edu.pl\/en\/doctoral-school-admissions-at-pk-2025-2026-list-of-admitted-candidates\/","title":{"rendered":"Doctoral School Admissions at PK 2025\/2026 \u2013 List of Admitted Candidates"},"content":{"rendered":"\n<p>The lists of candidates admitted to the Doctoral School of Cracow University of Technology for the 2025\/2026 academic year will be published after the completion of the admission process, in accordance with the recruitment schedule.<\/p>\n\n\n\n<ul class=\"wp-block-list linki-do-pobrania\">\n<li><a href=\"https:\/\/szkoladoktorska.pk.edu.pl\/wp-content\/uploads\/2025\/10\/Architektura-i-urbanistyka.pdf\">Architektura i urbanistyka<\/a><\/li>\n\n\n\n<li><a href=\"https:\/\/szkoladoktorska.pk.edu.pl\/wp-content\/uploads\/2025\/10\/Automatyka-elektronika-elektrotechnika-i-technologie-kosmiczne.pdf\">Automatyka, elektronika, elektrotechnika i technologie kosmiczne<\/a><\/li>\n\n\n\n<li><a href=\"https:\/\/szkoladoktorska.pk.edu.pl\/wp-content\/uploads\/2025\/10\/Informatyka-techniczna-i-telekomunikacja.pdf\">Informatyka techniczna i telekomunikacja<\/a><\/li>\n\n\n\n<li><a href=\"https:\/\/szkoladoktorska.pk.edu.pl\/wp-content\/uploads\/2025\/10\/Inzynieria-chemiczna.pdf\">In\u017cynieria chemiczna<\/a><\/li>\n\n\n\n<li><a href=\"https:\/\/szkoladoktorska.pk.edu.pl\/wp-content\/uploads\/2025\/10\/inzynieria-ladowa-geodezja-i-transport.pdf\">in\u017cynieria l\u0105dowa, geodezja i transport<\/a><\/li>\n\n\n\n<li><a href=\"https:\/\/szkoladoktorska.pk.edu.pl\/wp-content\/uploads\/2025\/10\/Inzynieria-materialowa-1.pdf\">In\u017cynieria materia\u0142owa<\/a><\/li>\n\n\n\n<li><a href=\"https:\/\/szkoladoktorska.pk.edu.pl\/wp-content\/uploads\/2025\/10\/Inzynieria-mechaniczna-1.pdf\">In\u017cynieria mechaniczna<\/a><\/li>\n\n\n\n<li><a href=\"https:\/\/szkoladoktorska.pk.edu.pl\/wp-content\/uploads\/2025\/10\/Inzynieria-srodowiska-gornictwo-i-energetyka-1.pdf\">In\u017cynieria \u015brodowiska, g\u00f3rnictwo i energetyka<\/a><\/li>\n<\/ul>\n","protected":false},"excerpt":{"rendered":"<p>The lists of candidates admitted to the Doctoral School of Cracow University of Technology for [&hellip;]<\/p>\n","protected":false},"author":916,"featured_media":22717,"parent":0,"menu_order":0,"comment_status":"closed","ping_status":"closed","template":"","meta":{"_acf_changed":false,"inline_featured_image":false,"_uag_custom_page_level_css":"","site-sidebar-layout":"default","site-content-layout":"","ast-site-content-layout":"default","site-content-style":"default","site-sidebar-style":"default","ast-global-header-display":"","ast-banner-title-visibility":"","ast-main-header-display":"","ast-hfb-above-header-display":"","ast-hfb-below-header-display":"","ast-hfb-mobile-header-display":"","site-post-title":"","ast-breadcrumbs-content":"","ast-featured-img":"","footer-sml-layout":"","ast-disable-related-posts":"","theme-transparent-header-meta":"","adv-header-id-meta":"","stick-header-meta":"","header-above-stick-meta":"","header-main-stick-meta":"","header-below-stick-meta":"","astra-migrate-meta-layouts":"set","ast-page-background-enabled":"default","ast-page-background-meta":{"desktop":{"background-color":"var(--ast-global-color-4)","background-image":"","background-repeat":"repeat","background-position":"center center","background-size":"auto","background-attachment":"scroll","background-type":"","background-media":"","overlay-type":"","overlay-color":"","overlay-opacity":"","overlay-gradient":""},"tablet":{"background-color":"","background-image":"","background-repeat":"repeat","background-position":"center center","background-size":"auto","background-attachment":"scroll","background-type":"","background-media":"","overlay-type":"","overlay-color":"","overlay-opacity":"","overlay-gradient":""},"mobile":{"background-color":"","background-image":"","background-repeat":"repeat","background-position":"center center","background-size":"auto","background-attachment":"scroll","background-type":"","background-media":"","overlay-type":"","overlay-color":"","overlay-opacity":"","overlay-gradient":""}},"ast-content-background-meta":{"desktop":{"background-color":"var(--ast-global-color-5)","background-image":"","background-repeat":"repeat","background-position":"center center","background-size":"auto","background-attachment":"scroll","background-type":"","background-media":"","overlay-type":"","overlay-color":"","overlay-opacity":"","overlay-gradient":""},"tablet":{"background-color":"var(--ast-global-color-5)","background-image":"","background-repeat":"repeat","background-position":"center center","background-size":"auto","background-attachment":"scroll","background-type":"","background-media":"","overlay-type":"","overlay-color":"","overlay-opacity":"","overlay-gradient":""},"mobile":{"background-color":"var(--ast-global-color-5)","background-image":"","background-repeat":"repeat","background-position":"center center","background-size":"auto","background-attachment":"scroll","background-type":"","background-media":"","overlay-type":"","overlay-color":"","overlay-opacity":"","overlay-gradient":""}},"footnotes":""},"class_list":["post-32116","page","type-page","status-publish","has-post-thumbnail","hentry"],"acf":[],"featured_image_src":"https:\/\/szkoladoktorska.pk.edu.pl\/wp-content\/uploads\/2024\/03\/niebieskie-tlo-symbol.png","uagb_featured_image_src":{"full":["https:\/\/szkoladoktorska.pk.edu.pl\/wp-content\/uploads\/2024\/03\/niebieskie-tlo-symbol.png",1200,675,false],"thumbnail":["https:\/\/szkoladoktorska.pk.edu.pl\/wp-content\/uploads\/2024\/03\/niebieskie-tlo-symbol-150x150.png",150,150,true],"medium":["https:\/\/szkoladoktorska.pk.edu.pl\/wp-content\/uploads\/2024\/03\/niebieskie-tlo-symbol-300x169.png",300,169,true],"medium_large":["https:\/\/szkoladoktorska.pk.edu.pl\/wp-content\/uploads\/2024\/03\/niebieskie-tlo-symbol-768x432.png",768,432,true],"large":["https:\/\/szkoladoktorska.pk.edu.pl\/wp-content\/uploads\/2024\/03\/niebieskie-tlo-symbol-1024x576.png",1024,576,true],"1536x1536":["https:\/\/szkoladoktorska.pk.edu.pl\/wp-content\/uploads\/2024\/03\/niebieskie-tlo-symbol.png",1200,675,false],"2048x2048":["https:\/\/szkoladoktorska.pk.edu.pl\/wp-content\/uploads\/2024\/03\/niebieskie-tlo-symbol.png",1200,675,false]},"uagb_author_info":{"display_name":"plenart","author_link":"https:\/\/szkoladoktorska.pk.edu.pl\/en\/author\/plenart\/"},"uagb_comment_info":0,"uagb_excerpt":"The lists of candidates admitted to the Doctoral School of Cracow University of Technology for [&hellip;]","_links":{"self":[{"href":"https:\/\/szkoladoktorska.pk.edu.pl\/en\/wp-json\/wp\/v2\/pages\/32116","targetHints":{"allow":["GET"]}}],"collection":[{"href":"https:\/\/szkoladoktorska.pk.edu.pl\/en\/wp-json\/wp\/v2\/pages"}],"about":[{"href":"https:\/\/szkoladoktorska.pk.edu.pl\/en\/wp-json\/wp\/v2\/types\/page"}],"author":[{"embeddable":true,"href":"https:\/\/szkoladoktorska.pk.edu.pl\/en\/wp-json\/wp\/v2\/users\/916"}],"replies":[{"embeddable":true,"href":"https:\/\/szkoladoktorska.pk.edu.pl\/en\/wp-json\/wp\/v2\/comments?post=32116"}],"version-history":[{"count":1,"href":"https:\/\/szkoladoktorska.pk.edu.pl\/en\/wp-json\/wp\/v2\/pages\/32116\/revisions"}],"predecessor-version":[{"id":32119,"href":"https:\/\/szkoladoktorska.pk.edu.pl\/en\/wp-json\/wp\/v2\/pages\/32116\/revisions\/32119"}],"wp:featuredmedia":[{"embeddable":true,"href":"https:\/\/szkoladoktorska.pk.edu.pl\/en\/wp-json\/wp\/v2\/media\/22717"}],"wp:attachment":[{"href":"https:\/\/szkoladoktorska.pk.edu.pl\/en\/wp-json\/wp\/v2\/media?parent=32116"}],"curies":[{"name":"wp","href":"https:\/\/api.w.org\/{rel}","templated":true}]}}