{"id":25018,"date":"2024-08-19T17:16:40","date_gmt":"2024-08-19T15:16:40","guid":{"rendered":"https:\/\/szkoladoktorska.pk.edu.pl\/?page_id=25018"},"modified":"2025-05-20T15:22:27","modified_gmt":"2025-05-20T13:22:27","slug":"mid-term-evaluation-archive","status":"publish","type":"page","link":"https:\/\/szkoladoktorska.pk.edu.pl\/en\/doctoral-school-archive\/mid-term-evaluation-archive\/","title":{"rendered":"Mid-term evaluation archive"},"content":{"rendered":"<div class=\"wp-block-ub-content-toggle wp-block-ub-content-toggle-block\" id=\"ub-content-toggle-block-f69457a0-9cf3-41b7-aca6-0a960b242cdf\" data-mobilecollapse=\"false\" data-desktopcollapse=\"true\" data-preventcollapse=\"false\" data-showonlyone=\"false\">\n<div class=\"wp-block-ub-content-toggle-accordion\" style=\"border-color: #f1f1f1; \" id=\"ub-content-toggle-panel-block-\">\n\t\t\t<div class=\"wp-block-ub-content-toggle-accordion-title-wrap\" style=\"background-color: #f1f1f1;\" aria-controls=\"ub-content-toggle-panel-0-f69457a0-9cf3-41b7-aca6-0a960b242cdf\" tabindex=\"0\">\n\t\t\t<p class=\"wp-block-ub-content-toggle-accordion-title ub-content-toggle-title-f69457a0-9cf3-41b7-aca6-0a960b242cdf\" style=\"color: #000000; \">Mid-term evaluation 2024<\/p>\n\t\t\t<div class=\"wp-block-ub-content-toggle-accordion-toggle-wrap right\" style=\"color: #000000;\"><span class=\"wp-block-ub-content-toggle-accordion-state-indicator wp-block-ub-chevron-down\"><\/span><\/div>\n\t\t<\/div>\n\t\t\t<div role=\"region\" aria-expanded=\"false\" class=\"wp-block-ub-content-toggle-accordion-content-wrap ub-hide\" id=\"ub-content-toggle-panel-0-f69457a0-9cf3-41b7-aca6-0a960b242cdf\">\n\n<div class=\"wp-block-file\"><a id=\"wp-block-file--media-bed8df7b-4588-47a8-a6db-ae4db7e037cb\" href=\"https:\/\/szkoladoktorska.pk.edu.pl\/wp-content\/uploads\/2024\/05\/dscut-OS-16052024.pdf\">Announcement No. 1\/me\/2024 of the Director of the Doctoral School of Cracow University of Technology of 13 May 2024 on the 2024 mid-term evaluation procedure at the CUT DS<\/a><a href=\"https:\/\/szkoladoktorska.pk.edu.pl\/wp-content\/uploads\/2024\/05\/dscut-OS-16052024.pdf\" class=\"wp-block-file__button wp-element-button\" download aria-describedby=\"wp-block-file--media-bed8df7b-4588-47a8-a6db-ae4db7e037cb\">Pobierz<\/a><\/div>\n\n\n\n<div class=\"wp-block-file\"><a id=\"wp-block-file--media-9e5fa641-d8ca-4b97-ac52-8f170098c67b\" href=\"https:\/\/szkoladoktorska.pk.edu.pl\/wp-content\/uploads\/2024\/05\/dcsut-os-komunikat2-2024.pdf\">Announcement no 2\/me\/2024 of the Director of the Doctoral School of Cracow University of Technology of 16 May 2024 on the appointment of the 2024 mid-term evaluation committees<\/a><a href=\"https:\/\/szkoladoktorska.pk.edu.pl\/wp-content\/uploads\/2024\/05\/dcsut-os-komunikat2-2024.pdf\" class=\"wp-block-file__button wp-element-button\" download aria-describedby=\"wp-block-file--media-9e5fa641-d8ca-4b97-ac52-8f170098c67b\">Pobierz<\/a><\/div>\n\n\n\n<div class=\"wp-block-file\"><a id=\"wp-block-file--media-9dadf1d5-753c-44ce-9d51-fe6f21918ed3\" href=\"https:\/\/szkoladoktorska.pk.edu.pl\/wp-content\/uploads\/2024\/06\/dcsut-os-komunikat3-2024.pdf\">Announcement no 3\/me\/2024 of the Director of the Doctoral School of Cracow University of Technology of 28 May 2024 on the 2024 mid-term evaluation time schedule<\/a><a href=\"https:\/\/szkoladoktorska.pk.edu.pl\/wp-content\/uploads\/2024\/06\/dcsut-os-komunikat3-2024.pdf\" class=\"wp-block-file__button wp-element-button\" download aria-describedby=\"wp-block-file--media-9dadf1d5-753c-44ce-9d51-fe6f21918ed3\">Pobierz<\/a><\/div>\n\n\n<div class=\"wp-block-ub-content-toggle wp-block-ub-content-toggle-block\" id=\"ub-content-toggle-block-e222e81d-84ec-4019-9e71-0d0014daf4e9\" data-mobilecollapse=\"false\" data-desktopcollapse=\"true\" data-preventcollapse=\"false\" data-showonlyone=\"false\">\n<div class=\"wp-block-ub-content-toggle-accordion\" style=\"border-color: #f1f1f1; \" id=\"ub-content-toggle-panel-block-ccc134ee-51b0-49ce-a4db-d73a957d1fc9\">\n\t\t\t<div class=\"wp-block-ub-content-toggle-accordion-title-wrap\" style=\"background-color: #f1f1f1;\" aria-controls=\"ub-content-toggle-panel-0-e222e81d-84ec-4019-9e71-0d0014daf4e9\" tabindex=\"0\">\n\t\t\t<p class=\"wp-block-ub-content-toggle-accordion-title ub-content-toggle-title-e222e81d-84ec-4019-9e71-0d0014daf4e9\" style=\"color: #000000; \">Schedule<\/p>\n\t\t\t<div class=\"wp-block-ub-content-toggle-accordion-toggle-wrap right\" style=\"color: #000000;\"><span class=\"wp-block-ub-content-toggle-accordion-state-indicator wp-block-ub-chevron-down\"><\/span><\/div>\n\t\t<\/div>\n\t\t\t<div role=\"region\" aria-expanded=\"false\" class=\"wp-block-ub-content-toggle-accordion-content-wrap ub-hide\" id=\"ub-content-toggle-panel-0-e222e81d-84ec-4019-9e71-0d0014daf4e9\">\n\n<p><\/p>\n\n\n\n<div class=\"wp-block-file\"><a id=\"wp-block-file--media-88a96863-f142-4e48-a906-eceeb0bfb407\" href=\"https:\/\/szkoladoktorska.pk.edu.pl\/wp-content\/uploads\/2024\/09\/AiU_terminarz-os2024.pdf\">AiU_Schedule-os2024<\/a><a href=\"https:\/\/szkoladoktorska.pk.edu.pl\/wp-content\/uploads\/2024\/09\/AiU_terminarz-os2024.pdf\" class=\"wp-block-file__button wp-element-button\" download aria-describedby=\"wp-block-file--media-88a96863-f142-4e48-a906-eceeb0bfb407\">Pobierz<\/a><\/div>\n\n\n\n<div class=\"wp-block-file\"><a id=\"wp-block-file--media-0d478696-c277-44c2-8db9-9686023aeb34\" href=\"https:\/\/szkoladoktorska.pk.edu.pl\/wp-content\/uploads\/2024\/09\/AEEiTK_terminarz-os2024.pdf\">AEEiTK_Schedule-os2024<\/a><a href=\"https:\/\/szkoladoktorska.pk.edu.pl\/wp-content\/uploads\/2024\/09\/AEEiTK_terminarz-os2024.pdf\" class=\"wp-block-file__button wp-element-button\" download aria-describedby=\"wp-block-file--media-0d478696-c277-44c2-8db9-9686023aeb34\">Pobierz<\/a><\/div>\n\n\n\n<div class=\"wp-block-file\"><a id=\"wp-block-file--media-50bef1ad-69d6-4f96-873b-895abdbaa5e7\" href=\"https:\/\/szkoladoktorska.pk.edu.pl\/wp-content\/uploads\/2024\/09\/ICh_terminarz-os2024.pdf\">ICh_Schedule-os2024<\/a><a href=\"https:\/\/szkoladoktorska.pk.edu.pl\/wp-content\/uploads\/2024\/09\/ICh_terminarz-os2024.pdf\" class=\"wp-block-file__button wp-element-button\" download aria-describedby=\"wp-block-file--media-50bef1ad-69d6-4f96-873b-895abdbaa5e7\">Pobierz<\/a><\/div>\n\n\n\n<div class=\"wp-block-file\"><a id=\"wp-block-file--media-a248aec7-ddb0-4e7e-912a-5ce90a23afad\" href=\"https:\/\/szkoladoktorska.pk.edu.pl\/wp-content\/uploads\/2024\/09\/ILGiT_terminarz-os2024.pdf\">ILGiT_Schedule-os2024<\/a><a href=\"https:\/\/szkoladoktorska.pk.edu.pl\/wp-content\/uploads\/2024\/09\/ILGiT_terminarz-os2024.pdf\" class=\"wp-block-file__button wp-element-button\" download aria-describedby=\"wp-block-file--media-a248aec7-ddb0-4e7e-912a-5ce90a23afad\">Pobierz<\/a><\/div>\n\n\n\n<div class=\"wp-block-file\"><a id=\"wp-block-file--media-a09a6994-6fe3-4ffa-82fa-aec9144387e2\" href=\"https:\/\/szkoladoktorska.pk.edu.pl\/wp-content\/uploads\/2024\/09\/IMat_terminarz-os2024.pdf\">IMat_Schedule-os2024<\/a><a href=\"https:\/\/szkoladoktorska.pk.edu.pl\/wp-content\/uploads\/2024\/09\/IMat_terminarz-os2024.pdf\" class=\"wp-block-file__button wp-element-button\" download aria-describedby=\"wp-block-file--media-a09a6994-6fe3-4ffa-82fa-aec9144387e2\">Pobierz<\/a><\/div>\n\n\n\n<div class=\"wp-block-file\"><a id=\"wp-block-file--media-1eabd952-7b48-4e0c-a7df-44698174897a\" href=\"https:\/\/szkoladoktorska.pk.edu.pl\/wp-content\/uploads\/2024\/09\/IMech_terminarz-os2024.pdf\">IMech_Schedule-os2024<\/a><a href=\"https:\/\/szkoladoktorska.pk.edu.pl\/wp-content\/uploads\/2024\/09\/IMech_terminarz-os2024.pdf\" class=\"wp-block-file__button wp-element-button\" download aria-describedby=\"wp-block-file--media-1eabd952-7b48-4e0c-a7df-44698174897a\">Pobierz<\/a><\/div>\n\n\n\n<div class=\"wp-block-file\"><a id=\"wp-block-file--media-735019c3-4abe-4e41-83bb-ec2dfa6bc4e9\" href=\"https:\/\/szkoladoktorska.pk.edu.pl\/wp-content\/uploads\/2024\/09\/ISGiE_terminarz-os2024.pdf\">I\u015aGiE_Schedule-os2024<\/a><a href=\"https:\/\/szkoladoktorska.pk.edu.pl\/wp-content\/uploads\/2024\/09\/ISGiE_terminarz-os2024.pdf\" class=\"wp-block-file__button wp-element-button\" download aria-describedby=\"wp-block-file--media-735019c3-4abe-4e41-83bb-ec2dfa6bc4e9\">Pobierz<\/a><\/div>\n\n<\/div>\n\t\t<\/div>\n\n<div class=\"wp-block-ub-content-toggle-accordion\" style=\"border-color: #f1f1f1; \" id=\"ub-content-toggle-panel-block-e51b5b6f-f6f8-4c20-aacf-40f2805ae414\">\n\t\t\t<div class=\"wp-block-ub-content-toggle-accordion-title-wrap\" style=\"background-color: #f1f1f1;\" aria-controls=\"ub-content-toggle-panel-1-e222e81d-84ec-4019-9e71-0d0014daf4e9\" tabindex=\"0\">\n\t\t\t<p class=\"wp-block-ub-content-toggle-accordion-title ub-content-toggle-title-e222e81d-84ec-4019-9e71-0d0014daf4e9\" style=\"color: #000000; \">Results<\/p>\n\t\t\t<div class=\"wp-block-ub-content-toggle-accordion-toggle-wrap right\" style=\"color: #000000;\"><span class=\"wp-block-ub-content-toggle-accordion-state-indicator wp-block-ub-chevron-down\"><\/span><\/div>\n\t\t<\/div>\n\t\t\t<div role=\"region\" aria-expanded=\"false\" class=\"wp-block-ub-content-toggle-accordion-content-wrap ub-hide\" id=\"ub-content-toggle-panel-1-e222e81d-84ec-4019-9e71-0d0014daf4e9\">\n\n<div class=\"wp-block-file\"><a id=\"wp-block-file--media-360a8a3b-8ef8-4c20-95f6-ff96fbeee8f1\" href=\"https:\/\/szkoladoktorska.pk.edu.pl\/wp-content\/uploads\/2024\/10\/AiU_wyniki-os2024.pdf\">AiU_Results-os2024<\/a><a href=\"https:\/\/szkoladoktorska.pk.edu.pl\/wp-content\/uploads\/2024\/10\/AiU_wyniki-os2024.pdf\" class=\"wp-block-file__button wp-element-button\" download aria-describedby=\"wp-block-file--media-360a8a3b-8ef8-4c20-95f6-ff96fbeee8f1\">Pobierz<\/a><\/div>\n\n\n\n<div class=\"wp-block-file\"><a id=\"wp-block-file--media-44a93540-a65a-4b15-b9d4-36dd308ec5bb\" href=\"https:\/\/szkoladoktorska.pk.edu.pl\/wp-content\/uploads\/2024\/10\/AEEiTK_wyniki-os2024.pdf\">AEEiTK_Results-os2024<\/a><a href=\"https:\/\/szkoladoktorska.pk.edu.pl\/wp-content\/uploads\/2024\/10\/AEEiTK_wyniki-os2024.pdf\" class=\"wp-block-file__button wp-element-button\" download aria-describedby=\"wp-block-file--media-44a93540-a65a-4b15-b9d4-36dd308ec5bb\">Pobierz<\/a><\/div>\n\n\n\n<div class=\"wp-block-file\"><a id=\"wp-block-file--media-c063afb3-075c-40b7-a542-8b8466b7e245\" href=\"https:\/\/szkoladoktorska.pk.edu.pl\/wp-content\/uploads\/2024\/10\/ICh_wyniki-os2024.pdf\">ICh_Results-os2024<\/a><a href=\"https:\/\/szkoladoktorska.pk.edu.pl\/wp-content\/uploads\/2024\/10\/ICh_wyniki-os2024.pdf\" class=\"wp-block-file__button wp-element-button\" download aria-describedby=\"wp-block-file--media-c063afb3-075c-40b7-a542-8b8466b7e245\">Pobierz<\/a><\/div>\n\n\n\n<div class=\"wp-block-file\"><a id=\"wp-block-file--media-dce46614-50fb-4614-ae15-1d8540674f4f\" href=\"https:\/\/szkoladoktorska.pk.edu.pl\/wp-content\/uploads\/2024\/10\/ILGiT_wyniki-os2024.pdf\">ILGiT_Results-os2024<\/a><a href=\"https:\/\/szkoladoktorska.pk.edu.pl\/wp-content\/uploads\/2024\/10\/ILGiT_wyniki-os2024.pdf\" class=\"wp-block-file__button wp-element-button\" download aria-describedby=\"wp-block-file--media-dce46614-50fb-4614-ae15-1d8540674f4f\">Pobierz<\/a><\/div>\n\n\n\n<div class=\"wp-block-file\"><a id=\"wp-block-file--media-fb2bc4ea-bfe2-4f54-a458-1ae51616a07d\" href=\"https:\/\/szkoladoktorska.pk.edu.pl\/wp-content\/uploads\/2024\/10\/IMat_wyniki-os2024.pdf\">IMat_Results-os2024<\/a><a href=\"https:\/\/szkoladoktorska.pk.edu.pl\/wp-content\/uploads\/2024\/10\/IMat_wyniki-os2024.pdf\" class=\"wp-block-file__button wp-element-button\" download aria-describedby=\"wp-block-file--media-fb2bc4ea-bfe2-4f54-a458-1ae51616a07d\">Pobierz<\/a><\/div>\n\n\n\n<div class=\"wp-block-file\"><a id=\"wp-block-file--media-8190b218-f842-4821-b11e-91020d494688\" href=\"https:\/\/szkoladoktorska.pk.edu.pl\/wp-content\/uploads\/2024\/10\/IMech_wyniki-os2024.pdf\">IMech_Results-os2024<\/a><a href=\"https:\/\/szkoladoktorska.pk.edu.pl\/wp-content\/uploads\/2024\/10\/IMech_wyniki-os2024.pdf\" class=\"wp-block-file__button wp-element-button\" download aria-describedby=\"wp-block-file--media-8190b218-f842-4821-b11e-91020d494688\">Pobierz<\/a><\/div>\n\n\n\n<div class=\"wp-block-file\"><a id=\"wp-block-file--media-c6450b76-e5d1-46ba-918a-66e7326b4b94\" href=\"https:\/\/szkoladoktorska.pk.edu.pl\/wp-content\/uploads\/2024\/10\/ISGiE_wyniki-os2024.pdf\">ISGiE_Results-os2024<\/a><a href=\"https:\/\/szkoladoktorska.pk.edu.pl\/wp-content\/uploads\/2024\/10\/ISGiE_wyniki-os2024.pdf\" class=\"wp-block-file__button wp-element-button\" download aria-describedby=\"wp-block-file--media-c6450b76-e5d1-46ba-918a-66e7326b4b94\">Pobierz<\/a><\/div>\n\n<\/div>\n\t\t<\/div>\n<\/div>\n<\/div>\n\t\t<\/div>\n\n<div class=\"wp-block-ub-content-toggle-accordion\" style=\"border-color: #f1f1f1; \" id=\"ub-content-toggle-panel-block-9aa251fe-042b-41c1-967b-a0931e4f8634\">\n\t\t\t<div class=\"wp-block-ub-content-toggle-accordion-title-wrap\" style=\"background-color: #f1f1f1;\" aria-controls=\"ub-content-toggle-panel-1-f69457a0-9cf3-41b7-aca6-0a960b242cdf\" tabindex=\"0\">\n\t\t\t<p class=\"wp-block-ub-content-toggle-accordion-title ub-content-toggle-title-f69457a0-9cf3-41b7-aca6-0a960b242cdf\" style=\"color: #000000; \">Mid-term evaluation 2023<\/p>\n\t\t\t<div class=\"wp-block-ub-content-toggle-accordion-toggle-wrap right\" style=\"color: #000000;\"><span class=\"wp-block-ub-content-toggle-accordion-state-indicator wp-block-ub-chevron-down\"><\/span><\/div>\n\t\t<\/div>\n\t\t\t<div role=\"region\" aria-expanded=\"false\" class=\"wp-block-ub-content-toggle-accordion-content-wrap ub-hide\" id=\"ub-content-toggle-panel-1-f69457a0-9cf3-41b7-aca6-0a960b242cdf\">\n<p>[show_file_list id=&#8221;20029&#8243;]<\/p>\n\n\n\n<div class=\"wp-block-file\"><a id=\"wp-block-file--media-e874f118-6b1d-47ae-94e6-6089aaf2469a\" href=\"https:\/\/szkoladoktorska.pk.edu.pl\/wp-content\/uploads\/2023\/10\/sdpk-komunikaty2-informacje-organizacyjne-OS23.pdf\">Komunikat nr 2\/2023 Dyrektora Szko\u0142y Doktorskiej Politechniki Krakowskiej z dn. 11.05.2023<br>Informacje Ocena \u015br\u00f3dokresowa 2023 dotycz\u0105ce oceny \u015br\u00f3dokresowej (o\u015b) 2023<\/a><a href=\"https:\/\/szkoladoktorska.pk.edu.pl\/wp-content\/uploads\/2023\/10\/sdpk-komunikaty2-informacje-organizacyjne-OS23.pdf\" class=\"wp-block-file__button wp-element-button\" download aria-describedby=\"wp-block-file--media-e874f118-6b1d-47ae-94e6-6089aaf2469a\">Pobierz<\/a><\/div>\n\n\n\n<div class=\"wp-block-file\"><a id=\"wp-block-file--media-3fb71301-490f-4486-ab34-6f5b6d2d0d6d\" href=\"https:\/\/szkoladoktorska.pk.edu.pl\/wp-content\/uploads\/2023\/10\/sdpk-komunikaty3-harmonogram-OS23.pdf\">Komunikat nr 3\/2023 Dyrektora Szko\u0142y Doktorskiej Politechniki Krakowskiej z dn. 11.05.2023<br>Harmonogram oceny \u015br\u00f3dokresowej 2023<\/a><a href=\"https:\/\/szkoladoktorska.pk.edu.pl\/wp-content\/uploads\/2023\/10\/sdpk-komunikaty3-harmonogram-OS23.pdf\" class=\"wp-block-file__button wp-element-button\" download aria-describedby=\"wp-block-file--media-3fb71301-490f-4486-ab34-6f5b6d2d0d6d\">Pobierz<\/a><\/div>\n\n<\/div>\n\t\t<\/div>\n<\/div>\n\n\n<p><\/p>\n","protected":false},"excerpt":{"rendered":"","protected":false},"author":913,"featured_media":22717,"parent":24813,"menu_order":0,"comment_status":"closed","ping_status":"closed","template":"","meta":{"_acf_changed":false,"inline_featured_image":false,"_uag_custom_page_level_css":"","site-sidebar-layout":"default","site-content-layout":"","ast-site-content-layout":"default","site-content-style":"default","site-sidebar-style":"default","ast-global-header-display":"","ast-banner-title-visibility":"","ast-main-header-display":"","ast-hfb-above-header-display":"","ast-hfb-below-header-display":"","ast-hfb-mobile-header-display":"","site-post-title":"","ast-breadcrumbs-content":"","ast-featured-img":"","footer-sml-layout":"","ast-disable-related-posts":"","theme-transparent-header-meta":"","adv-header-id-meta":"","stick-header-meta":"","header-above-stick-meta":"","header-main-stick-meta":"","header-below-stick-meta":"","astra-migrate-meta-layouts":"set","ast-page-background-enabled":"default","ast-page-background-meta":{"desktop":{"background-color":"var(--ast-global-color-4)","background-image":"","background-repeat":"repeat","background-position":"center center","background-size":"auto","background-attachment":"scroll","background-type":"","background-media":"","overlay-type":"","overlay-color":"","overlay-opacity":"","overlay-gradient":""},"tablet":{"background-color":"","background-image":"","background-repeat":"repeat","background-position":"center center","background-size":"auto","background-attachment":"scroll","background-type":"","background-media":"","overlay-type":"","overlay-color":"","overlay-opacity":"","overlay-gradient":""},"mobile":{"background-color":"","background-image":"","background-repeat":"repeat","background-position":"center center","background-size":"auto","background-attachment":"scroll","background-type":"","background-media":"","overlay-type":"","overlay-color":"","overlay-opacity":"","overlay-gradient":""}},"ast-content-background-meta":{"desktop":{"background-color":"var(--ast-global-color-5)","background-image":"","background-repeat":"repeat","background-position":"center center","background-size":"auto","background-attachment":"scroll","background-type":"","background-media":"","overlay-type":"","overlay-color":"","overlay-opacity":"","overlay-gradient":""},"tablet":{"background-color":"var(--ast-global-color-5)","background-image":"","background-repeat":"repeat","background-position":"center center","background-size":"auto","background-attachment":"scroll","background-type":"","background-media":"","overlay-type":"","overlay-color":"","overlay-opacity":"","overlay-gradient":""},"mobile":{"background-color":"var(--ast-global-color-5)","background-image":"","background-repeat":"repeat","background-position":"center center","background-size":"auto","background-attachment":"scroll","background-type":"","background-media":"","overlay-type":"","overlay-color":"","overlay-opacity":"","overlay-gradient":""}},"footnotes":""},"class_list":["post-25018","page","type-page","status-publish","has-post-thumbnail","hentry"],"acf":[],"featured_image_src":"https:\/\/szkoladoktorska.pk.edu.pl\/wp-content\/uploads\/2024\/03\/niebieskie-tlo-symbol.png","uagb_featured_image_src":{"full":["https:\/\/szkoladoktorska.pk.edu.pl\/wp-content\/uploads\/2024\/03\/niebieskie-tlo-symbol.png",1200,675,false],"thumbnail":["https:\/\/szkoladoktorska.pk.edu.pl\/wp-content\/uploads\/2024\/03\/niebieskie-tlo-symbol-150x150.png",150,150,true],"medium":["https:\/\/szkoladoktorska.pk.edu.pl\/wp-content\/uploads\/2024\/03\/niebieskie-tlo-symbol-300x169.png",300,169,true],"medium_large":["https:\/\/szkoladoktorska.pk.edu.pl\/wp-content\/uploads\/2024\/03\/niebieskie-tlo-symbol-768x432.png",768,432,true],"large":["https:\/\/szkoladoktorska.pk.edu.pl\/wp-content\/uploads\/2024\/03\/niebieskie-tlo-symbol-1024x576.png",1024,576,true],"1536x1536":["https:\/\/szkoladoktorska.pk.edu.pl\/wp-content\/uploads\/2024\/03\/niebieskie-tlo-symbol.png",1200,675,false],"2048x2048":["https:\/\/szkoladoktorska.pk.edu.pl\/wp-content\/uploads\/2024\/03\/niebieskie-tlo-symbol.png",1200,675,false]},"uagb_author_info":{"display_name":"dkluczynski","author_link":"https:\/\/szkoladoktorska.pk.edu.pl\/en\/author\/dkluczynski\/"},"uagb_comment_info":0,"uagb_excerpt":null,"_links":{"self":[{"href":"https:\/\/szkoladoktorska.pk.edu.pl\/en\/wp-json\/wp\/v2\/pages\/25018","targetHints":{"allow":["GET"]}}],"collection":[{"href":"https:\/\/szkoladoktorska.pk.edu.pl\/en\/wp-json\/wp\/v2\/pages"}],"about":[{"href":"https:\/\/szkoladoktorska.pk.edu.pl\/en\/wp-json\/wp\/v2\/types\/page"}],"author":[{"embeddable":true,"href":"https:\/\/szkoladoktorska.pk.edu.pl\/en\/wp-json\/wp\/v2\/users\/913"}],"replies":[{"embeddable":true,"href":"https:\/\/szkoladoktorska.pk.edu.pl\/en\/wp-json\/wp\/v2\/comments?post=25018"}],"version-history":[{"count":0,"href":"https:\/\/szkoladoktorska.pk.edu.pl\/en\/wp-json\/wp\/v2\/pages\/25018\/revisions"}],"up":[{"embeddable":true,"href":"https:\/\/szkoladoktorska.pk.edu.pl\/en\/wp-json\/wp\/v2\/pages\/24813"}],"wp:featuredmedia":[{"embeddable":true,"href":"https:\/\/szkoladoktorska.pk.edu.pl\/en\/wp-json\/wp\/v2\/media\/22717"}],"wp:attachment":[{"href":"https:\/\/szkoladoktorska.pk.edu.pl\/en\/wp-json\/wp\/v2\/media?parent=25018"}],"curies":[{"name":"wp","href":"https:\/\/api.w.org\/{rel}","templated":true}]}}