{"id":23263,"date":"2024-02-12T07:40:53","date_gmt":"2024-02-12T06:40:53","guid":{"rendered":"https:\/\/szkoladoktorska.pk.edu.pl\/mechanical-engineering\/sylwetki-promotorow-inz-mech\/"},"modified":"2025-11-05T12:31:41","modified_gmt":"2025-11-05T11:31:41","slug":"promoter-profiles","status":"publish","type":"page","link":"https:\/\/szkoladoktorska.pk.edu.pl\/en\/mechanical-engineering\/promoter-profiles\/","title":{"rendered":"Promoter profiles"},"content":{"rendered":"\n<ul class=\"wp-block-list linki-do-pobrania\">\n<li><a href=\"https:\/\/szkoladoktorska.pk.edu.pl\/wp-content\/uploads\/2023\/10\/Bryla_K_Sylwetka_promotora_ang.pdf\">Krzysztof Bry\u0142a<\/a><\/li>\n\n\n\n<li><a href=\"https:\/\/szkoladoktorska.pk.edu.pl\/wp-content\/uploads\/2023\/10\/Chwal_M_Sylwetka_promotora_ang.pdf\">Ma\u0142gorzata Chwa\u0142<\/a><\/li>\n\n\n\n<li><a href=\"https:\/\/szkoladoktorska.pk.edu.pl\/wp-content\/uploads\/2023\/10\/Cyklis_ang.pdf\">Piotr Cyklis<\/a><\/li>\n\n\n\n<li><a href=\"https:\/\/szkoladoktorska.pk.edu.pl\/wp-content\/uploads\/2023\/10\/Duda_P_Sylwetka_promotora_ang.pdf\">Piotr Duda<\/a><\/li>\n\n\n\n<li><a href=\"https:\/\/szkoladoktorska.pk.edu.pl\/wp-content\/uploads\/2023\/10\/Egner_H_Sylwetka_promotora_ang.pdf\">Halina Egner<\/a><\/li>\n\n\n\n<li><a href=\"https:\/\/szkoladoktorska.pk.edu.pl\/wp-content\/uploads\/2023\/10\/Gadek-Moszczak_ang.pdf\">Aneta G\u0105dek-Moszczak<\/a><\/li>\n\n\n\n<li><a href=\"https:\/\/szkoladoktorska.pk.edu.pl\/wp-content\/uploads\/2023\/10\/Ganczarski_ang.pdf\">Artur Ganczarski<\/a><\/li>\n\n\n\n<li><a href=\"https:\/\/szkoladoktorska.pk.edu.pl\/wp-content\/uploads\/2023\/10\/Gaska_ang.pdf\">Adam G\u0105ska<\/a><\/li>\n\n\n\n<li><a href=\"https:\/\/szkoladoktorska.pk.edu.pl\/wp-content\/uploads\/2023\/10\/Milewski_ang.pdf\">Grzegorz Milewski<\/a><\/li>\n\n\n\n<li><a href=\"https:\/\/szkoladoktorska.pk.edu.pl\/wp-content\/uploads\/2023\/10\/Pietraszek_ang.pdf\">Jacek Pietraszek<\/a><\/li>\n\n\n\n<li><a href=\"https:\/\/szkoladoktorska.pk.edu.pl\/wp-content\/uploads\/2023\/10\/Skoczen_ang.pdf\">B\u0142a\u017cej Skocze\u0144<\/a><\/li>\n\n\n\n<li><a href=\"https:\/\/szkoladoktorska.pk.edu.pl\/wp-content\/uploads\/2023\/10\/Skoczypiec_ang.pdf\">Sebastian Skoczypiec<\/a><\/li>\n\n\n\n<li><a href=\"https:\/\/szkoladoktorska.pk.edu.pl\/wp-content\/uploads\/2023\/10\/Sladek_ang.pdf\">Jerzy S\u0142adek<\/a><\/li>\n<\/ul>\n","protected":false},"excerpt":{"rendered":"","protected":false},"author":913,"featured_media":22720,"parent":20797,"menu_order":0,"comment_status":"closed","ping_status":"closed","template":"","meta":{"_acf_changed":false,"inline_featured_image":false,"_uag_custom_page_level_css":"","site-sidebar-layout":"default","site-content-layout":"","ast-site-content-layout":"default","site-content-style":"default","site-sidebar-style":"default","ast-global-header-display":"","ast-banner-title-visibility":"","ast-main-header-display":"","ast-hfb-above-header-display":"","ast-hfb-below-header-display":"","ast-hfb-mobile-header-display":"","site-post-title":"","ast-breadcrumbs-content":"","ast-featured-img":"","footer-sml-layout":"","ast-disable-related-posts":"","theme-transparent-header-meta":"","adv-header-id-meta":"","stick-header-meta":"","header-above-stick-meta":"","header-main-stick-meta":"","header-below-stick-meta":"","astra-migrate-meta-layouts":"set","ast-page-background-enabled":"default","ast-page-background-meta":{"desktop":{"background-color":"var(--ast-global-color-4)","background-image":"","background-repeat":"repeat","background-position":"center center","background-size":"auto","background-attachment":"scroll","background-type":"","background-media":"","overlay-type":"","overlay-color":"","overlay-opacity":"","overlay-gradient":""},"tablet":{"background-color":"","background-image":"","background-repeat":"repeat","background-position":"center center","background-size":"auto","background-attachment":"scroll","background-type":"","background-media":"","overlay-type":"","overlay-color":"","overlay-opacity":"","overlay-gradient":""},"mobile":{"background-color":"","background-image":"","background-repeat":"repeat","background-position":"center center","background-size":"auto","background-attachment":"scroll","background-type":"","background-media":"","overlay-type":"","overlay-color":"","overlay-opacity":"","overlay-gradient":""}},"ast-content-background-meta":{"desktop":{"background-color":"var(--ast-global-color-5)","background-image":"","background-repeat":"repeat","background-position":"center center","background-size":"auto","background-attachment":"scroll","background-type":"","background-media":"","overlay-type":"","overlay-color":"","overlay-opacity":"","overlay-gradient":""},"tablet":{"background-color":"var(--ast-global-color-5)","background-image":"","background-repeat":"repeat","background-position":"center center","background-size":"auto","background-attachment":"scroll","background-type":"","background-media":"","overlay-type":"","overlay-color":"","overlay-opacity":"","overlay-gradient":""},"mobile":{"background-color":"var(--ast-global-color-5)","background-image":"","background-repeat":"repeat","background-position":"center center","background-size":"auto","background-attachment":"scroll","background-type":"","background-media":"","overlay-type":"","overlay-color":"","overlay-opacity":"","overlay-gradient":""}},"footnotes":""},"class_list":["post-23263","page","type-page","status-publish","has-post-thumbnail","hentry"],"acf":[],"featured_image_src":"https:\/\/szkoladoktorska.pk.edu.pl\/wp-content\/uploads\/2024\/03\/niebieskie-tlo-symbol.png","uagb_featured_image_src":{"full":["https:\/\/szkoladoktorska.pk.edu.pl\/wp-content\/uploads\/2024\/03\/niebieskie-tlo-symbol.png",1200,675,false],"thumbnail":["https:\/\/szkoladoktorska.pk.edu.pl\/wp-content\/uploads\/2024\/03\/niebieskie-tlo-symbol-150x150.png",150,150,true],"medium":["https:\/\/szkoladoktorska.pk.edu.pl\/wp-content\/uploads\/2024\/03\/niebieskie-tlo-symbol-300x169.png",300,169,true],"medium_large":["https:\/\/szkoladoktorska.pk.edu.pl\/wp-content\/uploads\/2024\/03\/niebieskie-tlo-symbol-768x432.png",768,432,true],"large":["https:\/\/szkoladoktorska.pk.edu.pl\/wp-content\/uploads\/2024\/03\/niebieskie-tlo-symbol-1024x576.png",1024,576,true],"1536x1536":["https:\/\/szkoladoktorska.pk.edu.pl\/wp-content\/uploads\/2024\/03\/niebieskie-tlo-symbol.png",1200,675,false],"2048x2048":["https:\/\/szkoladoktorska.pk.edu.pl\/wp-content\/uploads\/2024\/03\/niebieskie-tlo-symbol.png",1200,675,false]},"uagb_author_info":{"display_name":"dkluczynski","author_link":"https:\/\/szkoladoktorska.pk.edu.pl\/en\/author\/dkluczynski\/"},"uagb_comment_info":0,"uagb_excerpt":null,"_links":{"self":[{"href":"https:\/\/szkoladoktorska.pk.edu.pl\/en\/wp-json\/wp\/v2\/pages\/23263","targetHints":{"allow":["GET"]}}],"collection":[{"href":"https:\/\/szkoladoktorska.pk.edu.pl\/en\/wp-json\/wp\/v2\/pages"}],"about":[{"href":"https:\/\/szkoladoktorska.pk.edu.pl\/en\/wp-json\/wp\/v2\/types\/page"}],"author":[{"embeddable":true,"href":"https:\/\/szkoladoktorska.pk.edu.pl\/en\/wp-json\/wp\/v2\/users\/913"}],"replies":[{"embeddable":true,"href":"https:\/\/szkoladoktorska.pk.edu.pl\/en\/wp-json\/wp\/v2\/comments?post=23263"}],"version-history":[{"count":1,"href":"https:\/\/szkoladoktorska.pk.edu.pl\/en\/wp-json\/wp\/v2\/pages\/23263\/revisions"}],"predecessor-version":[{"id":32190,"href":"https:\/\/szkoladoktorska.pk.edu.pl\/en\/wp-json\/wp\/v2\/pages\/23263\/revisions\/32190"}],"up":[{"embeddable":true,"href":"https:\/\/szkoladoktorska.pk.edu.pl\/en\/wp-json\/wp\/v2\/pages\/20797"}],"wp:featuredmedia":[{"embeddable":true,"href":"https:\/\/szkoladoktorska.pk.edu.pl\/en\/wp-json\/wp\/v2\/media\/22720"}],"wp:attachment":[{"href":"https:\/\/szkoladoktorska.pk.edu.pl\/en\/wp-json\/wp\/v2\/media?parent=23263"}],"curies":[{"name":"wp","href":"https:\/\/api.w.org\/{rel}","templated":true}]}}