{"id":23215,"date":"2024-02-12T07:09:09","date_gmt":"2024-02-12T06:09:09","guid":{"rendered":"https:\/\/szkoladoktorska.pk.edu.pl\/automation-electronics\/sylwetki-promotorow-automatyka\/"},"modified":"2025-11-05T11:48:54","modified_gmt":"2025-11-05T10:48:54","slug":"promoter-profiles","status":"publish","type":"page","link":"https:\/\/szkoladoktorska.pk.edu.pl\/en\/automation-electronics\/promoter-profiles\/","title":{"rendered":"Promoter profiles"},"content":{"rendered":"\n<ul class=\"wp-block-list linki-do-pobrania\">\n<li><a href=\"https:\/\/szkoladoktorska.pk.edu.pl\/wp-content\/uploads\/2023\/08\/Goldasz_Sylwetka_promotora_en.pdf\">Janusz Go\u0142dasz<\/a><\/li>\n\n\n\n<li><a href=\"https:\/\/szkoladoktorska.pk.edu.pl\/wp-content\/uploads\/2023\/10\/Jaraczewski_ang.pdf\">Marcin Jaraczewski<\/a><\/li>\n\n\n\n<li><a href=\"https:\/\/szkoladoktorska.pk.edu.pl\/wp-content\/uploads\/2023\/10\/Mazgaj_ang.pdf\">Witold Mazgaj<\/a><\/li>\n\n\n\n<li><a href=\"https:\/\/szkoladoktorska.pk.edu.pl\/wp-content\/uploads\/2023\/10\/Salat_ang.pdf\">Robert Sa\u0142at<\/a><\/li>\n\n\n\n<li><a href=\"https:\/\/szkoladoktorska.pk.edu.pl\/wp-content\/uploads\/2023\/10\/Szczepanik_ang.pdf\">Jerzy Szczepanik<\/a><\/li>\n\n\n\n<li><a href=\"https:\/\/szkoladoktorska.pk.edu.pl\/wp-content\/uploads\/2023\/10\/Szromba_ang.pdf\">Andrzej Szromba<\/a><\/li>\n\n\n\n<li><a href=\"https:\/\/szkoladoktorska.pk.edu.pl\/wp-content\/uploads\/2025\/09\/Scislo_sylwetka_promotora_ang.pdf\">\u0141ukasz \u015acis\u0142o<\/a><\/li>\n\n\n\n<li><a href=\"https:\/\/szkoladoktorska.pk.edu.pl\/wp-content\/uploads\/2023\/10\/Tomczyk_ang.pdf\">Krzysztof Tomczyk<\/a><\/li>\n<\/ul>\n","protected":false},"excerpt":{"rendered":"","protected":false},"author":913,"featured_media":22720,"parent":20611,"menu_order":0,"comment_status":"closed","ping_status":"closed","template":"","meta":{"_acf_changed":false,"inline_featured_image":false,"_uag_custom_page_level_css":"","site-sidebar-layout":"default","site-content-layout":"","ast-site-content-layout":"default","site-content-style":"default","site-sidebar-style":"default","ast-global-header-display":"","ast-banner-title-visibility":"","ast-main-header-display":"","ast-hfb-above-header-display":"","ast-hfb-below-header-display":"","ast-hfb-mobile-header-display":"","site-post-title":"","ast-breadcrumbs-content":"","ast-featured-img":"","footer-sml-layout":"","ast-disable-related-posts":"","theme-transparent-header-meta":"","adv-header-id-meta":"","stick-header-meta":"","header-above-stick-meta":"","header-main-stick-meta":"","header-below-stick-meta":"","astra-migrate-meta-layouts":"set","ast-page-background-enabled":"default","ast-page-background-meta":{"desktop":{"background-color":"var(--ast-global-color-4)","background-image":"","background-repeat":"repeat","background-position":"center center","background-size":"auto","background-attachment":"scroll","background-type":"","background-media":"","overlay-type":"","overlay-color":"","overlay-opacity":"","overlay-gradient":""},"tablet":{"background-color":"","background-image":"","background-repeat":"repeat","background-position":"center center","background-size":"auto","background-attachment":"scroll","background-type":"","background-media":"","overlay-type":"","overlay-color":"","overlay-opacity":"","overlay-gradient":""},"mobile":{"background-color":"","background-image":"","background-repeat":"repeat","background-position":"center center","background-size":"auto","background-attachment":"scroll","background-type":"","background-media":"","overlay-type":"","overlay-color":"","overlay-opacity":"","overlay-gradient":""}},"ast-content-background-meta":{"desktop":{"background-color":"var(--ast-global-color-5)","background-image":"","background-repeat":"repeat","background-position":"center center","background-size":"auto","background-attachment":"scroll","background-type":"","background-media":"","overlay-type":"","overlay-color":"","overlay-opacity":"","overlay-gradient":""},"tablet":{"background-color":"var(--ast-global-color-5)","background-image":"","background-repeat":"repeat","background-position":"center center","background-size":"auto","background-attachment":"scroll","background-type":"","background-media":"","overlay-type":"","overlay-color":"","overlay-opacity":"","overlay-gradient":""},"mobile":{"background-color":"var(--ast-global-color-5)","background-image":"","background-repeat":"repeat","background-position":"center center","background-size":"auto","background-attachment":"scroll","background-type":"","background-media":"","overlay-type":"","overlay-color":"","overlay-opacity":"","overlay-gradient":""}},"footnotes":""},"class_list":["post-23215","page","type-page","status-publish","has-post-thumbnail","hentry"],"acf":[],"featured_image_src":"https:\/\/szkoladoktorska.pk.edu.pl\/wp-content\/uploads\/2024\/03\/niebieskie-tlo-symbol.png","uagb_featured_image_src":{"full":["https:\/\/szkoladoktorska.pk.edu.pl\/wp-content\/uploads\/2024\/03\/niebieskie-tlo-symbol.png",1200,675,false],"thumbnail":["https:\/\/szkoladoktorska.pk.edu.pl\/wp-content\/uploads\/2024\/03\/niebieskie-tlo-symbol-150x150.png",150,150,true],"medium":["https:\/\/szkoladoktorska.pk.edu.pl\/wp-content\/uploads\/2024\/03\/niebieskie-tlo-symbol-300x169.png",300,169,true],"medium_large":["https:\/\/szkoladoktorska.pk.edu.pl\/wp-content\/uploads\/2024\/03\/niebieskie-tlo-symbol-768x432.png",768,432,true],"large":["https:\/\/szkoladoktorska.pk.edu.pl\/wp-content\/uploads\/2024\/03\/niebieskie-tlo-symbol-1024x576.png",1024,576,true],"1536x1536":["https:\/\/szkoladoktorska.pk.edu.pl\/wp-content\/uploads\/2024\/03\/niebieskie-tlo-symbol.png",1200,675,false],"2048x2048":["https:\/\/szkoladoktorska.pk.edu.pl\/wp-content\/uploads\/2024\/03\/niebieskie-tlo-symbol.png",1200,675,false]},"uagb_author_info":{"display_name":"dkluczynski","author_link":"https:\/\/szkoladoktorska.pk.edu.pl\/en\/author\/dkluczynski\/"},"uagb_comment_info":0,"uagb_excerpt":null,"_links":{"self":[{"href":"https:\/\/szkoladoktorska.pk.edu.pl\/en\/wp-json\/wp\/v2\/pages\/23215","targetHints":{"allow":["GET"]}}],"collection":[{"href":"https:\/\/szkoladoktorska.pk.edu.pl\/en\/wp-json\/wp\/v2\/pages"}],"about":[{"href":"https:\/\/szkoladoktorska.pk.edu.pl\/en\/wp-json\/wp\/v2\/types\/page"}],"author":[{"embeddable":true,"href":"https:\/\/szkoladoktorska.pk.edu.pl\/en\/wp-json\/wp\/v2\/users\/913"}],"replies":[{"embeddable":true,"href":"https:\/\/szkoladoktorska.pk.edu.pl\/en\/wp-json\/wp\/v2\/comments?post=23215"}],"version-history":[{"count":1,"href":"https:\/\/szkoladoktorska.pk.edu.pl\/en\/wp-json\/wp\/v2\/pages\/23215\/revisions"}],"predecessor-version":[{"id":32182,"href":"https:\/\/szkoladoktorska.pk.edu.pl\/en\/wp-json\/wp\/v2\/pages\/23215\/revisions\/32182"}],"up":[{"embeddable":true,"href":"https:\/\/szkoladoktorska.pk.edu.pl\/en\/wp-json\/wp\/v2\/pages\/20611"}],"wp:featuredmedia":[{"embeddable":true,"href":"https:\/\/szkoladoktorska.pk.edu.pl\/en\/wp-json\/wp\/v2\/media\/22720"}],"wp:attachment":[{"href":"https:\/\/szkoladoktorska.pk.edu.pl\/en\/wp-json\/wp\/v2\/media?parent=23215"}],"curies":[{"name":"wp","href":"https:\/\/api.w.org\/{rel}","templated":true}]}}