{"id":20800,"date":"2023-09-28T14:56:27","date_gmt":"2023-09-28T12:56:27","guid":{"rendered":"https:\/\/szkoladoktorska.pk.edu.pl\/inzynieria-srodowiska-gornictwo-i-energetyka\/"},"modified":"2025-11-27T14:00:26","modified_gmt":"2025-11-27T13:00:26","slug":"environmental-engineering-mining-and-energy","status":"publish","type":"page","link":"https:\/\/szkoladoktorska.pk.edu.pl\/en\/environmental-engineering-mining-and-energy\/","title":{"rendered":"Environmental Engineering, Mining and Energy"},"content":{"rendered":"\n<div class=\"wp-block-cover alignfull block__banner_slim\" style=\"padding-top:0;padding-right:0;padding-bottom:0;padding-left:0;min-height:300px;aspect-ratio:unset;\"><img loading=\"lazy\" decoding=\"async\" width=\"2560\" height=\"1707\" class=\"wp-block-cover__image-background wp-image-17290\" alt=\"\" src=\"https:\/\/szkoladoktorska.pk.edu.pl\/wp-content\/uploads\/2023\/09\/pexels-julia-volk-5207399-scaled.jpg\" data-object-fit=\"cover\" srcset=\"https:\/\/szkoladoktorska.pk.edu.pl\/wp-content\/uploads\/2023\/09\/pexels-julia-volk-5207399-scaled.jpg 2560w, https:\/\/szkoladoktorska.pk.edu.pl\/wp-content\/uploads\/2023\/09\/pexels-julia-volk-5207399-300x200.jpg 300w, https:\/\/szkoladoktorska.pk.edu.pl\/wp-content\/uploads\/2023\/09\/pexels-julia-volk-5207399-1024x683.jpg 1024w, https:\/\/szkoladoktorska.pk.edu.pl\/wp-content\/uploads\/2023\/09\/pexels-julia-volk-5207399-768x512.jpg 768w, https:\/\/szkoladoktorska.pk.edu.pl\/wp-content\/uploads\/2023\/09\/pexels-julia-volk-5207399-391x260.jpg 391w, https:\/\/szkoladoktorska.pk.edu.pl\/wp-content\/uploads\/2023\/09\/pexels-julia-volk-5207399-1536x1024.jpg 1536w, https:\/\/szkoladoktorska.pk.edu.pl\/wp-content\/uploads\/2023\/09\/pexels-julia-volk-5207399-2048x1365.jpg 2048w\" sizes=\"auto, (max-width: 2560px) 100vw, 2560px\" \/><span aria-hidden=\"true\" class=\"wp-block-cover__background has-black-background-color has-background-dim-0 has-background-dim\"><\/span><div class=\"wp-block-cover__inner-container is-layout-flow wp-block-cover-is-layout-flow\">\n<p class=\"has-text-align-center has-large-font-size\"><\/p>\n<\/div><\/div>\n\n\n\n<div class=\"wp-block-columns is-layout-flex wp-container-core-columns-is-layout-95e64144 wp-block-columns-is-layout-flex\">\n<div class=\"wp-block-column personal-info is-layout-flow wp-block-column-is-layout-flow\" style=\"border-top-width:4px;border-right-width:1px;border-bottom-width:1px;border-left-width:1px;padding-top:2em;padding-right:2em;padding-bottom:2em;padding-left:2em;flex-basis:33.33%\">\n<div class=\"wp-block-uagb-info-box uagb-block-53c98168 uagb-infobox__content-wrap  uagb-infobox-icon-above-title uagb-infobox-image-valign-top\"><div class=\"uagb-ifb-content\"><div class=\"uagb-ifb-image-content\"><img decoding=\"async\" src=\"https:\/\/szkoladoktorska.pk.edu.pl\/wp-content\/uploads\/2025\/11\/Oclon-300x300.png\" alt=\"\" width=\"\" height=\"0\" loading=\"lazy\"\/><\/div><div class=\"uagb-ifb-title-wrap\"><span class=\"uagb-ifb-title-prefix\">prof. dr hab. in\u017c.<\/span><h3 class=\"uagb-ifb-title\">Pawe\u0142 Oc\u0142o\u0144<\/h3><\/div><p class=\"uagb-ifb-desc\"><br><strong><strong><strong>Contact<\/strong><\/strong><\/strong><br><a href=\"mailto:slawomir.gradziel@pk.edu.pl\"><br><br><\/a><a href=\"mailto:pawel.oclon@pk.edu.pl\">pawel.oclon@pk.edu.pl<br><\/a><br><\/p><\/div><\/div>\n\n\n\n<h3 class=\"wp-block-heading\">Read more<\/h3>\n\n\n\n<ul class=\"wp-block-list linki\">\n<li><a href=\"https:\/\/szkoladoktorska.pk.edu.pl\/en\/environmental-engineering-mining-and-energy\/promoter-profiles\/\">Profiles of promoters<\/a><\/li>\n<\/ul>\n<\/div>\n\n\n\n<div class=\"wp-block-column is-layout-flow wp-block-column-is-layout-flow\" style=\"flex-basis:66.66%\">\n<h2 class=\"wp-block-heading\">Discipline description<\/h2>\n\n\n\n<p>The curriculum offered at the Doctoral School aims to help doctoral students acquire knowledge on innovative and inventive techniques within the scope of environmental engineering, mining and energy. The curriculum offered within the discipline encompasses general and programme-specific education in the form of lectures, practical classes and seminars. The problems included in the curriculum encompass the condition of individual components of the environment and innovative high-efficiency solutions for water and sewage treatment, processes in the closed-loop economy, contemporary problems of waste management, advanced mathematical and numerical methods, modern energy systems and renewable energy sources. The curriculum also includes the problem areas that are to prepare doctoral students for research work, including technology transfers and research results commercialisation, academic research methodology and the principles of research project financing.&nbsp;&nbsp;<\/p>\n\n\n\n<p>Graduates will have acquired knowledge and skills within the scope of environmental engineering, mining and energy. They will be qualified to work in organisations related to the broadly understood environment, to undertake their independent economic activity or to pursue an academic career at universities and research centres in Poland and abroad.<\/p>\n\n\n\n<p>*Publishing the supervisor&#8217;s profile in English is tantamount to declaring academic supervision of a doctoral student pursuing a doctorate in English.<\/p>\n\n\n\n<h2 class=\"wp-block-heading\">Who may apply?<\/h2>\n\n\n\n<p>The person eligible to apply for admission to the CUT Doctoral School in the scientific discipline of environmental engineering, mining and energy must have the professional title of Master or Master in Engineering in a technical or agricultural study programme or in one of the following study programmes: mathematics, physics, chemistry, computer science, biotechnology or Earth sciences. In the case of candidates with the title awarded in a different study programme, the decision on the possibility of admission is to be taken by the Qualifying Committee appointed by the Head of the Scientific Council.&nbsp;&nbsp;<\/p>\n<\/div>\n<\/div>\n","protected":false},"excerpt":{"rendered":"<p>Read more Discipline description The curriculum offered at the Doctoral School aims to help doctoral [&hellip;]<\/p>\n","protected":false},"author":913,"featured_media":10487,"parent":0,"menu_order":0,"comment_status":"closed","ping_status":"closed","template":"","meta":{"_acf_changed":false,"inline_featured_image":false,"_uag_custom_page_level_css":"","site-sidebar-layout":"default","site-content-layout":"","ast-site-content-layout":"default","site-content-style":"default","site-sidebar-style":"default","ast-global-header-display":"","ast-banner-title-visibility":"","ast-main-header-display":"","ast-hfb-above-header-display":"","ast-hfb-below-header-display":"","ast-hfb-mobile-header-display":"","site-post-title":"","ast-breadcrumbs-content":"","ast-featured-img":"","footer-sml-layout":"","ast-disable-related-posts":"","theme-transparent-header-meta":"","adv-header-id-meta":"","stick-header-meta":"","header-above-stick-meta":"","header-main-stick-meta":"","header-below-stick-meta":"","astra-migrate-meta-layouts":"set","ast-page-background-enabled":"default","ast-page-background-meta":{"desktop":{"background-color":"var(--ast-global-color-4)","background-image":"","background-repeat":"repeat","background-position":"center center","background-size":"auto","background-attachment":"scroll","background-type":"","background-media":"","overlay-type":"","overlay-color":"","overlay-opacity":"","overlay-gradient":""},"tablet":{"background-color":"","background-image":"","background-repeat":"repeat","background-position":"center center","background-size":"auto","background-attachment":"scroll","background-type":"","background-media":"","overlay-type":"","overlay-color":"","overlay-opacity":"","overlay-gradient":""},"mobile":{"background-color":"","background-image":"","background-repeat":"repeat","background-position":"center center","background-size":"auto","background-attachment":"scroll","background-type":"","background-media":"","overlay-type":"","overlay-color":"","overlay-opacity":"","overlay-gradient":""}},"ast-content-background-meta":{"desktop":{"background-color":"var(--ast-global-color-5)","background-image":"","background-repeat":"repeat","background-position":"center center","background-size":"auto","background-attachment":"scroll","background-type":"","background-media":"","overlay-type":"","overlay-color":"","overlay-opacity":"","overlay-gradient":""},"tablet":{"background-color":"var(--ast-global-color-5)","background-image":"","background-repeat":"repeat","background-position":"center center","background-size":"auto","background-attachment":"scroll","background-type":"","background-media":"","overlay-type":"","overlay-color":"","overlay-opacity":"","overlay-gradient":""},"mobile":{"background-color":"var(--ast-global-color-5)","background-image":"","background-repeat":"repeat","background-position":"center center","background-size":"auto","background-attachment":"scroll","background-type":"","background-media":"","overlay-type":"","overlay-color":"","overlay-opacity":"","overlay-gradient":""}},"footnotes":""},"class_list":["post-20800","page","type-page","status-publish","has-post-thumbnail","hentry"],"acf":[],"featured_image_src":"https:\/\/szkoladoktorska.pk.edu.pl\/wp-content\/uploads\/2023\/07\/pkrk-default-post-image.jpg","uagb_featured_image_src":{"full":["https:\/\/szkoladoktorska.pk.edu.pl\/wp-content\/uploads\/2023\/07\/pkrk-default-post-image.jpg",426,426,false],"thumbnail":["https:\/\/szkoladoktorska.pk.edu.pl\/wp-content\/uploads\/2023\/07\/pkrk-default-post-image-150x150.jpg",150,150,true],"medium":["https:\/\/szkoladoktorska.pk.edu.pl\/wp-content\/uploads\/2023\/07\/pkrk-default-post-image-300x300.jpg",300,300,true],"medium_large":["https:\/\/szkoladoktorska.pk.edu.pl\/wp-content\/uploads\/2023\/07\/pkrk-default-post-image.jpg",426,426,false],"large":["https:\/\/szkoladoktorska.pk.edu.pl\/wp-content\/uploads\/2023\/07\/pkrk-default-post-image.jpg",426,426,false],"1536x1536":["https:\/\/szkoladoktorska.pk.edu.pl\/wp-content\/uploads\/2023\/07\/pkrk-default-post-image.jpg",426,426,false],"2048x2048":["https:\/\/szkoladoktorska.pk.edu.pl\/wp-content\/uploads\/2023\/07\/pkrk-default-post-image.jpg",426,426,false]},"uagb_author_info":{"display_name":"dkluczynski","author_link":"https:\/\/szkoladoktorska.pk.edu.pl\/en\/author\/dkluczynski\/"},"uagb_comment_info":0,"uagb_excerpt":"Read more Discipline description The curriculum offered at the Doctoral School aims to help doctoral [&hellip;]","_links":{"self":[{"href":"https:\/\/szkoladoktorska.pk.edu.pl\/en\/wp-json\/wp\/v2\/pages\/20800","targetHints":{"allow":["GET"]}}],"collection":[{"href":"https:\/\/szkoladoktorska.pk.edu.pl\/en\/wp-json\/wp\/v2\/pages"}],"about":[{"href":"https:\/\/szkoladoktorska.pk.edu.pl\/en\/wp-json\/wp\/v2\/types\/page"}],"author":[{"embeddable":true,"href":"https:\/\/szkoladoktorska.pk.edu.pl\/en\/wp-json\/wp\/v2\/users\/913"}],"replies":[{"embeddable":true,"href":"https:\/\/szkoladoktorska.pk.edu.pl\/en\/wp-json\/wp\/v2\/comments?post=20800"}],"version-history":[{"count":3,"href":"https:\/\/szkoladoktorska.pk.edu.pl\/en\/wp-json\/wp\/v2\/pages\/20800\/revisions"}],"predecessor-version":[{"id":33018,"href":"https:\/\/szkoladoktorska.pk.edu.pl\/en\/wp-json\/wp\/v2\/pages\/20800\/revisions\/33018"}],"wp:featuredmedia":[{"embeddable":true,"href":"https:\/\/szkoladoktorska.pk.edu.pl\/en\/wp-json\/wp\/v2\/media\/10487"}],"wp:attachment":[{"href":"https:\/\/szkoladoktorska.pk.edu.pl\/en\/wp-json\/wp\/v2\/media?parent=20800"}],"curies":[{"name":"wp","href":"https:\/\/api.w.org\/{rel}","templated":true}]}}