{"id":20167,"date":"2023-06-29T15:23:04","date_gmt":"2023-06-29T13:23:04","guid":{"rendered":"https:\/\/szkoladoktorska.pk.edu.pl\/?page_id=20167"},"modified":"2025-03-05T13:47:57","modified_gmt":"2025-03-05T12:47:57","slug":"contact","status":"publish","type":"page","link":"https:\/\/szkoladoktorska.pk.edu.pl\/en\/contact\/","title":{"rendered":"Contact"},"content":{"rendered":"\n<div class=\"wp-block-columns block_contact-section is-layout-flex wp-container-core-columns-is-layout-28f84493 wp-block-columns-is-layout-flex\">\n<div class=\"wp-block-column is-layout-flow wp-block-column-is-layout-flow\" style=\"flex-basis:66.666%\">\n<div class=\"wp-block-media-text alignwide is-stacked-on-mobile is-vertically-aligned-top block_contact-section__image-info\"><figure class=\"wp-block-media-text__media\"><img loading=\"lazy\" decoding=\"async\" width=\"409\" height=\"400\" src=\"https:\/\/szkoladoktorska.pk.edu.pl\/wp-content\/uploads\/2023\/06\/contact_image.png\" alt=\"Widok budynku Politechniki Krakowskiej\" class=\"wp-image-2583 size-full\" srcset=\"https:\/\/szkoladoktorska.pk.edu.pl\/wp-content\/uploads\/2023\/06\/contact_image.png 409w, https:\/\/szkoladoktorska.pk.edu.pl\/wp-content\/uploads\/2023\/06\/contact_image-300x293.png 300w\" sizes=\"auto, (max-width: 409px) 100vw, 409px\" \/><\/figure><div class=\"wp-block-media-text__content\">\n<h3 class=\"wp-block-heading\">Main Office of the Doctoral School<\/h3>\n\n\n\n<h4 class=\"wp-block-heading has-text-color\" style=\"color:#083575\">The Environmental and Energy Engineering building, room no. 20<\/h4>\n\n\n\n<div class=\"wp-block-uagb-icon-list uagb-block-81ef38b3 block_contact-section__icon_list\"><div class=\"uagb-icon-list__wrap\">\n<div class=\"wp-block-uagb-icon-list-child uagb-block-d2991086\"><span class=\"uagb-icon-list__source-wrap\"><svg xmlns=\"https:\/\/www.w3.org\/2000\/svg\" viewBox=\"0 0 576 512\"><path d=\"M384 476.1L192 421.2V35.93L384 90.79V476.1zM416 88.37L543.1 37.53C558.9 31.23 576 42.84 576 59.82V394.6C576 404.4 570 413.2 560.9 416.9L416 474.8V88.37zM15.09 95.13L160 37.17V423.6L32.91 474.5C17.15 480.8 0 469.2 0 452.2V117.4C0 107.6 5.975 98.78 15.09 95.13V95.13z\"><\/path><\/svg><\/span><span class=\"uagb-icon-list__label\">ul. Warszawska 24<br>31-155 Krak\u00f3w<\/span><\/div>\n\n\n\n<div class=\"wp-block-uagb-icon-list-child uagb-block-f0692d17\"><a target=\"_blank\" aria-label=\"szkoladoktorska@pk.edu.pl\" rel=\"noopener noreferrer\" href=\"mailto:szkoladoktorska@pk.edu.pl\"> <\/a><span class=\"uagb-icon-list__source-wrap\"><svg xmlns=\"https:\/\/www.w3.org\/2000\/svg\" viewBox=\"0 0 512 512\"><path d=\"M464 64C490.5 64 512 85.49 512 112C512 127.1 504.9 141.3 492.8 150.4L275.2 313.6C263.8 322.1 248.2 322.1 236.8 313.6L19.2 150.4C7.113 141.3 0 127.1 0 112C0 85.49 21.49 64 48 64H464zM217.6 339.2C240.4 356.3 271.6 356.3 294.4 339.2L512 176V384C512 419.3 483.3 448 448 448H64C28.65 448 0 419.3 0 384V176L217.6 339.2z\"><\/path><\/svg><\/span><span class=\"uagb-icon-list__label\">szkoladoktorska@pk.edu.pl<\/span><\/div>\n\n\n\n<div class=\"wp-block-uagb-icon-list-child uagb-block-fc73fa6b\"><a target=\"_self\" aria-label=\"12 628 28 11\" rel=\"noopener noreferrer\" href=\"tel:12 628 28 11\"> <\/a><span class=\"uagb-icon-list__source-wrap\"><svg xmlns=\"https:\/\/www.w3.org\/2000\/svg\" viewBox=\"0 0 512 512\"><path d=\"M511.2 387l-23.25 100.8c-3.266 14.25-15.79 24.22-30.46 24.22C205.2 512 0 306.8 0 54.5c0-14.66 9.969-27.2 24.22-30.45l100.8-23.25C139.7-2.602 154.7 5.018 160.8 18.92l46.52 108.5c5.438 12.78 1.77 27.67-8.98 36.45L144.5 207.1c33.98 69.22 90.26 125.5 159.5 159.5l44.08-53.8c8.688-10.78 23.69-14.51 36.47-8.975l108.5 46.51C506.1 357.2 514.6 372.4 511.2 387z\"><\/path><\/svg><\/span><span class=\"uagb-icon-list__label\">12 628 28 11<\/span><\/div>\n\n\n\n<div class=\"wp-block-uagb-icon-list-child uagb-block-6a9a300d\"><a target=\"_self\" aria-label=\"12 628 28 32\" rel=\"noopener noreferrer\" href=\"tel:12 628 28 32\"> <\/a><span class=\"uagb-icon-list__source-wrap\"><svg xmlns=\"https:\/\/www.w3.org\/2000\/svg\" viewBox=\"0 0 512 512\"><path d=\"M511.2 387l-23.25 100.8c-3.266 14.25-15.79 24.22-30.46 24.22C205.2 512 0 306.8 0 54.5c0-14.66 9.969-27.2 24.22-30.45l100.8-23.25C139.7-2.602 154.7 5.018 160.8 18.92l46.52 108.5c5.438 12.78 1.77 27.67-8.98 36.45L144.5 207.1c33.98 69.22 90.26 125.5 159.5 159.5l44.08-53.8c8.688-10.78 23.69-14.51 36.47-8.975l108.5 46.51C506.1 357.2 514.6 372.4 511.2 387z\"><\/path><\/svg><\/span><span class=\"uagb-icon-list__label\">12 628 28 32<\/span><\/div>\n<\/div><\/div>\n\n\n\n<p><strong>Opening hours<br><\/strong>Mon-Thurs 9:00 &#8211; 13:00<br>Fri closed<\/p>\n\n\n\n<h4 class=\"wp-block-heading has-text-color\" style=\"color:#083575\"><strong>Director<\/strong><\/h4>\n\n\n\n<p>Ma\u0142gorzata Cimochowicz-Rybicka, doctor habilitatus, prof. of CUT<br>phone no.: +48 12 628 28 65<br>e-mail: <a href=\"mailto:mcrybicka@pk.edu.pl\">mcrybicka@pk.edu.pl<\/a><\/p>\n<\/div><\/div>\n<\/div>\n\n\n\n<div class=\"wp-block-column block_contact__info-links is-layout-flow wp-block-column-is-layout-flow\" style=\"flex-basis:33.333%\"><div class=\"wp-block-uagb-faq uagb-faq__outer-wrap uagb-block-59896183 uagb-faq-icon-row-reverse uagb-faq-layout-accordion uagb-faq-expand-first-false uagb-faq-inactive-other-true uagb-faq__wrap uagb-buttons-layout-wrap uagb-faq-equal-height     \" data-faqtoggle=\"true\" role=\"tablist\"><div class=\"wp-block-uagb-faq-child uagb-faq-child__outer-wrap uagb-faq-item uagb-block-fbacc115 \" role=\"tab\" tabindex=\"0\"><div class=\"uagb-faq-questions-button uagb-faq-questions\">\t\t\t<span class=\"uagb-icon uagb-faq-icon-wrap\">\n\t\t\t\t\t\t\t\t<svg xmlns=\"https:\/\/www.w3.org\/2000\/svg\" viewBox= \"0 0 448 512\"><path d=\"M224 416c-8.188 0-16.38-3.125-22.62-9.375l-192-192c-12.5-12.5-12.5-32.75 0-45.25s32.75-12.5 45.25 0L224 338.8l169.4-169.4c12.5-12.5 32.75-12.5 45.25 0s12.5 32.75 0 45.25l-192 192C240.4 412.9 232.2 416 224 416z\"><\/path><\/svg>\n\t\t\t\t\t\t\t<\/span>\n\t\t\t\t\t\t<span class=\"uagb-icon-active uagb-faq-icon-wrap\">\n\t\t\t\t\t\t\t\t<svg xmlns=\"https:\/\/www.w3.org\/2000\/svg\" viewBox= \"0 0 448 512\"><path d=\"M416 352c-8.188 0-16.38-3.125-22.62-9.375L224 173.3l-169.4 169.4c-12.5 12.5-32.75 12.5-45.25 0s-12.5-32.75 0-45.25l192-192c12.5-12.5 32.75-12.5 45.25 0l192 192c12.5 12.5 12.5 32.75 0 45.25C432.4 348.9 424.2 352 416 352z\"><\/path><\/svg>\n\t\t\t\t\t\t\t<\/span>\n\t\t\t<p class=\"uagb-question\"><strong><strong>Administration<\/strong><\/strong><\/p><\/div><div class=\"uagb-faq-content\"><p>Magdalena Borys, MSc<br>phone no.: +48 12 628 28 11<br>e-mail:\u00a0<a href=\"mailto:magdalena.borys@pk.edu.pl\">magdalena.borys@pk.edu.pl<\/a><br>Anna Gajda, MSc<br>phone no.: +48 12 628 28 11<br>e-mail:\u00a0<a href=\"mailto:anna.gajda@pk.edu.pl\">anna.gajda@pk.edu.pl<\/a><br>\u00a0<br>Justyna \u015awiderska-Loda, MSc (financial matters)<br>phone no.: +48\u00a012 628 28 32<br>e-mail:\u00a0<a href=\"mailto:justyna.swiderska-loda@pk.edu.pl\">justyna.swiderska-loda@pk.edu.pl<\/a><\/p><\/div><\/div><div class=\"wp-block-uagb-faq-child uagb-faq-child__outer-wrap uagb-faq-item uagb-block-011ad171 \" role=\"tab\" tabindex=\"0\"><div class=\"uagb-faq-questions-button uagb-faq-questions\">\t\t\t<span class=\"uagb-icon uagb-faq-icon-wrap\">\n\t\t\t\t\t\t\t\t<svg xmlns=\"https:\/\/www.w3.org\/2000\/svg\" viewBox= \"0 0 448 512\"><path d=\"M224 416c-8.188 0-16.38-3.125-22.62-9.375l-192-192c-12.5-12.5-12.5-32.75 0-45.25s32.75-12.5 45.25 0L224 338.8l169.4-169.4c12.5-12.5 32.75-12.5 45.25 0s12.5 32.75 0 45.25l-192 192C240.4 412.9 232.2 416 224 416z\"><\/path><\/svg>\n\t\t\t\t\t\t\t<\/span>\n\t\t\t\t\t\t<span class=\"uagb-icon-active uagb-faq-icon-wrap\">\n\t\t\t\t\t\t\t\t<svg xmlns=\"https:\/\/www.w3.org\/2000\/svg\" viewBox= \"0 0 448 512\"><path d=\"M416 352c-8.188 0-16.38-3.125-22.62-9.375L224 173.3l-169.4 169.4c-12.5 12.5-32.75 12.5-45.25 0s-12.5-32.75 0-45.25l192-192c12.5-12.5 32.75-12.5 45.25 0l192 192c12.5 12.5 12.5 32.75 0 45.25C432.4 348.9 424.2 352 416 352z\"><\/path><\/svg>\n\t\t\t\t\t\t\t<\/span>\n\t\t\t<p class=\"uagb-question\"><strong><strong>Disciplines<\/strong><\/strong><\/p><\/div><div class=\"uagb-faq-content\"><p><strong>Architecture and Urban Planning<\/strong>\u00a0&#8211; Maciej Motak, professor<br>e-mail:\u00a0<a href=\"mailto:maciej.motak@pk.edu.pl\">maciej.motak@pk.edu.pl<\/a><br><strong>Automation, Electronics, Electrical Engineering and Space Technologies<\/strong>\u00a0&#8211; Andrzej Szromba, doctor habilitatus, prof. of CUT<br>e-mail:\u00a0<a href=\"mailto:witold.mazgaj@pk.edu.pl\">andrzej.szromba@pk.edu.pl<\/a><br><strong>Chemical Engineering<\/strong>\u00a0&#8211; Maria Kura\u0144ska, , doctor habilitatus, prof. of CUT<br>e-mail:\u00a0<a href=\"mailto:radomir.jasinski@pk.edu.pl\">maria.kuranska@pk.edu.pl<\/a><br><strong>Civil Engineering, Geodesy and Transport<\/strong>\u00a0&#8211; Dorota Jasi\u0144ska, doctor habilitatus, prof. of CUT<br>e-mail:\u00a0<a href=\"mailto:agnieszka.lesniak@pk.edu.pl\">dorota.jasinska@pk.edu.pl<\/a><br><strong>Materials Engineering<\/strong>\u00a0&#8211; Bo\u017cena Tyliszczak, doctor habilitatus, prof. of CUT<br>e-mail:\u00a0<a href=\"mailto:stanislaw.kuciel@pk.edu.pl\">bozena.tyliszczak@pk.edu.pl<\/a><br><strong>Mechanical Engineering<\/strong>\u00a0&#8211; Aneta Liber-Kne\u0107, doctor habilitatus, prof. of CUT<br>e-mail:\u00a0<a href=\"mailto:marek.kozien@pk.edu.pl\">aneta.liber@pk.edu.pl<\/a><br><strong>Environmental Engineering, Mining and Energy<\/strong>\u00a0&#8211; Pawe\u0142 Oc\u0142o\u0144, professor<br>e-mail:\u00a0<a href=\"mailto:slawomir.gradziel@pk.edu.pl\">pawel.oclon@pk.edu.pl<\/a><br><strong>Information and Communication Technology<\/strong>\u00a0&#8211; Micha\u0142 Bereta, doctor habilitatus, prof. of CUT<br>e-mail:\u00a0<a href=\"mailto:michal.bereta@pk.edu.pl\">michal.bereta@pk.edu.pl<\/a><br>\u00a0<br><a href=\"https:\/\/spispracownikow.pk.edu.pl\/\">Contact details to the Representatives of the Disciplines<\/a><\/p><\/div><\/div><\/div><\/div>\n<\/div>\n","protected":false},"excerpt":{"rendered":"<p>Main Office of the Doctoral School The Environmental and Energy Engineering building, room no. 20 [&hellip;]<\/p>\n","protected":false},"author":913,"featured_media":22717,"parent":0,"menu_order":0,"comment_status":"closed","ping_status":"closed","template":"","meta":{"_acf_changed":false,"inline_featured_image":false,"_uag_custom_page_level_css":"","site-sidebar-layout":"default","site-content-layout":"","ast-site-content-layout":"default","site-content-style":"default","site-sidebar-style":"default","ast-global-header-display":"","ast-banner-title-visibility":"","ast-main-header-display":"","ast-hfb-above-header-display":"","ast-hfb-below-header-display":"","ast-hfb-mobile-header-display":"","site-post-title":"","ast-breadcrumbs-content":"","ast-featured-img":"","footer-sml-layout":"","ast-disable-related-posts":"","theme-transparent-header-meta":"","adv-header-id-meta":"","stick-header-meta":"","header-above-stick-meta":"","header-main-stick-meta":"","header-below-stick-meta":"","astra-migrate-meta-layouts":"set","ast-page-background-enabled":"default","ast-page-background-meta":{"desktop":{"background-color":"var(--ast-global-color-4)","background-image":"","background-repeat":"repeat","background-position":"center center","background-size":"auto","background-attachment":"scroll","background-type":"","background-media":"","overlay-type":"","overlay-color":"","overlay-opacity":"","overlay-gradient":""},"tablet":{"background-color":"","background-image":"","background-repeat":"repeat","background-position":"center center","background-size":"auto","background-attachment":"scroll","background-type":"","background-media":"","overlay-type":"","overlay-color":"","overlay-opacity":"","overlay-gradient":""},"mobile":{"background-color":"","background-image":"","background-repeat":"repeat","background-position":"center center","background-size":"auto","background-attachment":"scroll","background-type":"","background-media":"","overlay-type":"","overlay-color":"","overlay-opacity":"","overlay-gradient":""}},"ast-content-background-meta":{"desktop":{"background-color":"var(--ast-global-color-5)","background-image":"","background-repeat":"repeat","background-position":"center center","background-size":"auto","background-attachment":"scroll","background-type":"","background-media":"","overlay-type":"","overlay-color":"","overlay-opacity":"","overlay-gradient":""},"tablet":{"background-color":"var(--ast-global-color-5)","background-image":"","background-repeat":"repeat","background-position":"center center","background-size":"auto","background-attachment":"scroll","background-type":"","background-media":"","overlay-type":"","overlay-color":"","overlay-opacity":"","overlay-gradient":""},"mobile":{"background-color":"var(--ast-global-color-5)","background-image":"","background-repeat":"repeat","background-position":"center center","background-size":"auto","background-attachment":"scroll","background-type":"","background-media":"","overlay-type":"","overlay-color":"","overlay-opacity":"","overlay-gradient":""}},"footnotes":""},"class_list":["post-20167","page","type-page","status-publish","has-post-thumbnail","hentry"],"acf":[],"featured_image_src":"https:\/\/szkoladoktorska.pk.edu.pl\/wp-content\/uploads\/2024\/03\/niebieskie-tlo-symbol.png","uagb_featured_image_src":{"full":["https:\/\/szkoladoktorska.pk.edu.pl\/wp-content\/uploads\/2024\/03\/niebieskie-tlo-symbol.png",1200,675,false],"thumbnail":["https:\/\/szkoladoktorska.pk.edu.pl\/wp-content\/uploads\/2024\/03\/niebieskie-tlo-symbol-150x150.png",150,150,true],"medium":["https:\/\/szkoladoktorska.pk.edu.pl\/wp-content\/uploads\/2024\/03\/niebieskie-tlo-symbol-300x169.png",300,169,true],"medium_large":["https:\/\/szkoladoktorska.pk.edu.pl\/wp-content\/uploads\/2024\/03\/niebieskie-tlo-symbol-768x432.png",768,432,true],"large":["https:\/\/szkoladoktorska.pk.edu.pl\/wp-content\/uploads\/2024\/03\/niebieskie-tlo-symbol-1024x576.png",1024,576,true],"1536x1536":["https:\/\/szkoladoktorska.pk.edu.pl\/wp-content\/uploads\/2024\/03\/niebieskie-tlo-symbol.png",1200,675,false],"2048x2048":["https:\/\/szkoladoktorska.pk.edu.pl\/wp-content\/uploads\/2024\/03\/niebieskie-tlo-symbol.png",1200,675,false]},"uagb_author_info":{"display_name":"dkluczynski","author_link":"https:\/\/szkoladoktorska.pk.edu.pl\/en\/author\/dkluczynski\/"},"uagb_comment_info":0,"uagb_excerpt":"Main Office of the Doctoral School The Environmental and Energy Engineering building, room no. 20 [&hellip;]","_links":{"self":[{"href":"https:\/\/szkoladoktorska.pk.edu.pl\/en\/wp-json\/wp\/v2\/pages\/20167","targetHints":{"allow":["GET"]}}],"collection":[{"href":"https:\/\/szkoladoktorska.pk.edu.pl\/en\/wp-json\/wp\/v2\/pages"}],"about":[{"href":"https:\/\/szkoladoktorska.pk.edu.pl\/en\/wp-json\/wp\/v2\/types\/page"}],"author":[{"embeddable":true,"href":"https:\/\/szkoladoktorska.pk.edu.pl\/en\/wp-json\/wp\/v2\/users\/913"}],"replies":[{"embeddable":true,"href":"https:\/\/szkoladoktorska.pk.edu.pl\/en\/wp-json\/wp\/v2\/comments?post=20167"}],"version-history":[{"count":0,"href":"https:\/\/szkoladoktorska.pk.edu.pl\/en\/wp-json\/wp\/v2\/pages\/20167\/revisions"}],"wp:featuredmedia":[{"embeddable":true,"href":"https:\/\/szkoladoktorska.pk.edu.pl\/en\/wp-json\/wp\/v2\/media\/22717"}],"wp:attachment":[{"href":"https:\/\/szkoladoktorska.pk.edu.pl\/en\/wp-json\/wp\/v2\/media?parent=20167"}],"curies":[{"name":"wp","href":"https:\/\/api.w.org\/{rel}","templated":true}]}}