{"id":20152,"date":"2023-08-30T10:14:31","date_gmt":"2023-08-30T08:14:31","guid":{"rendered":"https:\/\/szkoladoktorska.pk.edu.pl\/?page_id=20152"},"modified":"2024-03-12T14:17:24","modified_gmt":"2024-03-12T13:17:24","slug":"student-loan","status":"publish","type":"page","link":"https:\/\/szkoladoktorska.pk.edu.pl\/en\/finances\/student-loan\/","title":{"rendered":"Student loan"},"content":{"rendered":"\n<h3 class=\"wp-block-heading\"><strong>Legal basis<\/strong><\/h3>\n\n\n\n<ul class=\"wp-block-list\">\n<li><a href=\"http:\/\/prawo.sejm.gov.pl\/isap.nsf\/download.xsp\/WDU20180001668\/O\/D20181668.pdf\" target=\"_blank\" rel=\"noreferrer noopener\">Ustawa z dnia 20 lipca 2018 r. \u2013 Prawo o szkolnictwie wy\u017cszym i nauce (Dziennik Ustaw z 2018 r., poz. 1668 z p\u00f3\u017an. zm.)<\/a><\/li>\n\n\n\n<li><a href=\"http:\/\/prawo.sejm.gov.pl\/isap.nsf\/download.xsp\/WDU20180001669\/O\/D20181669.pdf\" target=\"_blank\" rel=\"noreferrer noopener\">Ustawa z dnia 3 lipca 2018 r. \u2013 Przepisy wprowadzaj\u0105ce ustaw\u0119 \u2013 Prawo o szkolnictwie wy\u017cszym i nauce (Dziennik Ustaw z 2018 r., poz. 1669)<\/a><\/li>\n\n\n\n<li><a href=\"http:\/\/prawo.sejm.gov.pl\/isap.nsf\/download.xsp\/WDU20180002468\/O\/D20182468.pdf\" target=\"_blank\" rel=\"noreferrer noopener\">Rozporz\u0105dzenie Ministra Nauki i Szkolnictwa Wy\u017cszego z dnia 20 grudnia 2018 r. w sprawie kredyt\u00f3w studenckich (Dziennik Ustaw z 2018 r., poz. 2468)<\/a><\/li>\n<\/ul>\n\n\n\n<h3 class=\"wp-block-heading\">Loan application<\/h3>\n\n\n\n<p>The loan may be applied for by candidates for the doctoral school who will commence their studies in October this year. The student loan may be granted for the whole period of study (4 years at the maximum) or for a shorter period \u2013 depending on the loan borrower\u2019s preference.<\/p>\n\n\n\n<p>A certification must be attached to the loan application issued by the Rector or another authorized person confirming that the applicant is a doctoral student at the doctoral school. The certification may be obtained from the doctoral school office following a prior notification specifying the need for such a form. Such document must also be submitted by individuals applying for admission to the doctoral school, immediately after having obtained the status of a doctoral student.<\/p>\n\n\n\n<p>The loan application is to be submitted at the bank selected by the loan borrower from the list of banks which have entered into an agreement with Bank Gospodarstwa Krajowego (National Economy Bank) specifying the rules of borrowing from the Student Loans Fund. Documents required for the purposes of assessing the borrower\u2019s debt-carrying capacity and loan repayment collateral must also be submitted at the bank, as well as a declaration stating the current number of the doctoral student\u2019s family members and declarations or certifications stating the income obtained in the previous calendar year. The primary condition for obtaining the loan is meeting the income requirement. The maximum income per family member enabling the student to obtain the loan in the academic year 2019\/2020 was 2,500 PLN (net amount). The loan application may be submitted in the paper form, using the template provided by the bank, or in the electronic form, using the ICT system of the bank.<\/p>\n\n\n\n<p>The monthly instalment of the student loan is 400, 600, 800 or 1000 PLN. However, the amount may be changed during the term of the contract, upon the motion of the doctoral student. The student loan is paid in the form of monthly instalments released for a period of up to 10 months in an academic year. The payment of the loan is stopped for the holiday months. The bank discontinues the payment of the loan instalments in the following situations: the borrower has been removed from the list of doctoral students, they have taken a study break pursuant to the General Regulations of the Cracow University of Technology Doctoral School, they have been suspended from the doctoral student\u2019s rights, they have completed their education at the Doctoral School, or some important, previously concealed information affecting the award of the loan or its amount has been revealed.<\/p>\n\n\n\n<p>Should any of the above situations occur, the loan borrower is obliged to notify the bank immediately.<\/p>\n\n\n\n<p>The loan repayment is done in equal monthly payments, and it starts 2 years after the completion of studies unless the loan borrower applies for an earlier commencement or repayment. The number of instalments to be repaid equals the doubled number of the loan instalments paid to the borrower unless they apply for a reduced number of instalments.<\/p>\n\n\n\n<h4 class=\"wp-block-heading\">&nbsp;<\/h4>\n\n\n\n<h3 class=\"wp-block-heading\">The loan waive-off<\/h3>\n\n\n\n<p>Upon the borrower\u2019s application, the loan may be waived off wholly or in part pursuant to the rules specified in the Regulation of the Minister of Science and Higher Education on Student Loans.<\/p>\n\n\n\n<div style=\"height:68px\" aria-hidden=\"true\" class=\"wp-block-spacer\"><\/div>\n\n\n\n<p><strong><strong>For more information on student loan waive-off, go to:<\/strong><\/strong><\/p>\n\n\n\n\n\n<div style=\"height:45px\" aria-hidden=\"true\" class=\"wp-block-spacer\"><\/div>\n\n\n\n<p><strong>For more information on student loans, go to:<\/strong><\/p>\n\n\n\n<ul class=\"wp-block-list\">\n<li><\/li>\n<\/ul>\n\n\n","protected":false},"excerpt":{"rendered":"<p>Legal basis Loan application The loan may be applied for by candidates for the doctoral [&hellip;]<\/p>\n","protected":false},"author":913,"featured_media":22717,"parent":20077,"menu_order":0,"comment_status":"closed","ping_status":"closed","template":"","meta":{"_acf_changed":false,"inline_featured_image":false,"_uag_custom_page_level_css":"","site-sidebar-layout":"default","site-content-layout":"","ast-site-content-layout":"default","site-content-style":"default","site-sidebar-style":"default","ast-global-header-display":"","ast-banner-title-visibility":"","ast-main-header-display":"","ast-hfb-above-header-display":"","ast-hfb-below-header-display":"","ast-hfb-mobile-header-display":"","site-post-title":"","ast-breadcrumbs-content":"","ast-featured-img":"","footer-sml-layout":"","ast-disable-related-posts":"","theme-transparent-header-meta":"","adv-header-id-meta":"","stick-header-meta":"","header-above-stick-meta":"","header-main-stick-meta":"","header-below-stick-meta":"","astra-migrate-meta-layouts":"set","ast-page-background-enabled":"default","ast-page-background-meta":{"desktop":{"background-color":"var(--ast-global-color-4)","background-image":"","background-repeat":"repeat","background-position":"center center","background-size":"auto","background-attachment":"scroll","background-type":"","background-media":"","overlay-type":"","overlay-color":"","overlay-opacity":"","overlay-gradient":""},"tablet":{"background-color":"","background-image":"","background-repeat":"repeat","background-position":"center center","background-size":"auto","background-attachment":"scroll","background-type":"","background-media":"","overlay-type":"","overlay-color":"","overlay-opacity":"","overlay-gradient":""},"mobile":{"background-color":"","background-image":"","background-repeat":"repeat","background-position":"center center","background-size":"auto","background-attachment":"scroll","background-type":"","background-media":"","overlay-type":"","overlay-color":"","overlay-opacity":"","overlay-gradient":""}},"ast-content-background-meta":{"desktop":{"background-color":"var(--ast-global-color-5)","background-image":"","background-repeat":"repeat","background-position":"center center","background-size":"auto","background-attachment":"scroll","background-type":"","background-media":"","overlay-type":"","overlay-color":"","overlay-opacity":"","overlay-gradient":""},"tablet":{"background-color":"var(--ast-global-color-5)","background-image":"","background-repeat":"repeat","background-position":"center center","background-size":"auto","background-attachment":"scroll","background-type":"","background-media":"","overlay-type":"","overlay-color":"","overlay-opacity":"","overlay-gradient":""},"mobile":{"background-color":"var(--ast-global-color-5)","background-image":"","background-repeat":"repeat","background-position":"center center","background-size":"auto","background-attachment":"scroll","background-type":"","background-media":"","overlay-type":"","overlay-color":"","overlay-opacity":"","overlay-gradient":""}},"footnotes":""},"class_list":["post-20152","page","type-page","status-publish","has-post-thumbnail","hentry"],"acf":[],"featured_image_src":"https:\/\/szkoladoktorska.pk.edu.pl\/wp-content\/uploads\/2024\/03\/niebieskie-tlo-symbol.png","uagb_featured_image_src":{"full":["https:\/\/szkoladoktorska.pk.edu.pl\/wp-content\/uploads\/2024\/03\/niebieskie-tlo-symbol.png",1200,675,false],"thumbnail":["https:\/\/szkoladoktorska.pk.edu.pl\/wp-content\/uploads\/2024\/03\/niebieskie-tlo-symbol-150x150.png",150,150,true],"medium":["https:\/\/szkoladoktorska.pk.edu.pl\/wp-content\/uploads\/2024\/03\/niebieskie-tlo-symbol-300x169.png",300,169,true],"medium_large":["https:\/\/szkoladoktorska.pk.edu.pl\/wp-content\/uploads\/2024\/03\/niebieskie-tlo-symbol-768x432.png",768,432,true],"large":["https:\/\/szkoladoktorska.pk.edu.pl\/wp-content\/uploads\/2024\/03\/niebieskie-tlo-symbol-1024x576.png",1024,576,true],"1536x1536":["https:\/\/szkoladoktorska.pk.edu.pl\/wp-content\/uploads\/2024\/03\/niebieskie-tlo-symbol.png",1200,675,false],"2048x2048":["https:\/\/szkoladoktorska.pk.edu.pl\/wp-content\/uploads\/2024\/03\/niebieskie-tlo-symbol.png",1200,675,false]},"uagb_author_info":{"display_name":"dkluczynski","author_link":"https:\/\/szkoladoktorska.pk.edu.pl\/en\/author\/dkluczynski\/"},"uagb_comment_info":0,"uagb_excerpt":"Legal basis Loan application The loan may be applied for by candidates for the doctoral [&hellip;]","_links":{"self":[{"href":"https:\/\/szkoladoktorska.pk.edu.pl\/en\/wp-json\/wp\/v2\/pages\/20152","targetHints":{"allow":["GET"]}}],"collection":[{"href":"https:\/\/szkoladoktorska.pk.edu.pl\/en\/wp-json\/wp\/v2\/pages"}],"about":[{"href":"https:\/\/szkoladoktorska.pk.edu.pl\/en\/wp-json\/wp\/v2\/types\/page"}],"author":[{"embeddable":true,"href":"https:\/\/szkoladoktorska.pk.edu.pl\/en\/wp-json\/wp\/v2\/users\/913"}],"replies":[{"embeddable":true,"href":"https:\/\/szkoladoktorska.pk.edu.pl\/en\/wp-json\/wp\/v2\/comments?post=20152"}],"version-history":[{"count":0,"href":"https:\/\/szkoladoktorska.pk.edu.pl\/en\/wp-json\/wp\/v2\/pages\/20152\/revisions"}],"up":[{"embeddable":true,"href":"https:\/\/szkoladoktorska.pk.edu.pl\/en\/wp-json\/wp\/v2\/pages\/20077"}],"wp:featuredmedia":[{"embeddable":true,"href":"https:\/\/szkoladoktorska.pk.edu.pl\/en\/wp-json\/wp\/v2\/media\/22717"}],"wp:attachment":[{"href":"https:\/\/szkoladoktorska.pk.edu.pl\/en\/wp-json\/wp\/v2\/media?parent=20152"}],"curies":[{"name":"wp","href":"https:\/\/api.w.org\/{rel}","templated":true}]}}