{"id":17995,"date":"2023-08-28T14:02:52","date_gmt":"2023-08-28T12:02:52","guid":{"rendered":"https:\/\/szkoladoktorska.pk.edu.pl\/?page_id=17995"},"modified":"2025-03-05T14:02:31","modified_gmt":"2025-03-05T13:02:31","slug":"education","status":"publish","type":"page","link":"https:\/\/szkoladoktorska.pk.edu.pl\/en\/education\/","title":{"rendered":"Education"},"content":{"rendered":"\n<p>There are 8 disciplines at the CUT Doctoral School, with their respective representatives:<\/p>\n\n\n\n<p><a href=\"https:\/\/szkoladoktorska.pk.edu.pl\/en\/architecture-and-urban-planning\/\" data-type=\"link\" data-id=\"https:\/\/szkoladoktorska.pk.edu.pl\/en\/architecture-and-urban-planning\/\"><strong>Architecture and Urban Planning<\/strong>\u00a0<\/a>&#8211; Maciej Motak, doctor habilitatus in Arch., professor<br><strong><a href=\"https:\/\/szkoladoktorska.pk.edu.pl\/en\/automation-electronics\/\" data-type=\"link\" data-id=\"https:\/\/szkoladoktorska.pk.edu.pl\/en\/automation-electronics\/\">Automation, Electronics, Electrical Engineering and Space Technologies<\/a><\/strong>\u00a0&#8211; Andrzej Szromba, doctor habilitatus, prof. of CUT<br><strong><a href=\"https:\/\/szkoladoktorska.pk.edu.pl\/en\/information-and-communication-technology\/\">Information and Communication Technology<\/a><\/strong>\u00a0&#8211; Micha\u0142 Bereta, doctor habilitatus, prof. of CUT<br><strong><a href=\"https:\/\/szkoladoktorska.pk.edu.pl\/en\/chemical-engineering\/\" data-type=\"link\" data-id=\"https:\/\/szkoladoktorska.pk.edu.pl\/en\/chemical-engineering\/\">Chemical Engineering<\/a><\/strong>\u00a0&#8211; Maria Kura\u0144ska, doctor habilitatus, prof. of CUT<br><strong><a href=\"https:\/\/szkoladoktorska.pk.edu.pl\/en\/civil-engineering-geodesy-and-transport\/\" data-type=\"link\" data-id=\"https:\/\/szkoladoktorska.pk.edu.pl\/en\/civil-engineering-geodesy-and-transport\/\">Civil Engineering, Geodesy and Transport<\/a><\/strong>\u00a0&#8211; Dorota Jasi\u0144ska, doctor habilitatus, prof. of CUT<br><a href=\"https:\/\/szkoladoktorska.pk.edu.pl\/en\/materials-engineering\/\" data-type=\"link\" data-id=\"https:\/\/szkoladoktorska.pk.edu.pl\/en\/materials-engineering\/\"><strong>Materials Engineering<\/strong>\u00a0<\/a>&#8211; Bo\u017cena Tyliszczak, doctor habilitatus, prof. of CUT<br><strong><a href=\"https:\/\/szkoladoktorska.pk.edu.pl\/en\/mechanical-engineering\/\" data-type=\"link\" data-id=\"https:\/\/szkoladoktorska.pk.edu.pl\/en\/mechanical-engineering\/\">Mechanical Engineering<\/a><\/strong>\u00a0&#8211; Aneta Liber-Kne\u0107, doctor habilitatus, prof. of CUT<br><strong><a href=\"https:\/\/szkoladoktorska.pk.edu.pl\/en\/environmental-engineering-mining-and-energy\/\" data-type=\"link\" data-id=\"https:\/\/szkoladoktorska.pk.edu.pl\/en\/environmental-engineering-mining-and-energy\/\">Environmental Engineering, Mining and Energy<\/a><\/strong>\u00a0&#8211; Pawe\u0142 Oc\u0142o\u0144, professor<\/p>\n\n\n","protected":false},"excerpt":{"rendered":"<p>There are 8 disciplines at the CUT Doctoral School, with their respective representatives: Architecture and [&hellip;]<\/p>\n","protected":false},"author":913,"featured_media":22717,"parent":0,"menu_order":0,"comment_status":"closed","ping_status":"closed","template":"","meta":{"_acf_changed":false,"inline_featured_image":false,"_uag_custom_page_level_css":"","site-sidebar-layout":"default","site-content-layout":"","ast-site-content-layout":"default","site-content-style":"default","site-sidebar-style":"default","ast-global-header-display":"","ast-banner-title-visibility":"","ast-main-header-display":"","ast-hfb-above-header-display":"","ast-hfb-below-header-display":"","ast-hfb-mobile-header-display":"","site-post-title":"","ast-breadcrumbs-content":"","ast-featured-img":"","footer-sml-layout":"","ast-disable-related-posts":"","theme-transparent-header-meta":"","adv-header-id-meta":"","stick-header-meta":"","header-above-stick-meta":"","header-main-stick-meta":"","header-below-stick-meta":"","astra-migrate-meta-layouts":"set","ast-page-background-enabled":"default","ast-page-background-meta":{"desktop":{"background-color":"var(--ast-global-color-4)","background-image":"","background-repeat":"repeat","background-position":"center center","background-size":"auto","background-attachment":"scroll","background-type":"","background-media":"","overlay-type":"","overlay-color":"","overlay-opacity":"","overlay-gradient":""},"tablet":{"background-color":"","background-image":"","background-repeat":"repeat","background-position":"center center","background-size":"auto","background-attachment":"scroll","background-type":"","background-media":"","overlay-type":"","overlay-color":"","overlay-opacity":"","overlay-gradient":""},"mobile":{"background-color":"","background-image":"","background-repeat":"repeat","background-position":"center center","background-size":"auto","background-attachment":"scroll","background-type":"","background-media":"","overlay-type":"","overlay-color":"","overlay-opacity":"","overlay-gradient":""}},"ast-content-background-meta":{"desktop":{"background-color":"var(--ast-global-color-5)","background-image":"","background-repeat":"repeat","background-position":"center center","background-size":"auto","background-attachment":"scroll","background-type":"","background-media":"","overlay-type":"","overlay-color":"","overlay-opacity":"","overlay-gradient":""},"tablet":{"background-color":"var(--ast-global-color-5)","background-image":"","background-repeat":"repeat","background-position":"center center","background-size":"auto","background-attachment":"scroll","background-type":"","background-media":"","overlay-type":"","overlay-color":"","overlay-opacity":"","overlay-gradient":""},"mobile":{"background-color":"var(--ast-global-color-5)","background-image":"","background-repeat":"repeat","background-position":"center center","background-size":"auto","background-attachment":"scroll","background-type":"","background-media":"","overlay-type":"","overlay-color":"","overlay-opacity":"","overlay-gradient":""}},"footnotes":""},"class_list":["post-17995","page","type-page","status-publish","has-post-thumbnail","hentry"],"acf":[],"featured_image_src":"https:\/\/szkoladoktorska.pk.edu.pl\/wp-content\/uploads\/2024\/03\/niebieskie-tlo-symbol.png","uagb_featured_image_src":{"full":["https:\/\/szkoladoktorska.pk.edu.pl\/wp-content\/uploads\/2024\/03\/niebieskie-tlo-symbol.png",1200,675,false],"thumbnail":["https:\/\/szkoladoktorska.pk.edu.pl\/wp-content\/uploads\/2024\/03\/niebieskie-tlo-symbol-150x150.png",150,150,true],"medium":["https:\/\/szkoladoktorska.pk.edu.pl\/wp-content\/uploads\/2024\/03\/niebieskie-tlo-symbol-300x169.png",300,169,true],"medium_large":["https:\/\/szkoladoktorska.pk.edu.pl\/wp-content\/uploads\/2024\/03\/niebieskie-tlo-symbol-768x432.png",768,432,true],"large":["https:\/\/szkoladoktorska.pk.edu.pl\/wp-content\/uploads\/2024\/03\/niebieskie-tlo-symbol-1024x576.png",1024,576,true],"1536x1536":["https:\/\/szkoladoktorska.pk.edu.pl\/wp-content\/uploads\/2024\/03\/niebieskie-tlo-symbol.png",1200,675,false],"2048x2048":["https:\/\/szkoladoktorska.pk.edu.pl\/wp-content\/uploads\/2024\/03\/niebieskie-tlo-symbol.png",1200,675,false]},"uagb_author_info":{"display_name":"dkluczynski","author_link":"https:\/\/szkoladoktorska.pk.edu.pl\/en\/author\/dkluczynski\/"},"uagb_comment_info":0,"uagb_excerpt":"There are 8 disciplines at the CUT Doctoral School, with their respective representatives: Architecture and [&hellip;]","_links":{"self":[{"href":"https:\/\/szkoladoktorska.pk.edu.pl\/en\/wp-json\/wp\/v2\/pages\/17995","targetHints":{"allow":["GET"]}}],"collection":[{"href":"https:\/\/szkoladoktorska.pk.edu.pl\/en\/wp-json\/wp\/v2\/pages"}],"about":[{"href":"https:\/\/szkoladoktorska.pk.edu.pl\/en\/wp-json\/wp\/v2\/types\/page"}],"author":[{"embeddable":true,"href":"https:\/\/szkoladoktorska.pk.edu.pl\/en\/wp-json\/wp\/v2\/users\/913"}],"replies":[{"embeddable":true,"href":"https:\/\/szkoladoktorska.pk.edu.pl\/en\/wp-json\/wp\/v2\/comments?post=17995"}],"version-history":[{"count":0,"href":"https:\/\/szkoladoktorska.pk.edu.pl\/en\/wp-json\/wp\/v2\/pages\/17995\/revisions"}],"wp:featuredmedia":[{"embeddable":true,"href":"https:\/\/szkoladoktorska.pk.edu.pl\/en\/wp-json\/wp\/v2\/media\/22717"}],"wp:attachment":[{"href":"https:\/\/szkoladoktorska.pk.edu.pl\/en\/wp-json\/wp\/v2\/media?parent=17995"}],"curies":[{"name":"wp","href":"https:\/\/api.w.org\/{rel}","templated":true}]}}