{"id":16763,"date":"2023-08-28T13:53:44","date_gmt":"2023-08-28T11:53:44","guid":{"rendered":"https:\/\/szkoladoktorska.pk.edu.pl\/struktura-organizacyjna\/"},"modified":"2026-02-03T11:23:42","modified_gmt":"2026-02-03T10:23:42","slug":"struktura-organizacyjna","status":"publish","type":"page","link":"https:\/\/szkoladoktorska.pk.edu.pl\/en\/struktura-organizacyjna\/","title":{"rendered":"Organisational Structure of the CUT Doctoral School"},"content":{"rendered":"\n<p><strong><strong>Vice-Rector for Science<\/strong><\/strong><br>Magdalena Niemczewska-W\u00f3jcik, doctor habilitatus, prof. of CUT<\/p>\n\n\n\n<p><strong>Director of the CUT Doctoral School<\/strong><br>Ma\u0142gorzata Cimochowicz-Rybicka, doctor habilitatus, prof. of CUT<\/p>\n\n\n\n<p><strong>Deputy Director of the CUT Doctoral School<\/strong><br>Agnieszka Le\u015bniak, doctor habilitatus, prof. of CUT<\/p>\n\n\n\n<p><strong>Doctoral School Council<\/strong><\/p>\n\n\n\n<p>Ma\u0142gorzata Cimochowicz-Rybicka, doctor habilitatus, prof. of CUT \u2013 President<br>Agnieszka Le\u015bniak, doctor habilitatus, prof. of CUT \u2013 Deputy<\/p>\n\n\n\n<p>Maciej Motak, professor<br>Pawe\u0142 Oc\u0142o\u0144, professor<br>Micha\u0142 Bereta, doctor habilitatus, prof. of CUT<br>Dorota Jasi\u0144ska, doctor habilitatus, prof. of CUT<br>Maria Kura\u0144ska, doctor habilitatus, prof. of CUT<br>Bo\u017cena Tyliszczak, doctor habilitatus, prof. of CUT<br>Aneta Liber-Kne\u0107, doctor habilitatus, prof. of CUT<br>Andrzej Szromba, doctor habilitatus, prof. of CUT<\/p>\n\n\n\n<p><br>Katarzyna Starzak, MSc \u2013 Representative of doctoral students\u2019 self-government<br>Maciej Czub, MSc \u2013 Representative of doctoral students\u2019 self-government<\/p>\n\n\n\n<p><strong>Doctoral School Administration<\/strong><br>Magdalena Borys, MSc (administration, Syllabus)<br>Anna Gajda, MSc (administration, Syllabus)<br>Joanna \u015aliwi\u0144ska, MSc (administration, Promotion)<br>Justyna \u015awiderska-Loda, MSc (financial matters)<\/p>\n","protected":false},"excerpt":{"rendered":"<p>Vice-Rector for ScienceMagdalena Niemczewska-W\u00f3jcik, doctor habilitatus, prof. of CUT Director of the CUT Doctoral SchoolMa\u0142gorzata [&hellip;]<\/p>\n","protected":false},"author":913,"featured_media":10487,"parent":0,"menu_order":0,"comment_status":"closed","ping_status":"closed","template":"","meta":{"_acf_changed":false,"inline_featured_image":false,"_uag_custom_page_level_css":"","site-sidebar-layout":"default","site-content-layout":"","ast-site-content-layout":"default","site-content-style":"default","site-sidebar-style":"default","ast-global-header-display":"","ast-banner-title-visibility":"","ast-main-header-display":"","ast-hfb-above-header-display":"","ast-hfb-below-header-display":"","ast-hfb-mobile-header-display":"","site-post-title":"","ast-breadcrumbs-content":"","ast-featured-img":"","footer-sml-layout":"","ast-disable-related-posts":"","theme-transparent-header-meta":"","adv-header-id-meta":"","stick-header-meta":"","header-above-stick-meta":"","header-main-stick-meta":"","header-below-stick-meta":"","astra-migrate-meta-layouts":"set","ast-page-background-enabled":"default","ast-page-background-meta":{"desktop":{"background-color":"var(--ast-global-color-4)","background-image":"","background-repeat":"repeat","background-position":"center center","background-size":"auto","background-attachment":"scroll","background-type":"","background-media":"","overlay-type":"","overlay-color":"","overlay-opacity":"","overlay-gradient":""},"tablet":{"background-color":"","background-image":"","background-repeat":"repeat","background-position":"center center","background-size":"auto","background-attachment":"scroll","background-type":"","background-media":"","overlay-type":"","overlay-color":"","overlay-opacity":"","overlay-gradient":""},"mobile":{"background-color":"","background-image":"","background-repeat":"repeat","background-position":"center center","background-size":"auto","background-attachment":"scroll","background-type":"","background-media":"","overlay-type":"","overlay-color":"","overlay-opacity":"","overlay-gradient":""}},"ast-content-background-meta":{"desktop":{"background-color":"var(--ast-global-color-5)","background-image":"","background-repeat":"repeat","background-position":"center center","background-size":"auto","background-attachment":"scroll","background-type":"","background-media":"","overlay-type":"","overlay-color":"","overlay-opacity":"","overlay-gradient":""},"tablet":{"background-color":"var(--ast-global-color-5)","background-image":"","background-repeat":"repeat","background-position":"center center","background-size":"auto","background-attachment":"scroll","background-type":"","background-media":"","overlay-type":"","overlay-color":"","overlay-opacity":"","overlay-gradient":""},"mobile":{"background-color":"var(--ast-global-color-5)","background-image":"","background-repeat":"repeat","background-position":"center center","background-size":"auto","background-attachment":"scroll","background-type":"","background-media":"","overlay-type":"","overlay-color":"","overlay-opacity":"","overlay-gradient":""}},"footnotes":""},"class_list":["post-16763","page","type-page","status-publish","has-post-thumbnail","hentry"],"acf":[],"featured_image_src":"https:\/\/szkoladoktorska.pk.edu.pl\/wp-content\/uploads\/2023\/07\/pkrk-default-post-image.jpg","uagb_featured_image_src":{"full":["https:\/\/szkoladoktorska.pk.edu.pl\/wp-content\/uploads\/2023\/07\/pkrk-default-post-image.jpg",426,426,false],"thumbnail":["https:\/\/szkoladoktorska.pk.edu.pl\/wp-content\/uploads\/2023\/07\/pkrk-default-post-image-150x150.jpg",150,150,true],"medium":["https:\/\/szkoladoktorska.pk.edu.pl\/wp-content\/uploads\/2023\/07\/pkrk-default-post-image-300x300.jpg",300,300,true],"medium_large":["https:\/\/szkoladoktorska.pk.edu.pl\/wp-content\/uploads\/2023\/07\/pkrk-default-post-image.jpg",426,426,false],"large":["https:\/\/szkoladoktorska.pk.edu.pl\/wp-content\/uploads\/2023\/07\/pkrk-default-post-image.jpg",426,426,false],"1536x1536":["https:\/\/szkoladoktorska.pk.edu.pl\/wp-content\/uploads\/2023\/07\/pkrk-default-post-image.jpg",426,426,false],"2048x2048":["https:\/\/szkoladoktorska.pk.edu.pl\/wp-content\/uploads\/2023\/07\/pkrk-default-post-image.jpg",426,426,false]},"uagb_author_info":{"display_name":"dkluczynski","author_link":"https:\/\/szkoladoktorska.pk.edu.pl\/en\/author\/dkluczynski\/"},"uagb_comment_info":0,"uagb_excerpt":"Vice-Rector for ScienceMagdalena Niemczewska-W\u00f3jcik, doctor habilitatus, prof. of CUT Director of the CUT Doctoral SchoolMa\u0142gorzata [&hellip;]","_links":{"self":[{"href":"https:\/\/szkoladoktorska.pk.edu.pl\/en\/wp-json\/wp\/v2\/pages\/16763","targetHints":{"allow":["GET"]}}],"collection":[{"href":"https:\/\/szkoladoktorska.pk.edu.pl\/en\/wp-json\/wp\/v2\/pages"}],"about":[{"href":"https:\/\/szkoladoktorska.pk.edu.pl\/en\/wp-json\/wp\/v2\/types\/page"}],"author":[{"embeddable":true,"href":"https:\/\/szkoladoktorska.pk.edu.pl\/en\/wp-json\/wp\/v2\/users\/913"}],"replies":[{"embeddable":true,"href":"https:\/\/szkoladoktorska.pk.edu.pl\/en\/wp-json\/wp\/v2\/comments?post=16763"}],"version-history":[{"count":1,"href":"https:\/\/szkoladoktorska.pk.edu.pl\/en\/wp-json\/wp\/v2\/pages\/16763\/revisions"}],"predecessor-version":[{"id":33343,"href":"https:\/\/szkoladoktorska.pk.edu.pl\/en\/wp-json\/wp\/v2\/pages\/16763\/revisions\/33343"}],"wp:featuredmedia":[{"embeddable":true,"href":"https:\/\/szkoladoktorska.pk.edu.pl\/en\/wp-json\/wp\/v2\/media\/10487"}],"wp:attachment":[{"href":"https:\/\/szkoladoktorska.pk.edu.pl\/en\/wp-json\/wp\/v2\/media?parent=16763"}],"curies":[{"name":"wp","href":"https:\/\/api.w.org\/{rel}","templated":true}]}}